{"id":15304,"date":"2019-09-05T14:22:55","date_gmt":"2019-09-05T11:22:55","guid":{"rendered":"http:\/\/www.padaste.ee\/?page_id=15304"},"modified":"2025-08-23T09:40:16","modified_gmt":"2025-08-23T09:40:16","slug":"juniper-club","status":"publish","type":"page","link":"https:\/\/xn--pdaste-bua.eu\/et\/juniper-club\/","title":{"rendered":"Juniper Club"},"content":{"rendered":"<p>&nbsp;<\/p>\n<p>&nbsp;<\/p>\n<p style=\"text-align: center;\"><span style=\"font-size: 24px;\"><span style=\"color: #c6a76a;\">Tere tulemast<\/span><strong><span style=\"color: #c6a76a;\"> Juniper Club<\/span><\/strong><span style=\"color: #c6a76a;\">&#8216;i<\/span><strong><span style=\"color: #c6a76a;\">!<\/span><\/strong><\/span><\/p>\n<p>&nbsp;<\/p>\n<p style=\"text-align: center;\"><span style=\"font-size: 24px;\"><span style=\"color: #c6a76a;\">&nbsp;P\u00f5hjamaine&nbsp;loodus, nooruslik vaim<\/span><\/span><\/p>\n<p>&nbsp;<\/p>\n<p><a href=\"http:\/\/www.padaste.ee\/wp-content\/uploads\/2021\/12\/269599113_658647832244763_5965804626396942892_n.jpg\"><img loading=\"lazy\" class=\"aligncenter wp-image-17770 size-large\" src=\"http:\/\/www.padaste.ee\/wp-content\/uploads\/2021\/12\/269599113_658647832244763_5965804626396942892_n-1024x1024.jpg\" alt=\"\" width=\"1024\" height=\"1024\" srcset=\"https:\/\/xn--pdaste-bua.eu\/wp-content\/uploads\/2021\/12\/269599113_658647832244763_5965804626396942892_n-1024x1024.jpg 1024w, https:\/\/xn--pdaste-bua.eu\/wp-content\/uploads\/2021\/12\/269599113_658647832244763_5965804626396942892_n-300x300.jpg 300w, https:\/\/xn--pdaste-bua.eu\/wp-content\/uploads\/2021\/12\/269599113_658647832244763_5965804626396942892_n-150x150.jpg 150w, https:\/\/xn--pdaste-bua.eu\/wp-content\/uploads\/2021\/12\/269599113_658647832244763_5965804626396942892_n-768x768.jpg 768w, https:\/\/xn--pdaste-bua.eu\/wp-content\/uploads\/2021\/12\/269599113_658647832244763_5965804626396942892_n-1536x1536.jpg 1536w, https:\/\/xn--pdaste-bua.eu\/wp-content\/uploads\/2021\/12\/269599113_658647832244763_5965804626396942892_n.jpg 2048w, https:\/\/xn--pdaste-bua.eu\/wp-content\/uploads\/2021\/12\/269599113_658647832244763_5965804626396942892_n-24x24.jpg 24w, https:\/\/xn--pdaste-bua.eu\/wp-content\/uploads\/2021\/12\/269599113_658647832244763_5965804626396942892_n-36x36.jpg 36w, https:\/\/xn--pdaste-bua.eu\/wp-content\/uploads\/2021\/12\/269599113_658647832244763_5965804626396942892_n-48x48.jpg 48w\" sizes=\"(max-width: 1024px) 100vw, 1024px\" \/><\/a><\/p>\n<p>&nbsp;<\/p>\n<p class=\"x_p1\" style=\"text-align: justify;\" data-olk-copy-source=\"MessageBody\"><span style=\"font-size: 16px;\">Inspiratsiooni saanud Muhu saare p\u00e4rimustaimedest, t\u00e4histab&nbsp;<span class=\"x_s1\"><b>Juniper Club<\/b><\/span>&nbsp;uut peat\u00fckki P\u00e4daste M\u00f5isa loos. Nagu kadakas, mis kasvab vapralt P\u00f5hjala maastikul ning s\u00fcmboliseerib kaitset, selgust ja eluj\u00f5udu, kannab see klubi endas nooruse elavat vaimu.<\/span><\/p>\n<p data-olk-copy-source=\"MessageBody\">&nbsp;<\/p>\n<p class=\"x_p1\" style=\"text-align: justify;\"><span style=\"font-size: 16px;\"><span class=\"x_s1\"><b>Juniper Club<\/b><\/span>&nbsp;kutsub esile rahu ja enesekindlust, erilisust ja ehtsust. See on minimalistlik, loodusest inspireeritud ja s\u00fcgavalt kohalik \u2013 just nagu sina.<\/span><\/p>\n<p>&nbsp;<\/p>\n<p class=\"x_p3\" style=\"text-align: justify;\"><span style=\"font-size: 22px; color: #ea2135;\"><b>Eksklusiivsed eelised 18\u201327-aastastele k\u00fclalistele<\/b><\/span><\/p>\n<p>&nbsp;<\/p>\n<p class=\"x_p1\" style=\"text-align: justify;\"><span style=\"font-size: 16px;\">Varem tuntud kui Millennial Club, on&nbsp;<span class=\"x_s1\"><b>Juniper Club<\/b><\/span>&nbsp;n\u00fc\u00fcd sinu uks erakordsetesse kogemustesse P\u00e4daste M\u00f5isas.<\/span><\/p>\n<p class=\"x_p1\" style=\"text-align: justify;\"><span style=\"font-size: 16px;\">M\u00f5eldud 18\u201327-aastastele noortele t\u00e4iskasvanutele, pakub&nbsp;<span class=\"x_s1\"><b>Juniper Club<\/b><\/span>&nbsp;erisoodustusi, mis muudavad sinu k\u00fclastuse erakordseks ja meeldivalt taskukohaseks.<\/span><\/p>\n<p>&nbsp;<\/p>\n<p class=\"x_p1\" style=\"text-align: justify;\"><span style=\"font-size: 16px;\"><span class=\"x_s1\"><b>Juniper Club<\/b><\/span>\u2019i liikmena saad nautida&nbsp;<span class=\"x_s1\"><b>50% soodustust k\u00f5igilt kulutustelt<\/b><\/span>&nbsp;oma viibimise ajal P\u00e4daste M\u00f5isas, spetsiaalselt<span style=\"color: #966b44;\"> <a style=\"color: #966b44;\" href=\"https:\/\/padaste.ee\/et\/juniper-club\/juniper-club-nadalavahetused\/\" target=\"_blank\" rel=\"noopener\">valitud n\u00e4dalatel<\/a> <\/span>igal hooajal.<\/span><\/p>\n<p>&nbsp;<\/p>\n<p class=\"x_p1\" style=\"text-align: justify;\"><span style=\"font-size: 16px;\"><span class=\"x_s1\"><b>Miks?<\/b><\/span>&nbsp;Sest me usume, et <strong>noorust tuleks tervitada v\u00f5imalustega<\/strong>.<\/span><\/p>\n<p class=\"x_p1\" style=\"text-align: justify;\"><span style=\"font-size: 16px;\">Nooruses on sul energiat ja uudishimu, aga sageli piiratum eelarve. Hilisemas elus on ehk rohkem vahendeid, kuid v\u00e4hem aega. P\u00e4dastes ehitame silla nende kahe vahele \u2013&nbsp;<span class=\"x_s1\"><b>Juniper Club<\/b><\/span>\u2019i kaudu.<\/span><\/p>\n<p>&nbsp;<\/p>\n<p class=\"x_p1\" style=\"text-align: justify;\"><span style=\"font-size: 16px;\">Me tahame, et sa kogeksid ise, miks nii paljud k\u00fclalised ikka ja j\u00e4lle tagasi tulevad. Avasta see rahu, see maitse, see lihtne ja t\u00f5eline luksus.<\/span><\/p>\n<p class=\"x_p1\" style=\"text-align: justify;\"><span style=\"font-size: 16px;\">Olgu see algus eluaegsele sidemele.<\/span><\/p>\n<p>&nbsp;<\/p>\n<p class=\"x_p1\" style=\"text-align: justify;\"><span style=\"font-size: 16px;\">Liitumiseks <a href=\"https:\/\/signup.e2ma.net\/signup\/1904971\/7816\/\" target=\"_blank\" rel=\"noopener\"><span style=\"color: #966b44;\">t\u00e4ida ankeet<\/span><\/a> ning meie k\u00fclalissuhete juht v\u00f5tab sinuga \u00fchendust, et liikmelisus l\u00f5pule viia.<\/span><\/p>\n<p>&nbsp;<\/p>\n<p><img loading=\"lazy\" class=\"size-full wp-image-15445 aligncenter\" src=\"http:\/\/www.padaste.ee\/wp-content\/uploads\/2019\/09\/logo111-1.jpg\" alt=\"\" width=\"202\" height=\"103\" srcset=\"https:\/\/xn--pdaste-bua.eu\/wp-content\/uploads\/2019\/09\/logo111-1.jpg 202w, https:\/\/xn--pdaste-bua.eu\/wp-content\/uploads\/2019\/09\/logo111-1-24x12.jpg 24w, https:\/\/xn--pdaste-bua.eu\/wp-content\/uploads\/2019\/09\/logo111-1-36x18.jpg 36w, https:\/\/xn--pdaste-bua.eu\/wp-content\/uploads\/2019\/09\/logo111-1-48x24.jpg 48w\" sizes=\"(max-width: 202px) 100vw, 202px\" \/><\/p>\n<p style=\"text-align: center;\">&nbsp;<\/p>\n<p class=\"\" style=\"text-align: center;\" data-start=\"67\" data-end=\"213\"><strong data-start=\"67\" data-end=\"113\">Juniper Clubi liikmeks kvalifitseerumiseks<\/strong> peab noor olema oma visiidi ajal vanuses 18\u201327 ning olema broneeringu peamine tegija ja maksja.<\/p>\n<p data-start=\"67\" data-end=\"213\">&nbsp;<\/p>\n<p class=\"\" style=\"text-align: center;\" data-start=\"215\" data-end=\"280\">Pakkumine kehtib ka \u00fchele kaaslasele, kes jagab teiega sama tuba.<\/p>\n<p data-start=\"215\" data-end=\"280\">&nbsp;<\/p>\n<p class=\"\" style=\"text-align: center;\" data-start=\"282\" data-end=\"487\">K\u00f5ik h\u00fcved kehtivad teenustele, mis on broneeritud otse meie kaudu ja p\u00f5hinevad parimal saadaoleval hinnal <em>(v.a eripakkumised, paketid, pulmad, konverentsid ja kolmandate osapoolte kaudu tehtud broneeringud)<\/em>.<\/p>\n<p data-start=\"282\" data-end=\"487\">&nbsp;<\/p>\n<p class=\"\" style=\"text-align: center;\" data-start=\"489\" data-end=\"560\">Liikmelisus kehtib kuni teie 28. s\u00fcnnip\u00e4evani ning s\u00f5ltub saadavusest.<\/p>\n<p>&nbsp;<\/p>\n<p><a href=\"http:\/\/padaste.ee\/wp-content\/uploads\/2025\/08\/jalus-kodulehe-lehtedele-2.jpg\"><img loading=\"lazy\" class=\"alignnone wp-image-24938 size-full\" src=\"http:\/\/padaste.ee\/wp-content\/uploads\/2025\/08\/jalus-kodulehe-lehtedele-2.jpg\" alt=\"\" width=\"964\" height=\"197\" srcset=\"https:\/\/xn--pdaste-bua.eu\/wp-content\/uploads\/2025\/08\/jalus-kodulehe-lehtedele-2.jpg 964w, https:\/\/xn--pdaste-bua.eu\/wp-content\/uploads\/2025\/08\/jalus-kodulehe-lehtedele-2-300x61.jpg 300w, https:\/\/xn--pdaste-bua.eu\/wp-content\/uploads\/2025\/08\/jalus-kodulehe-lehtedele-2-768x157.jpg 768w, https:\/\/xn--pdaste-bua.eu\/wp-content\/uploads\/2025\/08\/jalus-kodulehe-lehtedele-2-24x5.jpg 24w, https:\/\/xn--pdaste-bua.eu\/wp-content\/uploads\/2025\/08\/jalus-kodulehe-lehtedele-2-36x7.jpg 36w, https:\/\/xn--pdaste-bua.eu\/wp-content\/uploads\/2025\/08\/jalus-kodulehe-lehtedele-2-48x10.jpg 48w\" sizes=\"(max-width: 964px) 100vw, 964px\" \/><\/a><\/p>\n<hr \/>\n<p style=\"text-align: center;\"><span style=\"color: #ea2134; font-size: 14px;\"><strong>P\u00c4DASTE MANOR \u2013 A SMALL LUXURY RETREAT &amp; SPA<\/strong> <\/span><br \/>\n<span style=\"font-size: 14px;\">P\u00e4daste M\u00f5is, Muhu Island, 94716 ESTONIA<br \/>\nT: +372 45 48 800 F: +372 45 48 811 <\/span><br \/>\n<span style=\"font-size: 14px; color: #966b44;\"><a class=\"padaste-club-link\" style=\"color: #966b44;\" href=\"http:\/\/www.padaste.ee\/et\">www.padaste.ee<\/a> &nbsp;&nbsp;<a class=\"padaste-club-link\" style=\"color: #966b44;\" href=\"mailto:info@padaste.ee\">info@padaste.ee<\/a><\/span><\/p>\n","protected":false},"excerpt":{"rendered":"<p>\u00dchinege Millennial Club-ga P\u00e4daste M\u00f5isas ning saate 50% soodustus igalt kulutatult eurolt kindlatel n\u00e4dalatel hooaja jooksul.<\/p>\n","protected":false},"author":52,"featured_media":15441,"parent":0,"menu_order":160,"comment_status":"closed","ping_status":"closed","template":"other_template2.php","meta":{"ngg_post_thumbnail":0,"_links_to":"","_links_to_target":""},"yoast_head":"<!-- This site is optimized with the Yoast SEO plugin v16.1.1 - https:\/\/yoast.com\/wordpress\/plugins\/seo\/ -->\n<title>Juniper Club -<\/title>\n<meta name=\"description\" content=\"\u00dchinege Millennial Club-ga P\u00e4daste M\u00f5isas ning saate 50% soodustus igalt kulutatult eurolt kindlatel n\u00e4dalatel hooaja jooksul.\" \/>\n<link rel=\"canonical\" href=\"https:\/\/xn--pdaste-bua.eu\/et\/juniper-club\/\" \/>\n<meta property=\"og:locale\" content=\"et_EE\" \/>\n<meta property=\"og:type\" content=\"article\" \/>\n<meta property=\"og:title\" content=\"Juniper Club -\" \/>\n<meta property=\"og:description\" content=\"\u00dchinege Millennial Club-ga P\u00e4daste M\u00f5isas ning saate 50% soodustus igalt kulutatult eurolt kindlatel n\u00e4dalatel hooaja jooksul.\" \/>\n<meta property=\"og:url\" content=\"https:\/\/xn--pdaste-bua.eu\/et\/juniper-club\/\" \/>\n<meta property=\"article:publisher\" content=\"https:\/\/www.facebook.com\/Padastemanor\/\" \/>\n<meta property=\"article:modified_time\" content=\"2025-08-23T09:40:16+00:00\" \/>\n<meta property=\"og:image\" content=\"https:\/\/xn--pdaste-bua.eu\/wp-content\/uploads\/2019\/09\/dscf4763.jpg\" \/>\n\t<meta property=\"og:image:width\" content=\"2000\" \/>\n\t<meta property=\"og:image:height\" content=\"963\" \/>\n<meta name=\"twitter:card\" content=\"summary_large_image\" \/>\n<meta name=\"twitter:label1\" content=\"Est. reading time\">\n\t<meta name=\"twitter:data1\" content=\"2 minutit\">\n<script type=\"application\/ld+json\" class=\"yoast-schema-graph\">{\"@context\":\"https:\/\/schema.org\",\"@graph\":[{\"@type\":\"Organization\",\"@id\":\"https:\/\/xn--pdaste-bua.ee\/et\/#organization\",\"name\":\"P\\u00e4daste M\\u00f5is\",\"url\":\"https:\/\/xn--pdaste-bua.ee\/et\/\",\"sameAs\":[\"https:\/\/www.facebook.com\/Padastemanor\/\"],\"logo\":{\"@type\":\"ImageObject\",\"@id\":\"https:\/\/xn--pdaste-bua.ee\/et\/#logo\",\"inLanguage\":\"et\",\"url\":\"https:\/\/padaste.ee\/wp-content\/uploads\/2018\/12\/padaste_2011.jpg\",\"contentUrl\":\"https:\/\/padaste.ee\/wp-content\/uploads\/2018\/12\/padaste_2011.jpg\",\"width\":154,\"height\":61,\"caption\":\"P\\u00e4daste M\\u00f5is\"},\"image\":{\"@id\":\"https:\/\/xn--pdaste-bua.ee\/et\/#logo\"}},{\"@type\":\"WebSite\",\"@id\":\"https:\/\/xn--pdaste-bua.ee\/et\/#website\",\"url\":\"https:\/\/xn--pdaste-bua.ee\/et\/\",\"name\":\"\",\"description\":\"\",\"publisher\":{\"@id\":\"https:\/\/xn--pdaste-bua.ee\/et\/#organization\"},\"potentialAction\":[{\"@type\":\"SearchAction\",\"target\":\"https:\/\/xn--pdaste-bua.ee\/et\/?s={search_term_string}\",\"query-input\":\"required name=search_term_string\"}],\"inLanguage\":\"et\"},{\"@type\":\"ImageObject\",\"@id\":\"https:\/\/xn--pdaste-bua.eu\/et\/juniper-club\/#primaryimage\",\"inLanguage\":\"et\",\"url\":\"https:\/\/xn--pdaste-bua.eu\/wp-content\/uploads\/2019\/09\/dscf4763.jpg\",\"contentUrl\":\"https:\/\/xn--pdaste-bua.eu\/wp-content\/uploads\/2019\/09\/dscf4763.jpg\",\"width\":2000,\"height\":963},{\"@type\":\"WebPage\",\"@id\":\"https:\/\/xn--pdaste-bua.eu\/et\/juniper-club\/#webpage\",\"url\":\"https:\/\/xn--pdaste-bua.eu\/et\/juniper-club\/\",\"name\":\"Juniper Club -\",\"isPartOf\":{\"@id\":\"https:\/\/xn--pdaste-bua.ee\/et\/#website\"},\"primaryImageOfPage\":{\"@id\":\"https:\/\/xn--pdaste-bua.eu\/et\/juniper-club\/#primaryimage\"},\"datePublished\":\"2019-09-05T11:22:55+00:00\",\"dateModified\":\"2025-08-23T09:40:16+00:00\",\"description\":\"\\u00dchinege Millennial Club-ga P\\u00e4daste M\\u00f5isas ning saate 50% soodustus igalt kulutatult eurolt kindlatel n\\u00e4dalatel hooaja jooksul.\",\"breadcrumb\":{\"@id\":\"https:\/\/xn--pdaste-bua.eu\/et\/juniper-club\/#breadcrumb\"},\"inLanguage\":\"et\",\"potentialAction\":[{\"@type\":\"ReadAction\",\"target\":[\"https:\/\/xn--pdaste-bua.eu\/et\/juniper-club\/\"]}]},{\"@type\":\"BreadcrumbList\",\"@id\":\"https:\/\/xn--pdaste-bua.eu\/et\/juniper-club\/#breadcrumb\",\"itemListElement\":[{\"@type\":\"ListItem\",\"position\":1,\"item\":{\"@type\":\"WebPage\",\"@id\":\"https:\/\/xn--pdaste-bua.ee\/et\/\",\"url\":\"https:\/\/xn--pdaste-bua.ee\/et\/\",\"name\":\"Home\"}},{\"@type\":\"ListItem\",\"position\":2,\"item\":{\"@type\":\"WebPage\",\"@id\":\"https:\/\/xn--pdaste-bua.eu\/et\/juniper-club\/\",\"url\":\"https:\/\/xn--pdaste-bua.eu\/et\/juniper-club\/\",\"name\":\"Juniper Club\"}}]}]}<\/script>\n<!-- \/ Yoast SEO plugin. -->","_links":{"self":[{"href":"https:\/\/xn--pdaste-bua.eu\/et\/wp-json\/wp\/v2\/pages\/15304"}],"collection":[{"href":"https:\/\/xn--pdaste-bua.eu\/et\/wp-json\/wp\/v2\/pages"}],"about":[{"href":"https:\/\/xn--pdaste-bua.eu\/et\/wp-json\/wp\/v2\/types\/page"}],"author":[{"embeddable":true,"href":"https:\/\/xn--pdaste-bua.eu\/et\/wp-json\/wp\/v2\/users\/52"}],"replies":[{"embeddable":true,"href":"https:\/\/xn--pdaste-bua.eu\/et\/wp-json\/wp\/v2\/comments?post=15304"}],"version-history":[{"count":39,"href":"https:\/\/xn--pdaste-bua.eu\/et\/wp-json\/wp\/v2\/pages\/15304\/revisions"}],"predecessor-version":[{"id":24941,"href":"https:\/\/xn--pdaste-bua.eu\/et\/wp-json\/wp\/v2\/pages\/15304\/revisions\/24941"}],"wp:featuredmedia":[{"embeddable":true,"href":"https:\/\/xn--pdaste-bua.eu\/et\/wp-json\/wp\/v2\/media\/15441"}],"wp:attachment":[{"href":"https:\/\/xn--pdaste-bua.eu\/et\/wp-json\/wp\/v2\/media?parent=15304"}],"curies":[{"name":"wp","href":"https:\/\/api.w.org\/{rel}","templated":true}]}}