{"id":20954,"date":"2018-01-04T10:20:52","date_gmt":"2018-01-04T10:20:52","guid":{"rendered":"https:\/\/padaste.ee\/?page_id=20954"},"modified":"2024-09-05T08:48:57","modified_gmt":"2024-09-05T08:48:57","slug":"padaste-suitsusaun","status":"publish","type":"page","link":"https:\/\/xn--pdaste-bua.eu\/et\/spa\/padaste-suitsusaun\/","title":{"rendered":"P\u00e4daste suitsusaun"},"content":{"rendered":"<h2><span style=\"color: #ff6600;\"><strong>Koge modernse P\u00e4daste suitsusauna ajatut traditsiooni 60-70\u00b0C<\/strong><\/span><\/h2>\n<p>&nbsp;<\/p>\n<p>Suitsusauna tseremoonia saunameistriga on meie P\u00e4daste SPA ainulaadne elamus &#8211; signatuurteraapia. Koge sajanditevanust rituaali uues, &nbsp;moodsas Muhu suitsusaunas, p\u00fchapaigas, mis austab Muhu saunatraditsioonide rikkalikku p\u00e4randit. Teekonnal l\u00e4bi ajaloo ja traditsioonide juhendab sind kogenud saunameister, kutsudes sind kaasa \u00fcle aegade s\u00fcgavale ja tervendavale r\u00e4nnakule iseendasse.<\/p>\n<p>&nbsp;<\/p>\n<p>Meie kaasaegne t\u00f5lgendus iidsest suitsusaunast on meeli k\u00f6itev ja innovatiivne. Traditsioonilises stiilis terrassiga Muhu palkmaja pakub maalilist merevaadet Armastuse saarele. Erilised P\u00f5hjala tulikivid kuumutatakse kastkerisega ahjus neli tundi lepapuu leekides, t\u00e4ites ruumi ainulaadse suitsuse h\u00f5nguga. Puhtast p\u00f5hjaveest ja kaselehe leotisest leil \u00e4ratab kividelt t\u00f5ustes ellu looduse elementide s\u00fcmfoonia, kus on \u00fchendatud tuli, vesi, maa ja \u00f5hk.<\/p>\n<p>&nbsp;<\/p>\n<p>Tule kogenud saunameistri juhendamisel vihtlemistseremooniale &#8211; see on rituaal, mis annab tunde \u00f5ndsusest ja s\u00fcgavast puhastumisest. V\u00f5id sukelduda veelgi s\u00fcgavamale iseendasse, kui kuuled \u0161amaanitrummi l\u00f6\u00f6ke ja kellahelinaid ja kordad oma m\u00f5tteis iidseid tervenduss\u00f5nu. Leilide eel ja vahel saad ennast karastada <a href=\"https:\/\/padaste.ee\/et\/spa\/siberi-kulmavee-tors\/\">P\u00f5hjala k\u00fclmaveet\u00f5rres<\/a> v\u00f5i erilise k\u00fclmavee kose all suitsusauna k\u00f5rval.&nbsp;<\/p>\n<p>&nbsp;<\/p>\n<p><strong>P\u00e4daste modernse suitsusauna eelised:<\/strong><\/p>\n<ul>\n<li><strong>S\u00fcgav l\u00f5\u00f5gastus ja stressi leevendamine:<\/strong> P\u00e4daste suitsusaun pakub pehmet, niisket kuumust ja looduslikke aroome, mis aitavad leevendada pingeid ja stressi. Toetavad vaimset tervist ja aitavad leevendada minevikutraumasid.<\/li>\n<li><strong>Paranenud vereringe:<\/strong> Vihtlemine stimuleerib vereringet, parandades toitainete ja hapniku voolu kogu kehas.<\/li>\n<li><strong>Detoksifikatsioon:<\/strong> Higistamine suitsusaunas aitab v\u00e4ljutada toksiine, puhastades nahka ja keha.<\/li>\n<li><strong>Naha tervis:<\/strong> Saun koos kooriva meresoola ja orgaanilise P\u00e4daste m\u00f5isa meega j\u00e4tab naha pehmeks ja s\u00e4ravaks.<\/li>\n<li><strong>Immuuns\u00fcsteemi tugevdamine:<\/strong> Saunatamine vahelduva k\u00fclma vette kastmisega stimuleerib immuuns\u00fcsteemi, muutes keha vastupidavamaks haiguste suhtes.<\/li>\n<\/ul>\n<p>&nbsp;<\/p>\n<p>Luba sellel erilisel kogemusel viia oma keha ja vaim s\u00fcgavasse tervendus-seisundisse. 60\u00b0C \u00f5rn leil ja k\u00fclluslik niiskus pakuvad hoitud ruumi, maagilist keskkonda, kus saab veeta kaks tundi saunameistriga ja seej\u00e4rel veel tund omap\u00e4i kuni viis k\u00fclalist korraga. &nbsp;Saunarituaal on privaatne ja ainult teile kaaslastega. K\u00fclmaveet\u00f5rs on k\u00f5igi SPA k\u00fclaliste \u00fchiskasutuses.<\/p>\n<p>&nbsp;<\/p>\n<p>Vanad muhulased uskusid, et suitsusauna rituaal avab tee muutunud teadvuse seisundisse ja aitab hinge tervendada, tule ja koge seda v\u00f5imsat tunnet ise.&nbsp;<\/p>\n<p>&nbsp;<\/p>\n<p><a href=\"http:\/\/www.padaste.ee\/wp-content\/uploads\/2023\/12\/img_9657-002-scaled.jpeg\"><img loading=\"lazy\" class=\"alignnone wp-image-20893 \" src=\"http:\/\/www.padaste.ee\/wp-content\/uploads\/2023\/12\/img_9657-002-1024x768.jpeg\" alt=\"\" width=\"1078\" height=\"808\" srcset=\"https:\/\/xn--pdaste-bua.eu\/wp-content\/uploads\/2023\/12\/img_9657-002-1024x768.jpeg 1024w, https:\/\/xn--pdaste-bua.eu\/wp-content\/uploads\/2023\/12\/img_9657-002-300x225.jpeg 300w, https:\/\/xn--pdaste-bua.eu\/wp-content\/uploads\/2023\/12\/img_9657-002-768x576.jpeg 768w, https:\/\/xn--pdaste-bua.eu\/wp-content\/uploads\/2023\/12\/img_9657-002-1536x1152.jpeg 1536w, https:\/\/xn--pdaste-bua.eu\/wp-content\/uploads\/2023\/12\/img_9657-002-2048x1536.jpeg 2048w, https:\/\/xn--pdaste-bua.eu\/wp-content\/uploads\/2023\/12\/img_9657-002-24x18.jpeg 24w, https:\/\/xn--pdaste-bua.eu\/wp-content\/uploads\/2023\/12\/img_9657-002-36x27.jpeg 36w, https:\/\/xn--pdaste-bua.eu\/wp-content\/uploads\/2023\/12\/img_9657-002-48x36.jpeg 48w\" sizes=\"(max-width: 1078px) 100vw, 1078px\" \/><\/a><\/p>\n<p><img loading=\"lazy\" class=\"alignnone  wp-image-22063\" src=\"http:\/\/padaste.ee\/wp-content\/uploads\/2024\/08\/img_4664-300x225.jpg\" alt=\"\" width=\"537\" height=\"403\" srcset=\"https:\/\/xn--pdaste-bua.eu\/wp-content\/uploads\/2024\/08\/img_4664-300x225.jpg 300w, https:\/\/xn--pdaste-bua.eu\/wp-content\/uploads\/2024\/08\/img_4664-1024x768.jpg 1024w, https:\/\/xn--pdaste-bua.eu\/wp-content\/uploads\/2024\/08\/img_4664-768x576.jpg 768w, https:\/\/xn--pdaste-bua.eu\/wp-content\/uploads\/2024\/08\/img_4664-1536x1152.jpg 1536w, https:\/\/xn--pdaste-bua.eu\/wp-content\/uploads\/2024\/08\/img_4664-2048x1536.jpg 2048w, https:\/\/xn--pdaste-bua.eu\/wp-content\/uploads\/2024\/08\/img_4664-24x18.jpg 24w, https:\/\/xn--pdaste-bua.eu\/wp-content\/uploads\/2024\/08\/img_4664-36x27.jpg 36w, https:\/\/xn--pdaste-bua.eu\/wp-content\/uploads\/2024\/08\/img_4664-48x36.jpg 48w\" sizes=\"(max-width: 537px) 100vw, 537px\" \/>&nbsp;&nbsp;<img loading=\"lazy\" class=\"alignnone  wp-image-22067\" src=\"http:\/\/padaste.ee\/wp-content\/uploads\/2024\/08\/img_4377-300x225.jpg\" alt=\"\" width=\"534\" height=\"400\" srcset=\"https:\/\/xn--pdaste-bua.eu\/wp-content\/uploads\/2024\/08\/img_4377-300x225.jpg 300w, https:\/\/xn--pdaste-bua.eu\/wp-content\/uploads\/2024\/08\/img_4377-1024x768.jpg 1024w, https:\/\/xn--pdaste-bua.eu\/wp-content\/uploads\/2024\/08\/img_4377-768x576.jpg 768w, https:\/\/xn--pdaste-bua.eu\/wp-content\/uploads\/2024\/08\/img_4377-1536x1152.jpg 1536w, https:\/\/xn--pdaste-bua.eu\/wp-content\/uploads\/2024\/08\/img_4377-2048x1536.jpg 2048w, https:\/\/xn--pdaste-bua.eu\/wp-content\/uploads\/2024\/08\/img_4377-24x18.jpg 24w, https:\/\/xn--pdaste-bua.eu\/wp-content\/uploads\/2024\/08\/img_4377-36x27.jpg 36w, https:\/\/xn--pdaste-bua.eu\/wp-content\/uploads\/2024\/08\/img_4377-48x36.jpg 48w\" sizes=\"(max-width: 534px) 100vw, 534px\" \/>&nbsp;<img loading=\"lazy\" class=\"alignnone  wp-image-22270\" src=\"http:\/\/padaste.ee\/wp-content\/uploads\/2024\/08\/img_0344-300x225.jpeg\" alt=\"\" width=\"537\" height=\"403\" srcset=\"https:\/\/xn--pdaste-bua.eu\/wp-content\/uploads\/2024\/08\/img_0344-300x225.jpeg 300w, https:\/\/xn--pdaste-bua.eu\/wp-content\/uploads\/2024\/08\/img_0344-1024x768.jpeg 1024w, https:\/\/xn--pdaste-bua.eu\/wp-content\/uploads\/2024\/08\/img_0344-768x576.jpeg 768w, https:\/\/xn--pdaste-bua.eu\/wp-content\/uploads\/2024\/08\/img_0344-1536x1152.jpeg 1536w, https:\/\/xn--pdaste-bua.eu\/wp-content\/uploads\/2024\/08\/img_0344-2048x1536.jpeg 2048w, https:\/\/xn--pdaste-bua.eu\/wp-content\/uploads\/2024\/08\/img_0344-24x18.jpeg 24w, https:\/\/xn--pdaste-bua.eu\/wp-content\/uploads\/2024\/08\/img_0344-36x27.jpeg 36w, https:\/\/xn--pdaste-bua.eu\/wp-content\/uploads\/2024\/08\/img_0344-48x36.jpeg 48w\" sizes=\"(max-width: 537px) 100vw, 537px\" \/> &nbsp;<img loading=\"lazy\" class=\"alignnone  wp-image-22264\" src=\"http:\/\/padaste.ee\/wp-content\/uploads\/2024\/08\/img_4669-300x225.jpg\" alt=\"\" width=\"535\" height=\"401\" srcset=\"https:\/\/xn--pdaste-bua.eu\/wp-content\/uploads\/2024\/08\/img_4669-300x225.jpg 300w, https:\/\/xn--pdaste-bua.eu\/wp-content\/uploads\/2024\/08\/img_4669-1024x768.jpg 1024w, https:\/\/xn--pdaste-bua.eu\/wp-content\/uploads\/2024\/08\/img_4669-768x576.jpg 768w, https:\/\/xn--pdaste-bua.eu\/wp-content\/uploads\/2024\/08\/img_4669-1536x1152.jpg 1536w, https:\/\/xn--pdaste-bua.eu\/wp-content\/uploads\/2024\/08\/img_4669-2048x1536.jpg 2048w, https:\/\/xn--pdaste-bua.eu\/wp-content\/uploads\/2024\/08\/img_4669-24x18.jpg 24w, https:\/\/xn--pdaste-bua.eu\/wp-content\/uploads\/2024\/08\/img_4669-36x27.jpg 36w, https:\/\/xn--pdaste-bua.eu\/wp-content\/uploads\/2024\/08\/img_4669-48x36.jpg 48w\" sizes=\"(max-width: 535px) 100vw, 535px\" \/> <img loading=\"lazy\" class=\"alignnone  wp-image-22266\" src=\"http:\/\/padaste.ee\/wp-content\/uploads\/2024\/08\/img_2197-225x300.jpeg\" alt=\"\" width=\"373\" height=\"498\" srcset=\"https:\/\/xn--pdaste-bua.eu\/wp-content\/uploads\/2024\/08\/img_2197-225x300.jpeg 225w, https:\/\/xn--pdaste-bua.eu\/wp-content\/uploads\/2024\/08\/img_2197-768x1024.jpeg 768w, https:\/\/xn--pdaste-bua.eu\/wp-content\/uploads\/2024\/08\/img_2197-1152x1536.jpeg 1152w, https:\/\/xn--pdaste-bua.eu\/wp-content\/uploads\/2024\/08\/img_2197-1536x2048.jpeg 1536w, https:\/\/xn--pdaste-bua.eu\/wp-content\/uploads\/2024\/08\/img_2197-18x24.jpeg 18w, https:\/\/xn--pdaste-bua.eu\/wp-content\/uploads\/2024\/08\/img_2197-27x36.jpeg 27w, https:\/\/xn--pdaste-bua.eu\/wp-content\/uploads\/2024\/08\/img_2197-36x48.jpeg 36w, https:\/\/xn--pdaste-bua.eu\/wp-content\/uploads\/2024\/08\/img_2197-scaled.jpeg 1920w\" sizes=\"(max-width: 373px) 100vw, 373px\" \/> &nbsp;<img loading=\"lazy\" class=\"alignnone  wp-image-22069\" src=\"http:\/\/padaste.ee\/wp-content\/uploads\/2024\/08\/img_5610-225x300.jpg\" alt=\"\" width=\"373\" height=\"498\" srcset=\"https:\/\/xn--pdaste-bua.eu\/wp-content\/uploads\/2024\/08\/img_5610-225x300.jpg 225w, https:\/\/xn--pdaste-bua.eu\/wp-content\/uploads\/2024\/08\/img_5610-768x1024.jpg 768w, https:\/\/xn--pdaste-bua.eu\/wp-content\/uploads\/2024\/08\/img_5610-1152x1536.jpg 1152w, https:\/\/xn--pdaste-bua.eu\/wp-content\/uploads\/2024\/08\/img_5610-1536x2048.jpg 1536w, https:\/\/xn--pdaste-bua.eu\/wp-content\/uploads\/2024\/08\/img_5610-18x24.jpg 18w, https:\/\/xn--pdaste-bua.eu\/wp-content\/uploads\/2024\/08\/img_5610-27x36.jpg 27w, https:\/\/xn--pdaste-bua.eu\/wp-content\/uploads\/2024\/08\/img_5610-36x48.jpg 36w, https:\/\/xn--pdaste-bua.eu\/wp-content\/uploads\/2024\/08\/img_5610-scaled.jpg 1920w\" sizes=\"(max-width: 373px) 100vw, 373px\" \/>&nbsp;&nbsp;<img loading=\"lazy\" class=\"alignnone  wp-image-22258\" src=\"http:\/\/padaste.ee\/wp-content\/uploads\/2024\/08\/img_4794-225x300.jpg\" alt=\"\" width=\"372\" height=\"496\" srcset=\"https:\/\/xn--pdaste-bua.eu\/wp-content\/uploads\/2024\/08\/img_4794-225x300.jpg 225w, https:\/\/xn--pdaste-bua.eu\/wp-content\/uploads\/2024\/08\/img_4794-768x1024.jpg 768w, https:\/\/xn--pdaste-bua.eu\/wp-content\/uploads\/2024\/08\/img_4794-1152x1536.jpg 1152w, https:\/\/xn--pdaste-bua.eu\/wp-content\/uploads\/2024\/08\/img_4794-1536x2048.jpg 1536w, https:\/\/xn--pdaste-bua.eu\/wp-content\/uploads\/2024\/08\/img_4794-18x24.jpg 18w, https:\/\/xn--pdaste-bua.eu\/wp-content\/uploads\/2024\/08\/img_4794-27x36.jpg 27w, https:\/\/xn--pdaste-bua.eu\/wp-content\/uploads\/2024\/08\/img_4794-36x48.jpg 36w, https:\/\/xn--pdaste-bua.eu\/wp-content\/uploads\/2024\/08\/img_4794-scaled.jpg 1920w\" sizes=\"(max-width: 372px) 100vw, 372px\" \/><img loading=\"lazy\" class=\"alignnone  wp-image-22260\" src=\"http:\/\/padaste.ee\/wp-content\/uploads\/2024\/08\/img_5711-1-225x300.jpg\" alt=\"\" width=\"372\" height=\"496\" srcset=\"https:\/\/xn--pdaste-bua.eu\/wp-content\/uploads\/2024\/08\/img_5711-1-225x300.jpg 225w, https:\/\/xn--pdaste-bua.eu\/wp-content\/uploads\/2024\/08\/img_5711-1-768x1024.jpg 768w, https:\/\/xn--pdaste-bua.eu\/wp-content\/uploads\/2024\/08\/img_5711-1-1152x1536.jpg 1152w, https:\/\/xn--pdaste-bua.eu\/wp-content\/uploads\/2024\/08\/img_5711-1-1536x2048.jpg 1536w, https:\/\/xn--pdaste-bua.eu\/wp-content\/uploads\/2024\/08\/img_5711-1-18x24.jpg 18w, https:\/\/xn--pdaste-bua.eu\/wp-content\/uploads\/2024\/08\/img_5711-1-27x36.jpg 27w, https:\/\/xn--pdaste-bua.eu\/wp-content\/uploads\/2024\/08\/img_5711-1-36x48.jpg 36w, https:\/\/xn--pdaste-bua.eu\/wp-content\/uploads\/2024\/08\/img_5711-1-scaled.jpg 1920w\" sizes=\"(max-width: 372px) 100vw, 372px\" \/><\/p>\n","protected":false},"excerpt":{"rendered":"<p>Koge modernse P\u00e4daste suitsusauna ajatut traditsiooni 60-70\u00b0C &nbsp; Suitsusauna tseremoonia saunameistriga on meie P\u00e4daste SPA ainulaadne elamus &#8211; signatuurteraapia. Koge sajanditevanust rituaali uues, &nbsp;moodsas Muhu suitsusaunas, p\u00fchapaigas, mis austab Muhu saunatraditsioonide rikkalikku p\u00e4randit. Teekonnal l\u00e4bi ajaloo ja traditsioonide juhendab sind kogenud saunameister, kutsudes sind kaasa \u00fcle aegade s\u00fcgavale ja tervendavale r\u00e4nnakule iseendasse. &nbsp; Meie kaasaegne [&hellip;]<\/p>\n","protected":false},"author":50,"featured_media":20894,"parent":8578,"menu_order":0,"comment_status":"closed","ping_status":"closed","template":"","meta":{"ngg_post_thumbnail":0,"_links_to":"","_links_to_target":""},"yoast_head":"<!-- This site is optimized with the Yoast SEO plugin v16.1.1 - https:\/\/yoast.com\/wordpress\/plugins\/seo\/ -->\n<title>P\u00e4daste suitsusaun -<\/title>\n<link rel=\"canonical\" href=\"https:\/\/xn--pdaste-bua.eu\/et\/spa\/padaste-suitsusaun\/\" \/>\n<meta property=\"og:locale\" content=\"et_EE\" \/>\n<meta property=\"og:type\" content=\"article\" \/>\n<meta property=\"og:title\" content=\"P\u00e4daste suitsusaun -\" \/>\n<meta property=\"og:description\" content=\"Koge modernse P\u00e4daste suitsusauna ajatut traditsiooni 60-70\u00b0C &nbsp; Suitsusauna tseremoonia saunameistriga on meie P\u00e4daste SPA ainulaadne elamus &#8211; signatuurteraapia. Koge sajanditevanust rituaali uues, &nbsp;moodsas Muhu suitsusaunas, p\u00fchapaigas, mis austab Muhu saunatraditsioonide rikkalikku p\u00e4randit. Teekonnal l\u00e4bi ajaloo ja traditsioonide juhendab sind kogenud saunameister, kutsudes sind kaasa \u00fcle aegade s\u00fcgavale ja tervendavale r\u00e4nnakule iseendasse. &nbsp; Meie kaasaegne [&hellip;]\" \/>\n<meta property=\"og:url\" content=\"https:\/\/xn--pdaste-bua.eu\/et\/spa\/padaste-suitsusaun\/\" \/>\n<meta property=\"article:publisher\" content=\"https:\/\/www.facebook.com\/Padastemanor\/\" \/>\n<meta property=\"article:modified_time\" content=\"2024-09-05T08:48:57+00:00\" \/>\n<meta property=\"og:image\" content=\"https:\/\/xn--pdaste-bua.eu\/wp-content\/uploads\/2023\/12\/img_9657-002-scaled.jpeg\" \/>\n\t<meta property=\"og:image:width\" content=\"2560\" \/>\n\t<meta property=\"og:image:height\" content=\"1920\" \/>\n<meta name=\"twitter:card\" content=\"summary_large_image\" \/>\n<meta name=\"twitter:label1\" content=\"Est. reading time\">\n\t<meta name=\"twitter:data1\" content=\"4 minutit\">\n<script type=\"application\/ld+json\" class=\"yoast-schema-graph\">{\"@context\":\"https:\/\/schema.org\",\"@graph\":[{\"@type\":\"Organization\",\"@id\":\"https:\/\/xn--pdaste-bua.ee\/et\/#organization\",\"name\":\"P\\u00e4daste M\\u00f5is\",\"url\":\"https:\/\/xn--pdaste-bua.ee\/et\/\",\"sameAs\":[\"https:\/\/www.facebook.com\/Padastemanor\/\"],\"logo\":{\"@type\":\"ImageObject\",\"@id\":\"https:\/\/xn--pdaste-bua.ee\/et\/#logo\",\"inLanguage\":\"et\",\"url\":\"https:\/\/padaste.ee\/wp-content\/uploads\/2018\/12\/padaste_2011.jpg\",\"contentUrl\":\"https:\/\/padaste.ee\/wp-content\/uploads\/2018\/12\/padaste_2011.jpg\",\"width\":154,\"height\":61,\"caption\":\"P\\u00e4daste M\\u00f5is\"},\"image\":{\"@id\":\"https:\/\/xn--pdaste-bua.ee\/et\/#logo\"}},{\"@type\":\"WebSite\",\"@id\":\"https:\/\/xn--pdaste-bua.ee\/et\/#website\",\"url\":\"https:\/\/xn--pdaste-bua.ee\/et\/\",\"name\":\"\",\"description\":\"\",\"publisher\":{\"@id\":\"https:\/\/xn--pdaste-bua.ee\/et\/#organization\"},\"potentialAction\":[{\"@type\":\"SearchAction\",\"target\":\"https:\/\/xn--pdaste-bua.ee\/et\/?s={search_term_string}\",\"query-input\":\"required name=search_term_string\"}],\"inLanguage\":\"et\"},{\"@type\":\"ImageObject\",\"@id\":\"https:\/\/xn--pdaste-bua.eu\/et\/spa\/padaste-suitsusaun\/#primaryimage\",\"inLanguage\":\"et\",\"url\":\"https:\/\/xn--pdaste-bua.eu\/wp-content\/uploads\/2023\/12\/img_9657-002-scaled.jpeg\",\"contentUrl\":\"https:\/\/xn--pdaste-bua.eu\/wp-content\/uploads\/2023\/12\/img_9657-002-scaled.jpeg\",\"width\":2560,\"height\":1920},{\"@type\":\"WebPage\",\"@id\":\"https:\/\/xn--pdaste-bua.eu\/et\/spa\/padaste-suitsusaun\/#webpage\",\"url\":\"https:\/\/xn--pdaste-bua.eu\/et\/spa\/padaste-suitsusaun\/\",\"name\":\"P\\u00e4daste suitsusaun -\",\"isPartOf\":{\"@id\":\"https:\/\/xn--pdaste-bua.ee\/et\/#website\"},\"primaryImageOfPage\":{\"@id\":\"https:\/\/xn--pdaste-bua.eu\/et\/spa\/padaste-suitsusaun\/#primaryimage\"},\"datePublished\":\"2018-01-04T10:20:52+00:00\",\"dateModified\":\"2024-09-05T08:48:57+00:00\",\"breadcrumb\":{\"@id\":\"https:\/\/xn--pdaste-bua.eu\/et\/spa\/padaste-suitsusaun\/#breadcrumb\"},\"inLanguage\":\"et\",\"potentialAction\":[{\"@type\":\"ReadAction\",\"target\":[\"https:\/\/xn--pdaste-bua.eu\/et\/spa\/padaste-suitsusaun\/\"]}]},{\"@type\":\"BreadcrumbList\",\"@id\":\"https:\/\/xn--pdaste-bua.eu\/et\/spa\/padaste-suitsusaun\/#breadcrumb\",\"itemListElement\":[{\"@type\":\"ListItem\",\"position\":1,\"item\":{\"@type\":\"WebPage\",\"@id\":\"https:\/\/xn--pdaste-bua.ee\/et\/\",\"url\":\"https:\/\/xn--pdaste-bua.ee\/et\/\",\"name\":\"Home\"}},{\"@type\":\"ListItem\",\"position\":2,\"item\":{\"@type\":\"WebPage\",\"@id\":\"https:\/\/padaste.ee\/et\/spa\/\",\"url\":\"https:\/\/padaste.ee\/et\/spa\/\",\"name\":\"Spa &#8211; Kuue meele p\\u00fchamu\"}},{\"@type\":\"ListItem\",\"position\":3,\"item\":{\"@type\":\"WebPage\",\"@id\":\"https:\/\/xn--pdaste-bua.eu\/et\/spa\/padaste-suitsusaun\/\",\"url\":\"https:\/\/xn--pdaste-bua.eu\/et\/spa\/padaste-suitsusaun\/\",\"name\":\"P\\u00e4daste suitsusaun\"}}]}]}<\/script>\n<!-- \/ Yoast SEO plugin. -->","_links":{"self":[{"href":"https:\/\/xn--pdaste-bua.eu\/et\/wp-json\/wp\/v2\/pages\/20954"}],"collection":[{"href":"https:\/\/xn--pdaste-bua.eu\/et\/wp-json\/wp\/v2\/pages"}],"about":[{"href":"https:\/\/xn--pdaste-bua.eu\/et\/wp-json\/wp\/v2\/types\/page"}],"author":[{"embeddable":true,"href":"https:\/\/xn--pdaste-bua.eu\/et\/wp-json\/wp\/v2\/users\/50"}],"replies":[{"embeddable":true,"href":"https:\/\/xn--pdaste-bua.eu\/et\/wp-json\/wp\/v2\/comments?post=20954"}],"version-history":[{"count":20,"href":"https:\/\/xn--pdaste-bua.eu\/et\/wp-json\/wp\/v2\/pages\/20954\/revisions"}],"predecessor-version":[{"id":22433,"href":"https:\/\/xn--pdaste-bua.eu\/et\/wp-json\/wp\/v2\/pages\/20954\/revisions\/22433"}],"up":[{"embeddable":true,"href":"https:\/\/xn--pdaste-bua.eu\/et\/wp-json\/wp\/v2\/pages\/8578"}],"wp:featuredmedia":[{"embeddable":true,"href":"https:\/\/xn--pdaste-bua.eu\/et\/wp-json\/wp\/v2\/media\/20894"}],"wp:attachment":[{"href":"https:\/\/xn--pdaste-bua.eu\/et\/wp-json\/wp\/v2\/media?parent=20954"}],"curies":[{"name":"wp","href":"https:\/\/api.w.org\/{rel}","templated":true}]}}