{"id":20959,"date":"2018-01-05T10:22:11","date_gmt":"2018-01-05T10:22:11","guid":{"rendered":"https:\/\/padaste.ee\/?page_id=20959"},"modified":"2024-08-07T00:17:18","modified_gmt":"2024-08-07T00:17:18","slug":"tervendav-kuumaveeallikas","status":"publish","type":"page","link":"https:\/\/xn--pdaste-bua.eu\/et\/spa\/tervendav-kuumaveeallikas\/","title":{"rendered":"Tervendav kuumaveeallikas"},"content":{"rendered":"<p><span style=\"color: #f73434; font-size: 22px;\"><strong>Naudi p\u00e4ikese v\u00e4el tervendava kuumaveeallika maagiat +38\u00b0C&nbsp;<\/strong><\/span><\/p>\n<p>&nbsp;<\/p>\n<p>Keset hellalt hoitud spaa-ala asub tervendav kuumaveeallikas, p\u00fchapaik, kus p\u00e4ikese v\u00e4gi \u00e4ratab ellu iidse heaolutraditsiooni.<\/p>\n<p>&nbsp;<\/p>\n<p>Kujuta ette v\u00e4ikest veesilma, mis asub P\u00e4daste iidse pargi nurgas, haarates endasse p\u00e4ikese kiirguse, et anda meie tervendavale allikale soojus ja vitaalsus. Vesi, hoitakse 38\u00b0C temperatuuril ainult p\u00e4ikese v\u00e4ega, mis haarab sind oma sooja embusesse.<\/p>\n<p>&nbsp;<\/p>\n<p>Kuumaveeallika vesi tuleb meie pargist s\u00fcgavalt maap\u00f5uest. See on klaar ja rikastatud mineraalidega, mis turgutavad ja taastavad sinu keha. Siin ei riku looduse tasakaalu ebameeldiv kloor. Selle asemel rikastatakse vett \u00f5rnalt loodusliku meresoola ja mineraalidega ning hoitakse puhtana spetsiaalsel sagedusel kiirgava valgusega, mis on t\u00f5eliselt unikaalne lahendus Eestis, kuna allikat toidab ainult p\u00e4ikese v\u00e4gi.&nbsp;<\/p>\n<p>&nbsp;<\/p>\n<p>P\u00e4ikesevalgus sillerdab ka pinnal, k\u00e4ivitades vees metamorfoosi ja muutes selle looduslikuks eliksiiriks, mis rikastab keha ja vaimu taastava energiaga. Kasta end meie kuumaveeallikasse ja tunne looduse tervendavat puudutust.<\/p>\n<p>&nbsp;<\/p>\n<p>&nbsp;<\/p>\n<p>Enne ja p\u00e4rast kuumaveeallikat karastage end <a href=\"https:\/\/padaste.ee\/et\/spa\/siberi-kulmavee-tors\/\">P\u00f5hjala k\u00fclmaveet\u00f5rres<\/a>, mis asub kaunil spaaterrassil. &nbsp;Kuumaveeallikas on ainult teile privaatseks kasutamiseks. K\u00fclmaveet\u00f5rre ja spa terrassi ning lamamistoolide kasutus on jagatud teiste SPA k\u00fclalistega.<\/p>\n<p>&nbsp;<\/p>\n<p>Rikasta oma olemust,&nbsp;\u00e4ratades endas s\u00fcgav l\u00f5dvestumine ja taastumine. See on merevaatega varjupaik sinu m\u00f5tetele, v\u00f5imalus kogeda sisemist rahu p\u00e4ikese ja puhta allikavee koosm\u00e4ngus.<\/p>\n<p><a href=\"https:\/\/www.padaste.ee\/wp-content\/uploads\/photo-gallery\/IMG_4661.jpg?bwg=1718797552\"><img loading=\"lazy\" class=\"alignnone\" src=\"https:\/\/www.padaste.ee\/wp-content\/uploads\/photo-gallery\/IMG_4661.jpg?bwg=1718797552\" alt=\"\" width=\"1163\" height=\"872\"\/><\/a><\/p>\n<p><img loading=\"lazy\" class=\"alignnone  wp-image-22220\" src=\"http:\/\/padaste.ee\/wp-content\/uploads\/2024\/08\/img_3929-1-225x300.jpg\" alt=\"\" width=\"402\" height=\"536\" srcset=\"https:\/\/xn--pdaste-bua.eu\/wp-content\/uploads\/2024\/08\/img_3929-1-225x300.jpg 225w, https:\/\/xn--pdaste-bua.eu\/wp-content\/uploads\/2024\/08\/img_3929-1-768x1024.jpg 768w, https:\/\/xn--pdaste-bua.eu\/wp-content\/uploads\/2024\/08\/img_3929-1-1152x1536.jpg 1152w, https:\/\/xn--pdaste-bua.eu\/wp-content\/uploads\/2024\/08\/img_3929-1-1536x2048.jpg 1536w, https:\/\/xn--pdaste-bua.eu\/wp-content\/uploads\/2024\/08\/img_3929-1-18x24.jpg 18w, https:\/\/xn--pdaste-bua.eu\/wp-content\/uploads\/2024\/08\/img_3929-1-27x36.jpg 27w, https:\/\/xn--pdaste-bua.eu\/wp-content\/uploads\/2024\/08\/img_3929-1-36x48.jpg 36w, https:\/\/xn--pdaste-bua.eu\/wp-content\/uploads\/2024\/08\/img_3929-1-scaled.jpg 1920w\" sizes=\"(max-width: 402px) 100vw, 402px\" \/><a href=\"http:\/\/www.padaste.ee\/wp-content\/uploads\/2023\/12\/img_9702-scaled.jpg\"><img loading=\"lazy\" class=\"alignnone wp-image-20849 \" src=\"http:\/\/www.padaste.ee\/wp-content\/uploads\/2023\/12\/img_9702-1024x768.jpg\" alt=\"\" width=\"715\" height=\"536\" srcset=\"https:\/\/xn--pdaste-bua.eu\/wp-content\/uploads\/2023\/12\/img_9702-1024x768.jpg 1024w, https:\/\/xn--pdaste-bua.eu\/wp-content\/uploads\/2023\/12\/img_9702-300x225.jpg 300w, https:\/\/xn--pdaste-bua.eu\/wp-content\/uploads\/2023\/12\/img_9702-768x576.jpg 768w, https:\/\/xn--pdaste-bua.eu\/wp-content\/uploads\/2023\/12\/img_9702-1536x1152.jpg 1536w, https:\/\/xn--pdaste-bua.eu\/wp-content\/uploads\/2023\/12\/img_9702-2048x1536.jpg 2048w, https:\/\/xn--pdaste-bua.eu\/wp-content\/uploads\/2023\/12\/img_9702-24x18.jpg 24w, https:\/\/xn--pdaste-bua.eu\/wp-content\/uploads\/2023\/12\/img_9702-36x27.jpg 36w, https:\/\/xn--pdaste-bua.eu\/wp-content\/uploads\/2023\/12\/img_9702-48x36.jpg 48w\" sizes=\"(max-width: 715px) 100vw, 715px\" \/><\/a><\/p>\n<p><img loading=\"lazy\" class=\"alignnone  wp-image-22235\" src=\"http:\/\/padaste.ee\/wp-content\/uploads\/2024\/08\/img_0434-225x300.jpeg\" alt=\"\" width=\"558\" height=\"744\" srcset=\"https:\/\/xn--pdaste-bua.eu\/wp-content\/uploads\/2024\/08\/img_0434-225x300.jpeg 225w, https:\/\/xn--pdaste-bua.eu\/wp-content\/uploads\/2024\/08\/img_0434-768x1024.jpeg 768w, https:\/\/xn--pdaste-bua.eu\/wp-content\/uploads\/2024\/08\/img_0434-1152x1536.jpeg 1152w, https:\/\/xn--pdaste-bua.eu\/wp-content\/uploads\/2024\/08\/img_0434-1536x2048.jpeg 1536w, https:\/\/xn--pdaste-bua.eu\/wp-content\/uploads\/2024\/08\/img_0434-18x24.jpeg 18w, https:\/\/xn--pdaste-bua.eu\/wp-content\/uploads\/2024\/08\/img_0434-27x36.jpeg 27w, https:\/\/xn--pdaste-bua.eu\/wp-content\/uploads\/2024\/08\/img_0434-36x48.jpeg 36w, https:\/\/xn--pdaste-bua.eu\/wp-content\/uploads\/2024\/08\/img_0434-scaled.jpeg 1920w\" sizes=\"(max-width: 558px) 100vw, 558px\" \/><img loading=\"lazy\" class=\"alignnone  wp-image-22237\" src=\"http:\/\/padaste.ee\/wp-content\/uploads\/2024\/08\/img_0087-225x300.jpeg\" alt=\"\" width=\"559\" height=\"746\" srcset=\"https:\/\/xn--pdaste-bua.eu\/wp-content\/uploads\/2024\/08\/img_0087-225x300.jpeg 225w, https:\/\/xn--pdaste-bua.eu\/wp-content\/uploads\/2024\/08\/img_0087-768x1024.jpeg 768w, https:\/\/xn--pdaste-bua.eu\/wp-content\/uploads\/2024\/08\/img_0087-1152x1536.jpeg 1152w, https:\/\/xn--pdaste-bua.eu\/wp-content\/uploads\/2024\/08\/img_0087-1536x2048.jpeg 1536w, https:\/\/xn--pdaste-bua.eu\/wp-content\/uploads\/2024\/08\/img_0087-18x24.jpeg 18w, https:\/\/xn--pdaste-bua.eu\/wp-content\/uploads\/2024\/08\/img_0087-27x36.jpeg 27w, https:\/\/xn--pdaste-bua.eu\/wp-content\/uploads\/2024\/08\/img_0087-36x48.jpeg 36w, https:\/\/xn--pdaste-bua.eu\/wp-content\/uploads\/2024\/08\/img_0087-scaled.jpeg 1920w\" sizes=\"(max-width: 559px) 100vw, 559px\" \/><\/p>\n<p><img loading=\"lazy\" class=\"alignnone  wp-image-22233\" src=\"http:\/\/padaste.ee\/wp-content\/uploads\/2024\/08\/img_0337-300x225.jpeg\" alt=\"\" width=\"1137\" height=\"853\" srcset=\"https:\/\/xn--pdaste-bua.eu\/wp-content\/uploads\/2024\/08\/img_0337-300x225.jpeg 300w, https:\/\/xn--pdaste-bua.eu\/wp-content\/uploads\/2024\/08\/img_0337-1024x768.jpeg 1024w, https:\/\/xn--pdaste-bua.eu\/wp-content\/uploads\/2024\/08\/img_0337-768x576.jpeg 768w, https:\/\/xn--pdaste-bua.eu\/wp-content\/uploads\/2024\/08\/img_0337-1536x1152.jpeg 1536w, https:\/\/xn--pdaste-bua.eu\/wp-content\/uploads\/2024\/08\/img_0337-2048x1536.jpeg 2048w, https:\/\/xn--pdaste-bua.eu\/wp-content\/uploads\/2024\/08\/img_0337-24x18.jpeg 24w, https:\/\/xn--pdaste-bua.eu\/wp-content\/uploads\/2024\/08\/img_0337-36x27.jpeg 36w, https:\/\/xn--pdaste-bua.eu\/wp-content\/uploads\/2024\/08\/img_0337-48x36.jpeg 48w\" sizes=\"(max-width: 1137px) 100vw, 1137px\" \/><\/p>\n","protected":false},"excerpt":{"rendered":"<p>Naudi p\u00e4ikese v\u00e4el tervendava kuumaveeallika maagiat +38\u00b0C&nbsp; &nbsp; Keset hellalt hoitud spaa-ala asub tervendav kuumaveeallikas, p\u00fchapaik, kus p\u00e4ikese v\u00e4gi \u00e4ratab ellu iidse heaolutraditsiooni. &nbsp; Kujuta ette v\u00e4ikest veesilma, mis asub P\u00e4daste iidse pargi nurgas, haarates endasse p\u00e4ikese kiirguse, et anda meie tervendavale allikale soojus ja vitaalsus. Vesi, hoitakse 38\u00b0C temperatuuril ainult p\u00e4ikese v\u00e4ega, mis haarab [&hellip;]<\/p>\n","protected":false},"author":50,"featured_media":20850,"parent":8578,"menu_order":0,"comment_status":"closed","ping_status":"closed","template":"","meta":{"ngg_post_thumbnail":0,"_links_to":"","_links_to_target":""},"yoast_head":"<!-- This site is optimized with the Yoast SEO plugin v16.1.1 - https:\/\/yoast.com\/wordpress\/plugins\/seo\/ -->\n<title>Tervendav kuumaveeallikas -<\/title>\n<link rel=\"canonical\" href=\"https:\/\/padaste.ee\/et\/spa\/tervendav-kuumaveeallikas\/\" \/>\n<meta property=\"og:locale\" content=\"et_EE\" \/>\n<meta property=\"og:type\" content=\"article\" \/>\n<meta property=\"og:title\" content=\"Tervendav kuumaveeallikas -\" \/>\n<meta property=\"og:description\" content=\"Naudi p\u00e4ikese v\u00e4el tervendava kuumaveeallika maagiat +38\u00b0C&nbsp; &nbsp; Keset hellalt hoitud spaa-ala asub tervendav kuumaveeallikas, p\u00fchapaik, kus p\u00e4ikese v\u00e4gi \u00e4ratab ellu iidse heaolutraditsiooni. &nbsp; Kujuta ette v\u00e4ikest veesilma, mis asub P\u00e4daste iidse pargi nurgas, haarates endasse p\u00e4ikese kiirguse, et anda meie tervendavale allikale soojus ja vitaalsus. Vesi, hoitakse 38\u00b0C temperatuuril ainult p\u00e4ikese v\u00e4ega, mis haarab [&hellip;]\" \/>\n<meta property=\"og:url\" content=\"https:\/\/padaste.ee\/et\/spa\/tervendav-kuumaveeallikas\/\" \/>\n<meta property=\"article:publisher\" content=\"https:\/\/www.facebook.com\/Padastemanor\/\" \/>\n<meta property=\"article:modified_time\" content=\"2024-08-07T00:17:18+00:00\" \/>\n<meta property=\"og:image\" content=\"https:\/\/xn--pdaste-bua.eu\/wp-content\/uploads\/2023\/12\/img_9702-scaled.jpg\" \/>\n\t<meta property=\"og:image:width\" content=\"2560\" \/>\n\t<meta property=\"og:image:height\" content=\"1920\" \/>\n<meta name=\"twitter:card\" content=\"summary_large_image\" \/>\n<meta name=\"twitter:label1\" content=\"Est. reading time\">\n\t<meta name=\"twitter:data1\" content=\"2 minutit\">\n<script type=\"application\/ld+json\" class=\"yoast-schema-graph\">{\"@context\":\"https:\/\/schema.org\",\"@graph\":[{\"@type\":\"Organization\",\"@id\":\"https:\/\/padaste.ee\/#organization\",\"name\":\"P\\u00e4daste M\\u00f5is\",\"url\":\"https:\/\/padaste.ee\/\",\"sameAs\":[\"https:\/\/www.facebook.com\/Padastemanor\/\"],\"logo\":{\"@type\":\"ImageObject\",\"@id\":\"https:\/\/padaste.ee\/#logo\",\"inLanguage\":\"et\",\"url\":\"https:\/\/padaste.ee\/wp-content\/uploads\/2018\/12\/padaste_2011.jpg\",\"contentUrl\":\"https:\/\/padaste.ee\/wp-content\/uploads\/2018\/12\/padaste_2011.jpg\",\"width\":154,\"height\":61,\"caption\":\"P\\u00e4daste M\\u00f5is\"},\"image\":{\"@id\":\"https:\/\/padaste.ee\/#logo\"}},{\"@type\":\"WebSite\",\"@id\":\"https:\/\/padaste.ee\/#website\",\"url\":\"https:\/\/padaste.ee\/\",\"name\":\"\",\"description\":\"\",\"publisher\":{\"@id\":\"https:\/\/padaste.ee\/#organization\"},\"potentialAction\":[{\"@type\":\"SearchAction\",\"target\":\"https:\/\/padaste.ee\/?s={search_term_string}\",\"query-input\":\"required name=search_term_string\"}],\"inLanguage\":\"et\"},{\"@type\":\"ImageObject\",\"@id\":\"https:\/\/padaste.ee\/et\/spa\/tervendav-kuumaveeallikas\/#primaryimage\",\"inLanguage\":\"et\",\"url\":\"https:\/\/xn--pdaste-bua.eu\/wp-content\/uploads\/2023\/12\/img_9702-scaled.jpg\",\"contentUrl\":\"https:\/\/xn--pdaste-bua.eu\/wp-content\/uploads\/2023\/12\/img_9702-scaled.jpg\",\"width\":2560,\"height\":1920},{\"@type\":\"WebPage\",\"@id\":\"https:\/\/padaste.ee\/et\/spa\/tervendav-kuumaveeallikas\/#webpage\",\"url\":\"https:\/\/padaste.ee\/et\/spa\/tervendav-kuumaveeallikas\/\",\"name\":\"Tervendav kuumaveeallikas -\",\"isPartOf\":{\"@id\":\"https:\/\/padaste.ee\/#website\"},\"primaryImageOfPage\":{\"@id\":\"https:\/\/padaste.ee\/et\/spa\/tervendav-kuumaveeallikas\/#primaryimage\"},\"datePublished\":\"2018-01-05T10:22:11+00:00\",\"dateModified\":\"2024-08-07T00:17:18+00:00\",\"breadcrumb\":{\"@id\":\"https:\/\/padaste.ee\/et\/spa\/tervendav-kuumaveeallikas\/#breadcrumb\"},\"inLanguage\":\"et\",\"potentialAction\":[{\"@type\":\"ReadAction\",\"target\":[\"https:\/\/padaste.ee\/et\/spa\/tervendav-kuumaveeallikas\/\"]}]},{\"@type\":\"BreadcrumbList\",\"@id\":\"https:\/\/padaste.ee\/et\/spa\/tervendav-kuumaveeallikas\/#breadcrumb\",\"itemListElement\":[{\"@type\":\"ListItem\",\"position\":1,\"item\":{\"@type\":\"WebPage\",\"@id\":\"https:\/\/xn--pdaste-bua.eu\/et\/\",\"url\":\"https:\/\/xn--pdaste-bua.eu\/et\/\",\"name\":\"Home\"}},{\"@type\":\"ListItem\",\"position\":2,\"item\":{\"@type\":\"WebPage\",\"@id\":\"https:\/\/xn--pdaste-bua.eu\/et\/spa\/\",\"url\":\"https:\/\/xn--pdaste-bua.eu\/et\/spa\/\",\"name\":\"Spa &#8211; Kuue meele p\\u00fchamu\"}},{\"@type\":\"ListItem\",\"position\":3,\"item\":{\"@type\":\"WebPage\",\"@id\":\"https:\/\/padaste.ee\/et\/spa\/tervendav-kuumaveeallikas\/\",\"url\":\"https:\/\/padaste.ee\/et\/spa\/tervendav-kuumaveeallikas\/\",\"name\":\"Tervendav kuumaveeallikas\"}}]}]}<\/script>\n<!-- \/ Yoast SEO plugin. -->","_links":{"self":[{"href":"https:\/\/xn--pdaste-bua.eu\/et\/wp-json\/wp\/v2\/pages\/20959"}],"collection":[{"href":"https:\/\/xn--pdaste-bua.eu\/et\/wp-json\/wp\/v2\/pages"}],"about":[{"href":"https:\/\/xn--pdaste-bua.eu\/et\/wp-json\/wp\/v2\/types\/page"}],"author":[{"embeddable":true,"href":"https:\/\/xn--pdaste-bua.eu\/et\/wp-json\/wp\/v2\/users\/50"}],"replies":[{"embeddable":true,"href":"https:\/\/xn--pdaste-bua.eu\/et\/wp-json\/wp\/v2\/comments?post=20959"}],"version-history":[{"count":17,"href":"https:\/\/xn--pdaste-bua.eu\/et\/wp-json\/wp\/v2\/pages\/20959\/revisions"}],"predecessor-version":[{"id":22242,"href":"https:\/\/xn--pdaste-bua.eu\/et\/wp-json\/wp\/v2\/pages\/20959\/revisions\/22242"}],"up":[{"embeddable":true,"href":"https:\/\/xn--pdaste-bua.eu\/et\/wp-json\/wp\/v2\/pages\/8578"}],"wp:featuredmedia":[{"embeddable":true,"href":"https:\/\/xn--pdaste-bua.eu\/et\/wp-json\/wp\/v2\/media\/20850"}],"wp:attachment":[{"href":"https:\/\/xn--pdaste-bua.eu\/et\/wp-json\/wp\/v2\/media?parent=20959"}],"curies":[{"name":"wp","href":"https:\/\/api.w.org\/{rel}","templated":true}]}}