{"id":8632,"date":"2015-07-28T18:40:22","date_gmt":"2015-07-28T15:40:22","guid":{"rendered":"http:\/\/padastenew.local\/?page_id=8632"},"modified":"2022-04-27T05:55:28","modified_gmt":"2022-04-27T05:55:28","slug":"tootoad-ja-eriuritused","status":"publish","type":"page","link":"https:\/\/xn--pdaste-bua.eu\/et\/mois\/tootoad-ja-eriuritused\/","title":{"rendered":"T\u00f6\u00f6toad ja eri\u00fcritused"},"content":{"rendered":"<div id=\"attachment_12046\" style=\"width: 310px\" class=\"wp-caption alignright\"><a href=\"http:\/\/www.padaste.ee\/wp-content\/uploads\/2018\/03\/5830753440.jpg\"><img aria-describedby=\"caption-attachment-12046\" loading=\"lazy\" class=\"wp-image-12046 size-medium\" src=\"http:\/\/www.padaste.ee\/wp-content\/uploads\/2018\/03\/5830753440-300x200.jpg\" alt=\"\" width=\"300\" height=\"200\" srcset=\"https:\/\/xn--pdaste-bua.eu\/wp-content\/uploads\/2018\/03\/5830753440-300x200.jpg 300w, https:\/\/xn--pdaste-bua.eu\/wp-content\/uploads\/2018\/03\/5830753440-768x512.jpg 768w, https:\/\/xn--pdaste-bua.eu\/wp-content\/uploads\/2018\/03\/5830753440-1024x683.jpg 1024w, https:\/\/xn--pdaste-bua.eu\/wp-content\/uploads\/2018\/03\/5830753440-24x16.jpg 24w, https:\/\/xn--pdaste-bua.eu\/wp-content\/uploads\/2018\/03\/5830753440-36x24.jpg 36w, https:\/\/xn--pdaste-bua.eu\/wp-content\/uploads\/2018\/03\/5830753440-48x32.jpg 48w\" sizes=\"(max-width: 300px) 100vw, 300px\" \/><\/a><p id=\"caption-attachment-12046\" class=\"wp-caption-text\">Bentley \u00fclemaailmne meediatuur Baltimaadesse<\/p><\/div>\n<p>Tellimus\u00fcrituse planeerimisel oodake erakordset!&nbsp;M\u00f5isakompleksi olemus ja asukoht koos meie ulatusliku kogemuse ja personaalse l\u00e4henemisega muudavad selle ideaalseks privaatse loomuga \u00fcrituse l\u00e4biviimise paigaks.<\/p>\n<p>&nbsp;<\/p>\n<p>P\u00e4daste M\u00f5isal on suurep\u00e4rased kogemused ja v\u00e4ga hea maine korraldamaks tellimus\u00fcritusi.<\/p>\n<p>&nbsp;<\/p>\n<p>Kui teie tellimus\u00fcritus v\u00e4\u00e4rib erakordset, v\u00f5tke \u00fchendust meie <em>Celebration &amp; Event Manager<\/em>&nbsp; aadressil <a href=\"mailto:event@padaste.ee\">event@padaste.ee<\/a> v\u00f5i helistage +372 45 48 800.<\/p>\n","protected":false},"excerpt":{"rendered":"<p>Tellimus\u00fcrituse planeerimisel oodake erakordset!&nbsp;M\u00f5isakompleksi olemus ja asukoht koos meie ulatusliku kogemuse ja personaalse l\u00e4henemisega muudavad selle ideaalseks privaatse loomuga \u00fcrituse l\u00e4biviimise paigaks. &nbsp; P\u00e4daste M\u00f5isal on suurep\u00e4rased kogemused ja v\u00e4ga hea maine korraldamaks tellimus\u00fcritusi. &nbsp; Kui teie tellimus\u00fcritus v\u00e4\u00e4rib erakordset, v\u00f5tke \u00fchendust meie Celebration &amp; Event Manager&nbsp; aadressil event@padaste.ee v\u00f5i helistage +372 45 48 800.<\/p>\n","protected":false},"author":50,"featured_media":12046,"parent":8574,"menu_order":4,"comment_status":"closed","ping_status":"closed","template":"","meta":{"ngg_post_thumbnail":0,"_links_to":"","_links_to_target":""},"yoast_head":"<!-- This site is optimized with the Yoast SEO plugin v16.1.1 - https:\/\/yoast.com\/wordpress\/plugins\/seo\/ -->\n<title>T\u00f6\u00f6toad ja eri\u00fcritused -<\/title>\n<link rel=\"canonical\" href=\"https:\/\/padaste.ee\/et\/mois\/tootoad-ja-eriuritused\/\" \/>\n<meta property=\"og:locale\" content=\"et_EE\" \/>\n<meta property=\"og:type\" content=\"article\" \/>\n<meta property=\"og:title\" content=\"T\u00f6\u00f6toad ja eri\u00fcritused -\" \/>\n<meta property=\"og:description\" content=\"Tellimus\u00fcrituse planeerimisel oodake erakordset!&nbsp;M\u00f5isakompleksi olemus ja asukoht koos meie ulatusliku kogemuse ja personaalse l\u00e4henemisega muudavad selle ideaalseks privaatse loomuga \u00fcrituse l\u00e4biviimise paigaks. &nbsp; P\u00e4daste M\u00f5isal on suurep\u00e4rased kogemused ja v\u00e4ga hea maine korraldamaks tellimus\u00fcritusi. &nbsp; Kui teie tellimus\u00fcritus v\u00e4\u00e4rib erakordset, v\u00f5tke \u00fchendust meie Celebration &amp; Event Manager&nbsp; aadressil event@padaste.ee v\u00f5i helistage +372 45 48 800.\" \/>\n<meta property=\"og:url\" content=\"https:\/\/padaste.ee\/et\/mois\/tootoad-ja-eriuritused\/\" \/>\n<meta property=\"article:publisher\" content=\"https:\/\/www.facebook.com\/Padastemanor\/\" \/>\n<meta property=\"article:modified_time\" content=\"2022-04-27T05:55:28+00:00\" \/>\n<meta property=\"og:image\" content=\"https:\/\/xn--pdaste-bua.eu\/wp-content\/uploads\/2018\/03\/5830753440-1024x683.jpg\" \/>\n\t<meta property=\"og:image:width\" content=\"1024\" \/>\n\t<meta property=\"og:image:height\" content=\"683\" \/>\n<meta name=\"twitter:card\" content=\"summary_large_image\" \/>\n<meta name=\"twitter:label1\" content=\"Est. reading time\">\n\t<meta name=\"twitter:data1\" content=\"1 minut\">\n<script type=\"application\/ld+json\" class=\"yoast-schema-graph\">{\"@context\":\"https:\/\/schema.org\",\"@graph\":[{\"@type\":\"Organization\",\"@id\":\"https:\/\/padaste.ee\/#organization\",\"name\":\"P\\u00e4daste M\\u00f5is\",\"url\":\"https:\/\/padaste.ee\/\",\"sameAs\":[\"https:\/\/www.facebook.com\/Padastemanor\/\"],\"logo\":{\"@type\":\"ImageObject\",\"@id\":\"https:\/\/padaste.ee\/#logo\",\"inLanguage\":\"et\",\"url\":\"https:\/\/padaste.ee\/wp-content\/uploads\/2018\/12\/padaste_2011.jpg\",\"contentUrl\":\"https:\/\/padaste.ee\/wp-content\/uploads\/2018\/12\/padaste_2011.jpg\",\"width\":154,\"height\":61,\"caption\":\"P\\u00e4daste M\\u00f5is\"},\"image\":{\"@id\":\"https:\/\/padaste.ee\/#logo\"}},{\"@type\":\"WebSite\",\"@id\":\"https:\/\/padaste.ee\/#website\",\"url\":\"https:\/\/padaste.ee\/\",\"name\":\"\",\"description\":\"\",\"publisher\":{\"@id\":\"https:\/\/padaste.ee\/#organization\"},\"potentialAction\":[{\"@type\":\"SearchAction\",\"target\":\"https:\/\/padaste.ee\/?s={search_term_string}\",\"query-input\":\"required name=search_term_string\"}],\"inLanguage\":\"et\"},{\"@type\":\"ImageObject\",\"@id\":\"https:\/\/padaste.ee\/et\/mois\/tootoad-ja-eriuritused\/#primaryimage\",\"inLanguage\":\"et\",\"url\":\"https:\/\/xn--pdaste-bua.eu\/wp-content\/uploads\/2018\/03\/5830753440.jpg\",\"contentUrl\":\"https:\/\/xn--pdaste-bua.eu\/wp-content\/uploads\/2018\/03\/5830753440.jpg\",\"width\":4400,\"height\":2933,\"caption\":\"Bentley \\u00fclemaailmne meediatuur Baltimaadesse\"},{\"@type\":\"WebPage\",\"@id\":\"https:\/\/padaste.ee\/et\/mois\/tootoad-ja-eriuritused\/#webpage\",\"url\":\"https:\/\/padaste.ee\/et\/mois\/tootoad-ja-eriuritused\/\",\"name\":\"T\\u00f6\\u00f6toad ja eri\\u00fcritused -\",\"isPartOf\":{\"@id\":\"https:\/\/padaste.ee\/#website\"},\"primaryImageOfPage\":{\"@id\":\"https:\/\/padaste.ee\/et\/mois\/tootoad-ja-eriuritused\/#primaryimage\"},\"datePublished\":\"2015-07-28T15:40:22+00:00\",\"dateModified\":\"2022-04-27T05:55:28+00:00\",\"breadcrumb\":{\"@id\":\"https:\/\/padaste.ee\/et\/mois\/tootoad-ja-eriuritused\/#breadcrumb\"},\"inLanguage\":\"et\",\"potentialAction\":[{\"@type\":\"ReadAction\",\"target\":[\"https:\/\/padaste.ee\/et\/mois\/tootoad-ja-eriuritused\/\"]}]},{\"@type\":\"BreadcrumbList\",\"@id\":\"https:\/\/padaste.ee\/et\/mois\/tootoad-ja-eriuritused\/#breadcrumb\",\"itemListElement\":[{\"@type\":\"ListItem\",\"position\":1,\"item\":{\"@type\":\"WebPage\",\"@id\":\"https:\/\/xn--pdaste-bua.eu\/et\/\",\"url\":\"https:\/\/xn--pdaste-bua.eu\/et\/\",\"name\":\"Home\"}},{\"@type\":\"ListItem\",\"position\":2,\"item\":{\"@type\":\"WebPage\",\"@id\":\"https:\/\/xn--pdaste-bua.eu\/et\/mois\/\",\"url\":\"https:\/\/xn--pdaste-bua.eu\/et\/mois\/\",\"name\":\"M\\u00f5is\"}},{\"@type\":\"ListItem\",\"position\":3,\"item\":{\"@type\":\"WebPage\",\"@id\":\"https:\/\/padaste.ee\/et\/mois\/tootoad-ja-eriuritused\/\",\"url\":\"https:\/\/padaste.ee\/et\/mois\/tootoad-ja-eriuritused\/\",\"name\":\"T\\u00f6\\u00f6toad ja eri\\u00fcritused\"}}]}]}<\/script>\n<!-- \/ Yoast SEO plugin. -->","_links":{"self":[{"href":"https:\/\/xn--pdaste-bua.eu\/et\/wp-json\/wp\/v2\/pages\/8632"}],"collection":[{"href":"https:\/\/xn--pdaste-bua.eu\/et\/wp-json\/wp\/v2\/pages"}],"about":[{"href":"https:\/\/xn--pdaste-bua.eu\/et\/wp-json\/wp\/v2\/types\/page"}],"author":[{"embeddable":true,"href":"https:\/\/xn--pdaste-bua.eu\/et\/wp-json\/wp\/v2\/users\/50"}],"replies":[{"embeddable":true,"href":"https:\/\/xn--pdaste-bua.eu\/et\/wp-json\/wp\/v2\/comments?post=8632"}],"version-history":[{"count":4,"href":"https:\/\/xn--pdaste-bua.eu\/et\/wp-json\/wp\/v2\/pages\/8632\/revisions"}],"predecessor-version":[{"id":18385,"href":"https:\/\/xn--pdaste-bua.eu\/et\/wp-json\/wp\/v2\/pages\/8632\/revisions\/18385"}],"up":[{"embeddable":true,"href":"https:\/\/xn--pdaste-bua.eu\/et\/wp-json\/wp\/v2\/pages\/8574"}],"wp:featuredmedia":[{"embeddable":true,"href":"https:\/\/xn--pdaste-bua.eu\/et\/wp-json\/wp\/v2\/media\/12046"}],"wp:attachment":[{"href":"https:\/\/xn--pdaste-bua.eu\/et\/wp-json\/wp\/v2\/media?parent=8632"}],"curies":[{"name":"wp","href":"https:\/\/api.w.org\/{rel}","templated":true}]}}