{"id":8657,"date":"2018-01-08T19:11:33","date_gmt":"2018-01-08T19:11:33","guid":{"rendered":"http:\/\/padastenew.local\/?page_id=8657"},"modified":"2024-08-06T21:43:11","modified_gmt":"2024-08-06T21:43:11","slug":"muhu-saun","status":"publish","type":"page","link":"https:\/\/xn--pdaste-bua.eu\/et\/spa\/muhu-saun\/","title":{"rendered":"Muhu puuk\u00fcttega saun"},"content":{"rendered":"<p><span style=\"color: #f52a2a; font-size: 22px;\">Puuk\u00fctte sauna soojus ja leil on erilise h\u00f5nguga! 80-90\u00b0C<\/span><\/p>\n<p>&nbsp;<\/p>\n<p>&nbsp;<\/p>\n<p><img loading=\"lazy\" class=\"wp-image-8776 alignright\" title=\"Muhu saun\" src=\"http:\/\/padaste.ee\/wp-content\/uploads\/2015\/07\/3073567826_638dd5e9da_z.jpg\" alt=\"3073567826_638dd5e9da_z\" width=\"414\" height=\"620\" srcset=\"https:\/\/xn--pdaste-bua.eu\/wp-content\/uploads\/2015\/07\/3073567826_638dd5e9da_z.jpg 450w, https:\/\/xn--pdaste-bua.eu\/wp-content\/uploads\/2015\/07\/3073567826_638dd5e9da_z-200x300.jpg 200w, https:\/\/xn--pdaste-bua.eu\/wp-content\/uploads\/2015\/07\/3073567826_638dd5e9da_z-16x24.jpg 16w, https:\/\/xn--pdaste-bua.eu\/wp-content\/uploads\/2015\/07\/3073567826_638dd5e9da_z-24x36.jpg 24w, https:\/\/xn--pdaste-bua.eu\/wp-content\/uploads\/2015\/07\/3073567826_638dd5e9da_z-32x48.jpg 32w\" sizes=\"(max-width: 414px) 100vw, 414px\" \/><\/p>\n<p>J\u00e4tkame P\u00e4dastes traditsioonilise Muhu puuk\u00fcttega sauna pakkumise tava. &nbsp;Naudi privaatset sauna omade seltsis enne massaa\u017ei v\u00f5i eraldiseisva elamusena, vihtle terviseks ja karasta end <a href=\"https:\/\/padaste.ee\/et\/spa\/siberi-kulmavee-tors\/\">P\u00f5hjala k\u00fclmaveet\u00f5rres<\/a>, mis asub kaunil spaaterrassil. T\u00f5eline l\u00f5\u00f5gastus ja v\u00e4rskendus ootavad teid meie naturaalses spaakeskkonnas.<\/p>\n<p>&nbsp;<\/p>\n<p>Uuendatud Muhu sauna seinad on meeldiva aroomiga mustast lepast ja uus kivikeris annab pika ja maheda leilikogemuse. Saun on privaatne ja ainult teie p\u00e4ralt. Sauna terrass ja k\u00fclmaveet\u00f5rs on k\u00f5igi SPA k\u00fclaliste \u00fchiskasutuses.<\/p>\n<p>&nbsp;<\/p>\n<p><strong>Muhu puuk\u00fcttega sauna eelised:<\/strong><\/p>\n<ul>\n<li><strong>S\u00fcgav l\u00f5\u00f5gastus ja stressi leevendamine:<\/strong> Puuk\u00fctte saun pakub rahustavat, niisket kuumust ja looduslikku aroomi, mis aitavad leevendada pingeid ja stressi.<\/li>\n<li><strong>Paranenud vereringe:<\/strong> Kuumus stimuleerib vereringet, parandades toitainete ja hapniku voolu kogu kehas.<\/li>\n<li><strong>Detoksifikatsioon:<\/strong> Higistamine saunas aitab v\u00e4ljutada toksiine, puhastades nahka ja keha.<\/li>\n<li><strong>Naha tervis:<\/strong> Saun koos kooriva soola ja orgaanilise meega j\u00e4tab naha pehmeks ja s\u00e4ravaks.<\/li>\n<li><strong>Immuuns\u00fcsteemi tugevdamine:<\/strong> Saunatamine ja sellele j\u00e4rgnev k\u00fclm vette kastmine stimuleerivad immuuns\u00fcsteemi, muutes keha vastupidavamaks haiguste suhtes.<\/li>\n<\/ul>\n<p>&nbsp;<\/p>\n<p>Meie poolt kuulub saunaprotseduuri juurde keha koorimiseks sobiv sool, P\u00e4daste oma aia orgaaniline mesi ning kaseviht. Lisatasu eest on v\u00f5imalik juurde soetada kadakaviht, mis oma s\u00e4rtsakuse ja eeterlike aroomidega muudab saunatamise veelgi nauditavamaks.<\/p>\n<p>&nbsp;<\/p>\n<p>Kogege P\u00e4daste Muhu puuk\u00fcttega sauna \u2013 sest te v\u00e4\u00e4rite parimat l\u00f5\u00f5gastust ja heaolu.<\/p>\n<p>&nbsp;<\/p>\n","protected":false},"excerpt":{"rendered":"<p>Puuk\u00fctte sauna soojus ja leil on erilise h\u00f5nguga! 80-90\u00b0C &nbsp; &nbsp; J\u00e4tkame P\u00e4dastes traditsioonilise Muhu puuk\u00fcttega sauna pakkumise tava. &nbsp;Naudi privaatset sauna omade seltsis enne massaa\u017ei v\u00f5i eraldiseisva elamusena, vihtle terviseks ja karasta end P\u00f5hjala k\u00fclmaveet\u00f5rres, mis asub kaunil spaaterrassil. T\u00f5eline l\u00f5\u00f5gastus ja v\u00e4rskendus ootavad teid meie naturaalses spaakeskkonnas. &nbsp; Uuendatud Muhu sauna seinad on [&hellip;]<\/p>\n","protected":false},"author":50,"featured_media":8776,"parent":8578,"menu_order":2,"comment_status":"closed","ping_status":"closed","template":"","meta":{"ngg_post_thumbnail":0,"_links_to":"","_links_to_target":""},"yoast_head":"<!-- This site is optimized with the Yoast SEO plugin v16.1.1 - https:\/\/yoast.com\/wordpress\/plugins\/seo\/ -->\n<title>Muhu puuk\u00fcttega saun -<\/title>\n<link rel=\"canonical\" href=\"https:\/\/xn--pdaste-bua.eu\/et\/spa\/muhu-saun\/\" \/>\n<meta property=\"og:locale\" content=\"et_EE\" \/>\n<meta property=\"og:type\" content=\"article\" \/>\n<meta property=\"og:title\" content=\"Muhu puuk\u00fcttega saun -\" \/>\n<meta property=\"og:description\" content=\"Puuk\u00fctte sauna soojus ja leil on erilise h\u00f5nguga! 80-90\u00b0C &nbsp; &nbsp; J\u00e4tkame P\u00e4dastes traditsioonilise Muhu puuk\u00fcttega sauna pakkumise tava. &nbsp;Naudi privaatset sauna omade seltsis enne massaa\u017ei v\u00f5i eraldiseisva elamusena, vihtle terviseks ja karasta end P\u00f5hjala k\u00fclmaveet\u00f5rres, mis asub kaunil spaaterrassil. T\u00f5eline l\u00f5\u00f5gastus ja v\u00e4rskendus ootavad teid meie naturaalses spaakeskkonnas. &nbsp; Uuendatud Muhu sauna seinad on [&hellip;]\" \/>\n<meta property=\"og:url\" content=\"https:\/\/xn--pdaste-bua.eu\/et\/spa\/muhu-saun\/\" \/>\n<meta property=\"article:publisher\" content=\"https:\/\/www.facebook.com\/Padastemanor\/\" \/>\n<meta property=\"article:modified_time\" content=\"2024-08-06T21:43:11+00:00\" \/>\n<meta property=\"og:image\" content=\"https:\/\/xn--pdaste-bua.eu\/wp-content\/uploads\/2015\/07\/3073567826_638dd5e9da_z.jpg\" \/>\n\t<meta property=\"og:image:width\" content=\"450\" \/>\n\t<meta property=\"og:image:height\" content=\"674\" \/>\n<meta name=\"twitter:card\" content=\"summary_large_image\" \/>\n<meta name=\"twitter:label1\" content=\"Est. reading time\">\n\t<meta name=\"twitter:data1\" content=\"2 minutit\">\n<script type=\"application\/ld+json\" class=\"yoast-schema-graph\">{\"@context\":\"https:\/\/schema.org\",\"@graph\":[{\"@type\":\"Organization\",\"@id\":\"https:\/\/xn--pdaste-bua.ee\/et\/#organization\",\"name\":\"P\\u00e4daste M\\u00f5is\",\"url\":\"https:\/\/xn--pdaste-bua.ee\/et\/\",\"sameAs\":[\"https:\/\/www.facebook.com\/Padastemanor\/\"],\"logo\":{\"@type\":\"ImageObject\",\"@id\":\"https:\/\/xn--pdaste-bua.ee\/et\/#logo\",\"inLanguage\":\"et\",\"url\":\"https:\/\/padaste.ee\/wp-content\/uploads\/2018\/12\/padaste_2011.jpg\",\"contentUrl\":\"https:\/\/padaste.ee\/wp-content\/uploads\/2018\/12\/padaste_2011.jpg\",\"width\":154,\"height\":61,\"caption\":\"P\\u00e4daste M\\u00f5is\"},\"image\":{\"@id\":\"https:\/\/xn--pdaste-bua.ee\/et\/#logo\"}},{\"@type\":\"WebSite\",\"@id\":\"https:\/\/xn--pdaste-bua.ee\/et\/#website\",\"url\":\"https:\/\/xn--pdaste-bua.ee\/et\/\",\"name\":\"\",\"description\":\"\",\"publisher\":{\"@id\":\"https:\/\/xn--pdaste-bua.ee\/et\/#organization\"},\"potentialAction\":[{\"@type\":\"SearchAction\",\"target\":\"https:\/\/xn--pdaste-bua.ee\/et\/?s={search_term_string}\",\"query-input\":\"required name=search_term_string\"}],\"inLanguage\":\"et\"},{\"@type\":\"ImageObject\",\"@id\":\"https:\/\/xn--pdaste-bua.eu\/et\/spa\/muhu-saun\/#primaryimage\",\"inLanguage\":\"et\",\"url\":\"https:\/\/xn--pdaste-bua.eu\/wp-content\/uploads\/2015\/07\/3073567826_638dd5e9da_z.jpg\",\"contentUrl\":\"https:\/\/xn--pdaste-bua.eu\/wp-content\/uploads\/2015\/07\/3073567826_638dd5e9da_z.jpg\",\"width\":450,\"height\":674},{\"@type\":\"WebPage\",\"@id\":\"https:\/\/xn--pdaste-bua.eu\/et\/spa\/muhu-saun\/#webpage\",\"url\":\"https:\/\/xn--pdaste-bua.eu\/et\/spa\/muhu-saun\/\",\"name\":\"Muhu puuk\\u00fcttega saun -\",\"isPartOf\":{\"@id\":\"https:\/\/xn--pdaste-bua.ee\/et\/#website\"},\"primaryImageOfPage\":{\"@id\":\"https:\/\/xn--pdaste-bua.eu\/et\/spa\/muhu-saun\/#primaryimage\"},\"datePublished\":\"2018-01-08T19:11:33+00:00\",\"dateModified\":\"2024-08-06T21:43:11+00:00\",\"breadcrumb\":{\"@id\":\"https:\/\/xn--pdaste-bua.eu\/et\/spa\/muhu-saun\/#breadcrumb\"},\"inLanguage\":\"et\",\"potentialAction\":[{\"@type\":\"ReadAction\",\"target\":[\"https:\/\/xn--pdaste-bua.eu\/et\/spa\/muhu-saun\/\"]}]},{\"@type\":\"BreadcrumbList\",\"@id\":\"https:\/\/xn--pdaste-bua.eu\/et\/spa\/muhu-saun\/#breadcrumb\",\"itemListElement\":[{\"@type\":\"ListItem\",\"position\":1,\"item\":{\"@type\":\"WebPage\",\"@id\":\"https:\/\/xn--pdaste-bua.ee\/et\/\",\"url\":\"https:\/\/xn--pdaste-bua.ee\/et\/\",\"name\":\"Home\"}},{\"@type\":\"ListItem\",\"position\":2,\"item\":{\"@type\":\"WebPage\",\"@id\":\"https:\/\/padaste.ee\/et\/spa\/\",\"url\":\"https:\/\/padaste.ee\/et\/spa\/\",\"name\":\"Spa &#8211; Kuue meele p\\u00fchamu\"}},{\"@type\":\"ListItem\",\"position\":3,\"item\":{\"@type\":\"WebPage\",\"@id\":\"https:\/\/xn--pdaste-bua.eu\/et\/spa\/muhu-saun\/\",\"url\":\"https:\/\/xn--pdaste-bua.eu\/et\/spa\/muhu-saun\/\",\"name\":\"Muhu puuk\\u00fcttega saun\"}}]}]}<\/script>\n<!-- \/ Yoast SEO plugin. -->","_links":{"self":[{"href":"https:\/\/xn--pdaste-bua.eu\/et\/wp-json\/wp\/v2\/pages\/8657"}],"collection":[{"href":"https:\/\/xn--pdaste-bua.eu\/et\/wp-json\/wp\/v2\/pages"}],"about":[{"href":"https:\/\/xn--pdaste-bua.eu\/et\/wp-json\/wp\/v2\/types\/page"}],"author":[{"embeddable":true,"href":"https:\/\/xn--pdaste-bua.eu\/et\/wp-json\/wp\/v2\/users\/50"}],"replies":[{"embeddable":true,"href":"https:\/\/xn--pdaste-bua.eu\/et\/wp-json\/wp\/v2\/comments?post=8657"}],"version-history":[{"count":15,"href":"https:\/\/xn--pdaste-bua.eu\/et\/wp-json\/wp\/v2\/pages\/8657\/revisions"}],"predecessor-version":[{"id":22195,"href":"https:\/\/xn--pdaste-bua.eu\/et\/wp-json\/wp\/v2\/pages\/8657\/revisions\/22195"}],"up":[{"embeddable":true,"href":"https:\/\/xn--pdaste-bua.eu\/et\/wp-json\/wp\/v2\/pages\/8578"}],"wp:featuredmedia":[{"embeddable":true,"href":"https:\/\/xn--pdaste-bua.eu\/et\/wp-json\/wp\/v2\/media\/8776"}],"wp:attachment":[{"href":"https:\/\/xn--pdaste-bua.eu\/et\/wp-json\/wp\/v2\/media?parent=8657"}],"curies":[{"name":"wp","href":"https:\/\/api.w.org\/{rel}","templated":true}]}}