{"id":8673,"date":"2014-04-16T11:37:04","date_gmt":"2014-04-16T11:37:04","guid":{"rendered":"http:\/\/padastenew.local\/?page_id=8673"},"modified":"2025-08-07T11:34:20","modified_gmt":"2025-08-07T11:34:20","slug":"alexander","status":"publish","type":"page","link":"https:\/\/xn--pdaste-bua.eu\/et\/kook\/alexander\/","title":{"rendered":"Alexander"},"content":{"rendered":"<p><a href=\"http:\/\/www.padaste.ee\/wp-content\/uploads\/2019\/02\/imgl7384_fullsize_fotograaf-lauri_-laan-1.jpg\"><img loading=\"lazy\" class=\"alignright wp-image-15096 size-front_thumb\" src=\"http:\/\/www.padaste.ee\/wp-content\/uploads\/2019\/02\/imgl7384_fullsize_fotograaf-lauri_-laan-1-450x220.jpg\" alt=\"\" width=\"450\" height=\"220\" \/><\/a><\/p>\n<h1><span style=\"color: #ea2135; font-size: 24px;\"><strong>Sihtkoht, mis on teekonda v\u00e4\u00e4rt.<\/strong><\/span><\/h1>\n<p>&nbsp;<\/p>\n<p>Restoran Alexander asub m\u00f5isa H\u00e4rrastemaja kesksemal &amp; auv\u00e4\u00e4rsemal kohal. Elegantselt avatud ruumijaotus &amp; k\u00f5rged laed avavad vaate p\u00e4ikeselisele talveaiale ning m\u00f5isapargi iidsetele puudele.<\/p>\n<p>&nbsp;<\/p>\n<p>Tunnustatud oma kulinaarse meisterlikkuse eest, on restoran Alexander p\u00e4lvinud Falstaffi hinnangul <strong>neli kahvlit<\/strong>. 2025. aastal omistas Falstaff restoranile <strong>95 punkti<\/strong>, asetades Alexanderi mainekale <strong>kolmandale kohale Eestis<\/strong> ning <strong>esikohale v\u00e4ljaspool Tallinna<\/strong>.<\/p>\n<p>&nbsp;<\/p>\n<p>Kolmandat aastat j\u00e4rjest on <a href=\"https:\/\/guide.michelin.com\/en\/ee\/restaurants\" target=\"_blank\" rel=\"noopener\"><strong>Michelini giid 2025<\/strong><\/a> valinud <a href=\"https:\/\/guide.michelin.com\/en\/saane-maakond\/padaste_1466472\/restaurant\/alexander\" target=\"_blank\" rel=\"noopener\"><strong>restorani Alexanderi<\/strong><\/a> oma prestii\u017eikasse restoranide nimekirja ning Alexanderi esile toonud ka kui <a href=\"https:\/\/guide.michelin.com\/se\/en\/article\/dining-out\/the-best-restaurants-for-lunch-in-estonia\" target=\"_blank\" rel=\"noopener\">parim l\u00f5unarestoran Eestis<\/a>, t\u00f5stes esile selle meistriklassi k\u00f6\u00f6gikunstis \u2013 iga roog on omaette elamus, peegeldades looduse &amp; P\u00f5hjala Saarte K\u00f6\u00f6gi essentsi. Omapoolse v\u00f5lu lisab restorani asukoht imelisel <a href=\"https:\/\/guide.michelin.com\/ee\/en\/article\/travel\/muhu-island---a-haven-of-peace-tranquility\" target=\"_blank\" rel=\"noopener\"><strong>Muhu saarel<\/strong><\/a>.\u00a0<\/p>\n<p>&nbsp;<\/p>\n<p>Restorani j\u00e4rjepidevalt k\u00f5rget taset kinnitab ka<strong> La Liste<\/strong>, mis on toonud Alexanderi <a href=\"https:\/\/www.laliste.com\/en\/laliste\/world\" target=\"_blank\" rel=\"noopener\"><strong>maailma 1000 parima restorani<\/strong><\/a> hulka alates 2021. aastast, r\u00f5hutades selle rahvusvahelist tunnustust.<\/p>\n<p>&nbsp;<\/p>\n<p>Pikka aega juhtis Alexander ka <em><strong>Nordic White Guide<\/strong><\/em>&#8216;i <strong>Eesti parimate restoranide<\/strong> edetabelit, p\u00e4lvides ihaldatud &#8220;Meistriklassi&#8221; klassifikatsiooni, mida omistatakse vaid P\u00f5hjamaade tippk\u00f6\u00f6kidele.<\/p>\n<p>&nbsp;<\/p>\n<p>&nbsp;<\/p>\n<p><em><a href=\"http:\/\/www.padaste.ee\/wp-content\/uploads\/2023\/03\/imgc0091_fullsize_fotograaf-lauri_-laan_-scaled.jpg\"><img loading=\"lazy\" class=\"size-medium wp-image-19638 alignright\" src=\"http:\/\/www.padaste.ee\/wp-content\/uploads\/2023\/03\/imgc0091_fullsize_fotograaf-lauri_-laan_-200x300.jpg\" alt=\"\" width=\"200\" height=\"300\" srcset=\"https:\/\/xn--pdaste-bua.eu\/wp-content\/uploads\/2023\/03\/imgc0091_fullsize_fotograaf-lauri_-laan_-200x300.jpg 200w, https:\/\/xn--pdaste-bua.eu\/wp-content\/uploads\/2023\/03\/imgc0091_fullsize_fotograaf-lauri_-laan_-683x1024.jpg 683w, https:\/\/xn--pdaste-bua.eu\/wp-content\/uploads\/2023\/03\/imgc0091_fullsize_fotograaf-lauri_-laan_-768x1151.jpg 768w, https:\/\/xn--pdaste-bua.eu\/wp-content\/uploads\/2023\/03\/imgc0091_fullsize_fotograaf-lauri_-laan_-1025x1536.jpg 1025w, https:\/\/xn--pdaste-bua.eu\/wp-content\/uploads\/2023\/03\/imgc0091_fullsize_fotograaf-lauri_-laan_-1366x2048.jpg 1366w, https:\/\/xn--pdaste-bua.eu\/wp-content\/uploads\/2023\/03\/imgc0091_fullsize_fotograaf-lauri_-laan_-16x24.jpg 16w, https:\/\/xn--pdaste-bua.eu\/wp-content\/uploads\/2023\/03\/imgc0091_fullsize_fotograaf-lauri_-laan_-24x36.jpg 24w, https:\/\/xn--pdaste-bua.eu\/wp-content\/uploads\/2023\/03\/imgc0091_fullsize_fotograaf-lauri_-laan_-32x48.jpg 32w, https:\/\/xn--pdaste-bua.eu\/wp-content\/uploads\/2023\/03\/imgc0091_fullsize_fotograaf-lauri_-laan_-scaled.jpg 1708w\" sizes=\"(max-width: 200px) 100vw, 200px\" \/><\/a><span style=\"font-size: 18px;\">Chef de Cuisine <\/span><\/em><span style=\"font-size: 18px;\"><strong><a href=\"https:\/\/www.padaste.ee\/wp-content\/uploads\/2023\/06\/achim-braitsch-profile.pdf\" target=\"_blank\" rel=\"noopener\">Achim Braitsch<\/a><\/strong> &amp; tema tiim restoranis Alexander<\/span><\/p>\n<p><span style=\"font-size: 16px;\">toovad uhkusega lauale <strong><a href=\"https:\/\/www.padaste.ee\/wp-content\/uploads\/2023\/03\/nic_est_2023-1.pdf\" target=\"_blank\" rel=\"noopener\">P\u00f5hjala saarte k\u00f6\u00f6gi<\/a>\u00a0<\/strong>maitseelamusi, austades kohalikke traditsioone &amp; iga aastaaja mitmek\u00fclgseid v\u00f5imalusi. Peakokk kasutab igap\u00e4evaselt kohalike talunike toodangut, P\u00e4daste m\u00f5isa \u00fcrdiaia v\u00e4rskeid maitsetaimi &amp; k\u00f6\u00f6givilju.\u00a0<\/span><\/p>\n<p data-start=\"389\" data-end=\"551\">\u00a0<\/p>\n<p class=\"\" data-start=\"389\" data-end=\"551\"><span style=\"font-size: 16px;\">P\u00e4daste M\u00f5is pakub kulinaarset kogemust, mis \u00fchendab suurlinnak\u00f6\u00f6gi parimad traditsioonid loodusl\u00e4hedaste maitsetega, luues ainulaadse ja meeldej\u00e4\u00e4va elamuse.<\/span><\/p>\n<p>&nbsp;<\/p>\n<p>&nbsp;<\/p>\n<p>9-k\u00e4iguline Saarte Degustatsioon, <a href=\"https:\/\/www.padaste.ee\/wp-content\/uploads\/2024\/04\/sample-of-the-islands-degustation-menu-2024-est.pdf\" target=\"_blank\" rel=\"noopener\">n\u00e4idismen\u00fc\u00fc<\/a> <span style=\"font-size: 16px;\"><span class=\"relative -mx-px my-[-0.2rem] rounded px-px py-[0.2rem] transition-colors duration-100 ease-in-out\"><em>\u2014 <\/em><\/span><\/span><strong>176 \u20ac\u00a0<\/strong><\/p>\n<p>9-k\u00e4iguline taimetoitlaste Saarte Degustatsioon, <a href=\"https:\/\/www.padaste.ee\/wp-content\/uploads\/2024\/04\/sample-of-the-vegetarian-islands-degustation-menu-2024-est.pdf\" target=\"_blank\" rel=\"noopener\">n\u00e4idismen\u00fc\u00fc<\/a> <span style=\"font-size: 16px;\"><span class=\"relative -mx-px my-[-0.2rem] rounded px-px py-[0.2rem] transition-colors duration-100 ease-in-out\"><em>\u2014 <\/em><\/span><\/span><strong>176 \u20ac<\/strong><\/p>\n<p>4-k\u00e4iguline igap\u00e4evaselt muutuv <em>Table d&#8217;H\u00f4te<\/em> men\u00fc\u00fc <span style=\"font-size: 16px;\"><span class=\"relative -mx-px my-[-0.2rem] rounded px-px py-[0.2rem] transition-colors duration-100 ease-in-out\"><em>\u2014 <\/em><\/span><\/span><strong>141 \u20ac<\/strong><\/p>\n<p>2-k\u00e4iguline \u00f5htus\u00f6\u00f6gimen\u00fc\u00fc lastele\u00a0<em>(6-12a) <span style=\"font-size: 16px;\"><span class=\"relative -mx-px my-[-0.2rem] rounded px-px py-[0.2rem] transition-colors duration-100 ease-in-out\">\u2014<\/span><\/span><\/em>\u00a0<strong>59<\/strong>\u00a0<strong>\u20ac<\/strong><\/p>\n<p>&nbsp;<\/p>\n<p>Kaheksa sobitatud veini <span style=\"font-size: 16px;\"><span class=\"relative -mx-px my-[-0.2rem] rounded px-px py-[0.2rem] transition-colors duration-100 ease-in-out\"><em>\u2014 <\/em><\/span><\/span><strong>142<\/strong>\u00a0<strong>\u20ac<\/strong><\/p>\n<p>Kaheksa spetsiaalselt valmistatud alkoholivaba jooki <span style=\"font-size: 16px;\"><span class=\"relative -mx-px my-[-0.2rem] rounded px-px py-[0.2rem] transition-colors duration-100 ease-in-out\"><em>\u2014 <\/em><\/span><\/span><strong>110<\/strong> <strong>\u20ac<\/strong><\/p>\n<p>Neli sobitatud veini <span style=\"font-size: 16px;\"><span class=\"relative -mx-px my-[-0.2rem] rounded px-px py-[0.2rem] transition-colors duration-100 ease-in-out\"><em>\u2014 <\/em><\/span><\/span><strong>76 \u20ac<\/strong><\/p>\n<p>&nbsp;<\/p>\n<p><span style=\"font-size: 15px;\"><!-- DinnerBooking Booking Box Start --><script src=\"http:\/\/js.i.dinnerbooking.eu\/onlinebooking.js\" type=\"text\/javascript\"><\/script><\/span><\/p>\n<p><span style=\"font-size: 15px;\"> <a id=\"wd_new\" class=\"btn_red\" title=\"Broneeri laud restoranis Alexander\" href=\"https:\/\/book.dinnerbooking.com\/ee\/et-EE\/book\/table\/pax\/265\/2\">Broneeri laud restoranis Alexander<\/a> <\/span><\/p>\n<p><span style=\"font-size: 15px;\"><!-- DinnerBooking Booking Box End --><\/span><\/p>\n<p>&nbsp;<\/p>\n<p><strong>9-k\u00e4igulise men\u00fc\u00fc tellimiseks palume broneeringu teha v\u00e4hemalt 24 tundi ette.<\/strong><\/p>\n<p>&nbsp;<\/p>\n<p>&nbsp;<\/p>\n<p><img loading=\"lazy\" class=\"size-medium wp-image-13358 alignright\" src=\"http:\/\/www.padaste.ee\/wp-content\/uploads\/2019\/02\/imgl7313_websize_fotograaf-lauri_-laan_-2-200x300.jpg\" alt=\"\" width=\"200\" height=\"300\" srcset=\"https:\/\/xn--pdaste-bua.eu\/wp-content\/uploads\/2019\/02\/imgl7313_websize_fotograaf-lauri_-laan_-2-200x300.jpg 200w, https:\/\/xn--pdaste-bua.eu\/wp-content\/uploads\/2019\/02\/imgl7313_websize_fotograaf-lauri_-laan_-2-768x1152.jpg 768w, https:\/\/xn--pdaste-bua.eu\/wp-content\/uploads\/2019\/02\/imgl7313_websize_fotograaf-lauri_-laan_-2-683x1024.jpg 683w, https:\/\/xn--pdaste-bua.eu\/wp-content\/uploads\/2019\/02\/imgl7313_websize_fotograaf-lauri_-laan_-2-16x24.jpg 16w, https:\/\/xn--pdaste-bua.eu\/wp-content\/uploads\/2019\/02\/imgl7313_websize_fotograaf-lauri_-laan_-2-24x36.jpg 24w, https:\/\/xn--pdaste-bua.eu\/wp-content\/uploads\/2019\/02\/imgl7313_websize_fotograaf-lauri_-laan_-2-32x48.jpg 32w, https:\/\/xn--pdaste-bua.eu\/wp-content\/uploads\/2019\/02\/imgl7313_websize_fotograaf-lauri_-laan_-2.jpg 1280w\" sizes=\"(max-width: 200px) 100vw, 200px\" \/><\/p>\n<p><span style=\"color: #ff0000; font-size: 18px;\"><strong>Peakoka \u00fchislaud restoranis Alexander<\/strong><\/span><\/p>\n<p><span style=\"font-size: 16px;\">T\u00e4htis pole sihtkoht, vaid teekond, mida jagad intrigeeriva seltskonnaga.<\/span><\/p>\n<p>&nbsp;<\/p>\n<p style=\"text-align: center;\"><span style=\"font-size: 16px;\"><em>\u201cPossibly one of the best dining experiences my partner and I have ever had.\u00a0 <\/em><\/span><span style=\"font-size: 16px;\"><em>It exceeded beyond our expectations &#8211; from the delicious food, fantastic wine pairing, the beautiful ambiance <\/em><\/span><\/p>\n<p style=\"text-align: center;\"><span style=\"font-size: 16px;\"><em>and the exceptional service.\u201d<\/em><\/span><\/p>\n<p style=\"text-align: center;\"><span style=\"font-size: 16px;\">\u2028Tagasiside k\u00fclaliselt Jacynth Bassett<\/span><\/p>\n<p>&nbsp;<\/p>\n<p>&nbsp;<\/p>\n<p><span style=\"font-size: 16px;\">Intiimset \u00f5htus\u00f6\u00f6gikogemust v\u00f5\u00f5rustab <em>Chef de Cuisine<\/em> <strong>Achim Braitsch.<\/strong> Koos oma tiimiga, viib ta k\u00fclalised meie omap\u00e4rase <strong>Saarte Degustatsioonimen\u00fc\u00fc<\/strong> v\u00e4rvikasse maailma, kus iga k\u00e4ik jutustab loo kohalikust rikkalikust &amp; n\u00fcansirohkest maitsepaletist.<\/span><\/p>\n<p>&nbsp;<\/p>\n<p><span style=\"font-size: 16px;\">\u00d5htu, mis toob kokku inimesed, kes hindavad s\u00fcdamega valmistatud toitu, head veini &amp; tasemel teenindust. <\/span><span style=\"font-size: 16px;\">\u00d5htu, mis avab uksed v\u00e4rsketele tutvustele ning meeldivale vestlusele.\u00a0<\/span><\/p>\n<p>&nbsp;<\/p>\n<p><span style=\"font-size: 16px;\"><strong>Peakoka \u00fchislaud <\/strong>asub restoran Alexander l\u00fchtrisaalis ning mahutab kuni 14 kulinaarset seiklejat igal \u00f5htul kolmap\u00e4evast p\u00fchap\u00e4evani. <span style=\"text-decoration: underline;\">\u00d5htus\u00f6\u00f6k peakoka \u00fchislauas algab<\/span> kell 19:00 &amp; l\u00f5peb orienteeruvalt kell 23:00. Eelnev broneering on ainus suurem pingutus, mida teilt ootame. <strong>Lubame teile meeldej\u00e4\u00e4vat \u00f5htut.<\/strong><\/span><\/p>\n<p>&nbsp;<\/p>\n<p>&nbsp;<\/p>\n<div class=\"page\" title=\"Page 1\">\n<div class=\"section\">\n<div class=\"layoutArea\">\n<div class=\"column\">\n<p><strong><span style=\"color: #ff0000;\">Privaatne \u00f5htus\u00f6\u00f6gilaud restoranisaalis<\/span><\/strong><\/p>\n<p><span style=\"font-size: 16px;\">Chef<em> de Cuisinem<\/em>Achim Braitsch k\u00f6\u00f6ki saate nautida ka restoran Alexanderi privaatses \u00f5htis\u00f6\u00f6gilauas.<\/span><\/p>\n<p><span style=\"font-size: 16px;\"><img loading=\"lazy\" class=\"size-medium wp-image-13353 alignright\" style=\"color: #ff0000;\" src=\"http:\/\/www.padaste.ee\/wp-content\/uploads\/2019\/02\/imgl9121_fullsize_fotograaf-lauri_-laan_-300x200.jpg\" alt=\"\" width=\"300\" height=\"200\" srcset=\"https:\/\/xn--pdaste-bua.eu\/wp-content\/uploads\/2019\/02\/imgl9121_fullsize_fotograaf-lauri_-laan_-300x200.jpg 300w, https:\/\/xn--pdaste-bua.eu\/wp-content\/uploads\/2019\/02\/imgl9121_fullsize_fotograaf-lauri_-laan_-768x512.jpg 768w, https:\/\/xn--pdaste-bua.eu\/wp-content\/uploads\/2019\/02\/imgl9121_fullsize_fotograaf-lauri_-laan_-1024x683.jpg 1024w, https:\/\/xn--pdaste-bua.eu\/wp-content\/uploads\/2019\/02\/imgl9121_fullsize_fotograaf-lauri_-laan_-24x16.jpg 24w, https:\/\/xn--pdaste-bua.eu\/wp-content\/uploads\/2019\/02\/imgl9121_fullsize_fotograaf-lauri_-laan_-36x24.jpg 36w, https:\/\/xn--pdaste-bua.eu\/wp-content\/uploads\/2019\/02\/imgl9121_fullsize_fotograaf-lauri_-laan_-48x32.jpg 48w\" sizes=\"(max-width: 300px) 100vw, 300px\" \/><\/span><\/p>\n<p><span style=\"font-size: 16px;\">V\u00f5imalus saada osa kas igap\u00e4evaselt muutuvast neljak\u00e4igulisest <em>Table d\u2019H\u00f4te<\/em> men\u00fc\u00fcst v\u00f5i Saarte Degustatsioonimen\u00fc\u00fcst.\u00a0<\/span><\/p>\n<\/div>\n<\/div>\n<\/div>\n<\/div>\n<p>&nbsp;<\/p>\n<div class=\"page\" title=\"Page 1\">\n<div class=\"section\">\n<div class=\"layoutArea\">\n<div class=\"column\">\n<p><span style=\"font-size: 16px;\"><span style=\"text-decoration: underline;\">Neljak\u00e4igulisele <em>Table d\u2019H\u00f4te<\/em> men\u00fc\u00fcle v\u00f5tame broneeringuid vastu<\/span> vahemikus 19:00 \u2013 21:30, <span style=\"text-decoration: underline;\">Saarte Degustatsioonimen\u00fc\u00fcle<\/span> vahemikus\u00a0 19:00 &#8211; 19:30.<\/span><\/p>\n<p>&nbsp;<\/p>\n<p><span style=\"font-size: 16px;\">Saarte Degustatsioonimen\u00fc\u00fcst saab kindlasti teie siinviibimise k\u00f5rghetk, eriti kui teil \u00f5nnestub seda nautida <strong>peakoka \u00fchislauas.<\/strong>\u00a0<\/span><\/p>\n<\/div>\n<\/div>\n<\/div>\n<\/div>\n<p>&nbsp;<\/p>\n<p>&nbsp;<\/p>\n<p><span style=\"color: #ff0000; font-size: 18px;\"><strong>L\u00f5unas\u00f6\u00f6k<\/strong><\/span><\/p>\n<p>on suvekuudel saadaval <a href=\"https:\/\/padaste.ee\/et\/kook\/padaste-jahtklubi\/\" target=\"_blank\" rel=\"noopener\"><strong>P\u00e4daste Jahtklubis<\/strong><\/a> ning kevadel &amp; s\u00fcgisel restoran Alexanderi talveaias.<\/p>\n<p>&nbsp;<\/p>\n<p><strong>L\u00f5unas\u00f6\u00f6giks restoranis Alexander<\/strong> pakume valikut kahe- v\u00f5i kolmek\u00e4igulise<em> Table d&#8217;Hote<\/em> men\u00fc\u00fc vahel. M\u00f5lemad on peakoka poolt igap\u00e4evases ja hooajalises muutumises, et maksimaalselt v\u00e4rsket kohalikku toorainet \u00e4ra kasutada.\u00a0<\/p>\n<p>Men\u00fc\u00fcde hinnad on vastavalt <strong>59 EUR<\/strong> ja <strong>67 EUR<\/strong> k\u00fclalise kohta. L\u00f5unas\u00f6\u00f6gi k\u00f5rvale soovitame sobitatud veinivalikut, mille on asjatundlikult kokku pannud meie<span style=\"font-size: 16px;\"> <em>ma\u00eetre d&#8217;<\/em>,<\/span> t\u00e4iustamaks peakoka men\u00fc\u00fcd. Alternatiivselt v\u00f5ite valiku teha meie joogikaardist.\u00a0<\/p>\n<p>&nbsp;<\/p>\n<p><strong>P\u00e4daste Jahtklubis<\/strong> serveerime l\u00f5unas\u00f6\u00f6giks lihtsamat ja m\u00f5nev\u00f5rra kergemas v\u00f5tmes k\u00f6\u00f6ki, pakkudes m\u00f5nusat kontrasti elegantsele P\u00f5hjala Saarte K\u00f6\u00f6gile, mida on k\u00fclalistel endiselt v\u00f5imalus \u00f5htus\u00f6\u00f6gi ajal nautida.<\/p>\n<p>&nbsp;<\/p>\n<p>Pretensioonitu &amp; lihtsusest pakatav P\u00e4daste Jahtklubi pakub rahulikku l\u00f5unaelamust harmoonilises \u00f5hkkonnas, mida t\u00e4iendavad hingematvad vaated m\u00f5isale &amp; merele, mis kannavad endas L\u00f5una-Euroopa h\u00f5ngu.<\/p>\n<p>\nToitude ning jookide valiku saate teha kohapeal.<\/p>\n<p>&nbsp;<\/p>\n<p>&nbsp;<\/p>\n<p><span style=\"color: #ff0000; font-size: 18px;\"><strong>Einestamise ajad &amp; broneeringud restoranis Alexander\u00a0<\/strong><\/span><\/p>\n<p><strong>Koha peakokalauas<\/strong> palume broneerida hiljemalt 24 tundi ette, kontakteerudes <a href=\"mailto:info@padaste.ee\" target=\"_blank\" rel=\"noopener\">info@padaste.ee<\/a> v\u00f5i <a href=\"tel:+3724548800\">+372 45 48 800<\/a>. <strong>Privaatse\u00a0\u00f5htus\u00f6\u00f6gilaua<\/strong> saab broneerida igal ajal ka meie kodulehel,<\/p>\n<p>&nbsp;<\/p>\n<p>Broneeringu kinnitamiseks on vajalik krediitkaardi garantii. <strong>Palume t\u00e4heldada,<\/strong> et kinnitatud broneeringud on l\u00f5plikud ning annulleerimise korral rakendub t\u00fchistamistasu 100% broneeringu maksumusest.<\/p>\n<p>&nbsp;<\/p>\n<p>P\u00e4daste k\u00f6\u00f6gi meeskond valmistab igap\u00e4evaselt v\u00e4rskeimast toorainest p\u00e4eva parimad valikud. Kui teil esineb <span style=\"color: #ea2135;\"><strong>toidutalumatust v\u00f5i erimen\u00fc\u00fc soove &amp; vajadusi<\/strong><\/span>, palun teavitage meid sellest hiljemalt 24 tundi enne saabumist ette, et j\u00f5uaksime just teile sobiva men\u00fc\u00fc valmistada.<\/p>\n<p>&nbsp;<\/p>\n<p><span style=\"color: #000000; font-size: 16px;\"><strong>Einestamise ajad<\/strong><\/span><\/p>\n<ul>\n<li>Restoran Alexander on avatud <strong>l\u00f5unas\u00f6\u00f6giks<\/strong> vahemikus 13:00 \u2013 15:00, kus viimased tellimused v\u00f5tame vastu kell 14:30.<\/li>\n<li><strong>Peakoka \u00fchislaud<\/strong> eeldab broneeringut v\u00e4hemalt 24h ette koos krediitkaardi garantiiga. Kinnitatud broneeringud on l\u00f5plikud ning annulleerimise korral rakendub t\u00fchistamistasu 100% broneeringu maksumusest.\u00a0<strong>\u00d5htus\u00f6\u00f6k peakoka \u00fchislauas<\/strong> algab kell 19:00.<\/li>\n<li><strong>Privaatse \u00f5htus\u00f6\u00f6gilaua<\/strong> saab broneerida <span style=\"font-size: 16px;\"><em>Table d\u2019H\u00f4te <\/em>men\u00fc\u00fcks <\/span>vahemikus 19:00 \u2013 21:30, kus k\u00f6\u00f6k v\u00f5tab viimase tellimuse kell 21:30.<\/li>\n<li><strong>Privaatse \u00f5htus\u00f6\u00f6gilaua<\/strong> saab broneerida Saarte Degustatsioonimen\u00fc\u00fcks vahemikus 19:00 \u2013 19:30.<\/li>\n<\/ul>\n<p>&nbsp;<\/p>\n<p>Palume <span style=\"color: #ea2135;\"><strong>riietuda<\/strong> <span style=\"color: #000000;\">igap\u00e4evases viisakas<\/span><strong> stiilis<\/strong><\/span>, tagamaks k\u00f5ikide k\u00fclaliste rahulolu. Sellega seoses oleme \u00f5htus\u00f6\u00f6gi ajaks restoranis Alexander kehtestanud lastele teatud piirangud &#8211; palun tutvuge meie <a href=\"https:\/\/www.padaste.ee\/wp-content\/uploads\/2022\/11\/imikute-ja-laste-eeskiri-restoranis-alexander-2023.pdf\" target=\"_blank\" rel=\"noopener\">imikute &amp; laste eeskirjaga<\/a> l\u00e4hemalt.<\/p>\n","protected":false},"excerpt":{"rendered":"<p>Sihtkoht, mis on teekonda v\u00e4\u00e4rt. &nbsp; Restoran Alexander asub m\u00f5isa H\u00e4rrastemaja kesksemal &amp; auv\u00e4\u00e4rsemal kohal. Elegantselt avatud ruumijaotus &amp; k\u00f5rged laed avavad vaate p\u00e4ikeselisele talveaiale ning m\u00f5isapargi iidsetele puudele. &nbsp; Tunnustatud oma kulinaarse meisterlikkuse eest, on restoran Alexander p\u00e4lvinud Falstaffi hinnangul neli kahvlit. 2025. aastal omistas Falstaff restoranile 95 punkti, asetades Alexanderi mainekale kolmandale kohale [&hellip;]<\/p>\n","protected":false},"author":50,"featured_media":20978,"parent":8580,"menu_order":1,"comment_status":"closed","ping_status":"closed","template":"","meta":{"ngg_post_thumbnail":0,"_links_to":"","_links_to_target":""},"yoast_head":"<!-- This site is optimized with the Yoast SEO plugin v16.1.1 - https:\/\/yoast.com\/wordpress\/plugins\/seo\/ -->\n<title>Alexander -<\/title>\n<link rel=\"canonical\" href=\"https:\/\/padaste.ee\/et\/kook\/alexander\/\" \/>\n<meta property=\"og:locale\" content=\"et_EE\" \/>\n<meta property=\"og:type\" content=\"article\" \/>\n<meta property=\"og:title\" content=\"Alexander -\" \/>\n<meta property=\"og:description\" content=\"Sihtkoht, mis on teekonda v\u00e4\u00e4rt. &nbsp; Restoran Alexander asub m\u00f5isa H\u00e4rrastemaja kesksemal &amp; auv\u00e4\u00e4rsemal kohal. Elegantselt avatud ruumijaotus &amp; k\u00f5rged laed avavad vaate p\u00e4ikeselisele talveaiale ning m\u00f5isapargi iidsetele puudele. &nbsp; Tunnustatud oma kulinaarse meisterlikkuse eest, on restoran Alexander p\u00e4lvinud Falstaffi hinnangul neli kahvlit. 2025. aastal omistas Falstaff restoranile 95 punkti, asetades Alexanderi mainekale kolmandale kohale [&hellip;]\" \/>\n<meta property=\"og:url\" content=\"https:\/\/padaste.ee\/et\/kook\/alexander\/\" \/>\n<meta property=\"article:publisher\" content=\"https:\/\/www.facebook.com\/Padastemanor\/\" \/>\n<meta property=\"article:modified_time\" content=\"2025-08-07T11:34:20+00:00\" \/>\n<meta property=\"og:image\" content=\"https:\/\/xn--pdaste-bua.eu\/wp-content\/uploads\/2023\/12\/dsc08786-scaled.jpg\" \/>\n\t<meta property=\"og:image:width\" content=\"2560\" \/>\n\t<meta property=\"og:image:height\" content=\"1811\" \/>\n<meta name=\"twitter:card\" content=\"summary_large_image\" \/>\n<meta name=\"twitter:label1\" content=\"Est. reading time\">\n\t<meta name=\"twitter:data1\" content=\"5 minutit\">\n<script type=\"application\/ld+json\" class=\"yoast-schema-graph\">{\"@context\":\"https:\/\/schema.org\",\"@graph\":[{\"@type\":\"Organization\",\"@id\":\"https:\/\/padaste.ee\/#organization\",\"name\":\"P\\u00e4daste M\\u00f5is\",\"url\":\"https:\/\/padaste.ee\/\",\"sameAs\":[\"https:\/\/www.facebook.com\/Padastemanor\/\"],\"logo\":{\"@type\":\"ImageObject\",\"@id\":\"https:\/\/padaste.ee\/#logo\",\"inLanguage\":\"et\",\"url\":\"https:\/\/padaste.ee\/wp-content\/uploads\/2018\/12\/padaste_2011.jpg\",\"contentUrl\":\"https:\/\/padaste.ee\/wp-content\/uploads\/2018\/12\/padaste_2011.jpg\",\"width\":154,\"height\":61,\"caption\":\"P\\u00e4daste M\\u00f5is\"},\"image\":{\"@id\":\"https:\/\/padaste.ee\/#logo\"}},{\"@type\":\"WebSite\",\"@id\":\"https:\/\/padaste.ee\/#website\",\"url\":\"https:\/\/padaste.ee\/\",\"name\":\"\",\"description\":\"\",\"publisher\":{\"@id\":\"https:\/\/padaste.ee\/#organization\"},\"potentialAction\":[{\"@type\":\"SearchAction\",\"target\":\"https:\/\/padaste.ee\/?s={search_term_string}\",\"query-input\":\"required name=search_term_string\"}],\"inLanguage\":\"et\"},{\"@type\":\"ImageObject\",\"@id\":\"https:\/\/padaste.ee\/et\/kook\/alexander\/#primaryimage\",\"inLanguage\":\"et\",\"url\":\"https:\/\/xn--pdaste-bua.eu\/wp-content\/uploads\/2023\/12\/dsc08786-scaled.jpg\",\"contentUrl\":\"https:\/\/xn--pdaste-bua.eu\/wp-content\/uploads\/2023\/12\/dsc08786-scaled.jpg\",\"width\":2560,\"height\":1811},{\"@type\":\"WebPage\",\"@id\":\"https:\/\/padaste.ee\/et\/kook\/alexander\/#webpage\",\"url\":\"https:\/\/padaste.ee\/et\/kook\/alexander\/\",\"name\":\"Alexander -\",\"isPartOf\":{\"@id\":\"https:\/\/padaste.ee\/#website\"},\"primaryImageOfPage\":{\"@id\":\"https:\/\/padaste.ee\/et\/kook\/alexander\/#primaryimage\"},\"datePublished\":\"2014-04-16T11:37:04+00:00\",\"dateModified\":\"2025-08-07T11:34:20+00:00\",\"breadcrumb\":{\"@id\":\"https:\/\/padaste.ee\/et\/kook\/alexander\/#breadcrumb\"},\"inLanguage\":\"et\",\"potentialAction\":[{\"@type\":\"ReadAction\",\"target\":[\"https:\/\/padaste.ee\/et\/kook\/alexander\/\"]}]},{\"@type\":\"BreadcrumbList\",\"@id\":\"https:\/\/padaste.ee\/et\/kook\/alexander\/#breadcrumb\",\"itemListElement\":[{\"@type\":\"ListItem\",\"position\":1,\"item\":{\"@type\":\"WebPage\",\"@id\":\"https:\/\/xn--pdaste-bua.eu\/et\/\",\"url\":\"https:\/\/xn--pdaste-bua.eu\/et\/\",\"name\":\"Home\"}},{\"@type\":\"ListItem\",\"position\":2,\"item\":{\"@type\":\"WebPage\",\"@id\":\"https:\/\/padaste.ee\/et\/kook\/\",\"url\":\"https:\/\/padaste.ee\/et\/kook\/\",\"name\":\"K\\u00f6\\u00f6k\"}},{\"@type\":\"ListItem\",\"position\":3,\"item\":{\"@type\":\"WebPage\",\"@id\":\"https:\/\/padaste.ee\/et\/kook\/alexander\/\",\"url\":\"https:\/\/padaste.ee\/et\/kook\/alexander\/\",\"name\":\"Alexander\"}}]}]}<\/script>\n<!-- \/ Yoast SEO plugin. -->","_links":{"self":[{"href":"https:\/\/xn--pdaste-bua.eu\/et\/wp-json\/wp\/v2\/pages\/8673"}],"collection":[{"href":"https:\/\/xn--pdaste-bua.eu\/et\/wp-json\/wp\/v2\/pages"}],"about":[{"href":"https:\/\/xn--pdaste-bua.eu\/et\/wp-json\/wp\/v2\/types\/page"}],"author":[{"embeddable":true,"href":"https:\/\/xn--pdaste-bua.eu\/et\/wp-json\/wp\/v2\/users\/50"}],"replies":[{"embeddable":true,"href":"https:\/\/xn--pdaste-bua.eu\/et\/wp-json\/wp\/v2\/comments?post=8673"}],"version-history":[{"count":177,"href":"https:\/\/xn--pdaste-bua.eu\/et\/wp-json\/wp\/v2\/pages\/8673\/revisions"}],"predecessor-version":[{"id":24810,"href":"https:\/\/xn--pdaste-bua.eu\/et\/wp-json\/wp\/v2\/pages\/8673\/revisions\/24810"}],"up":[{"embeddable":true,"href":"https:\/\/xn--pdaste-bua.eu\/et\/wp-json\/wp\/v2\/pages\/8580"}],"wp:featuredmedia":[{"embeddable":true,"href":"https:\/\/xn--pdaste-bua.eu\/et\/wp-json\/wp\/v2\/media\/20978"}],"wp:attachment":[{"href":"https:\/\/xn--pdaste-bua.eu\/et\/wp-json\/wp\/v2\/media?parent=8673"}],"curies":[{"name":"wp","href":"https:\/\/api.w.org\/{rel}","templated":true}]}}