{"id":8684,"date":"2015-04-14T11:45:58","date_gmt":"2015-04-14T11:45:58","guid":{"rendered":"http:\/\/padastenew.local\/?page_id=8684"},"modified":"2025-04-25T08:19:12","modified_gmt":"2025-04-25T08:19:12","slug":"vaimustav-catering","status":"publish","type":"page","link":"https:\/\/xn--pdaste-bua.eu\/et\/kook\/vaimustav-catering\/","title":{"rendered":"Vaimustav catering"},"content":{"rendered":"<p>&nbsp;<\/p>\n<p>Puhtad maitseelamused on P\u00f5hjala saarte k\u00f6\u00f6gi v\u00f5tmes\u00f5naks.<br \/>\nJust sellisena pakume ka m\u00f5isa catering-teenust &#8211; erakordsed, puhtad ja \u00fcllatuslikud maitsed \u00fchtesobitatuna.<\/p>\n<p>&nbsp;<\/p>\n<p>Tapas, suupisted, P\u00f5hjala buffet. Sobitatud veinivalikud sinnajuurde. Sees v\u00f5i v\u00e4ljas. Hommikus\u00f6\u00f6k, l\u00f5una-v\u00f5i \u00f5htueine, peolaud.<\/p>\n<p>&nbsp;<\/p>\n<p><span style=\"color: #ff0000;\"><strong>Meie peakokk&nbsp;Achim Braitsch ja tema meeskond loovad vaimustava cateringi<\/strong><\/span><\/p>\n<p>Miski ei ole meie jaoks tavap\u00e4rane &#8211; kui siis ehk meie oskused.<br \/>\nTeeme Sinu s\u00fcndmusest t\u00f5eliselt vaimustava gurmeeelamuse v\u00f5i m\u00e4ngime Sinu oskuste taustal tugimeeskonnana teise viiuli rolli.<\/p>\n<p>&nbsp;<\/p>\n<p>Sinu huvip\u00e4ringut ja k\u00fcsimusi ootab meie <i>Celebration &amp; Event Manager <\/i>meilile <a href=\"mailto:event@padaste.ee\">event@padaste.ee<\/a>.<\/p>\n","protected":false},"excerpt":{"rendered":"<p>&nbsp; Puhtad maitseelamused on P\u00f5hjala saarte k\u00f6\u00f6gi v\u00f5tmes\u00f5naks. Just sellisena pakume ka m\u00f5isa catering-teenust &#8211; erakordsed, puhtad ja \u00fcllatuslikud maitsed \u00fchtesobitatuna. &nbsp; Tapas, suupisted, P\u00f5hjala buffet. Sobitatud veinivalikud sinnajuurde. Sees v\u00f5i v\u00e4ljas. Hommikus\u00f6\u00f6k, l\u00f5una-v\u00f5i \u00f5htueine, peolaud. &nbsp; Meie peakokk&nbsp;Achim Braitsch ja tema meeskond loovad vaimustava cateringi Miski ei ole meie jaoks tavap\u00e4rane &#8211; kui siis [&hellip;]<\/p>\n","protected":false},"author":50,"featured_media":9319,"parent":8580,"menu_order":7,"comment_status":"closed","ping_status":"closed","template":"","meta":{"ngg_post_thumbnail":0,"_links_to":"","_links_to_target":""},"yoast_head":"<!-- This site is optimized with the Yoast SEO plugin v16.1.1 - https:\/\/yoast.com\/wordpress\/plugins\/seo\/ -->\n<title>Vaimustav catering -<\/title>\n<link rel=\"canonical\" href=\"https:\/\/padaste.ee\/et\/kook\/vaimustav-catering\/\" \/>\n<meta property=\"og:locale\" content=\"et_EE\" \/>\n<meta property=\"og:type\" content=\"article\" \/>\n<meta property=\"og:title\" content=\"Vaimustav catering -\" \/>\n<meta property=\"og:description\" content=\"&nbsp; Puhtad maitseelamused on P\u00f5hjala saarte k\u00f6\u00f6gi v\u00f5tmes\u00f5naks. Just sellisena pakume ka m\u00f5isa catering-teenust &#8211; erakordsed, puhtad ja \u00fcllatuslikud maitsed \u00fchtesobitatuna. &nbsp; Tapas, suupisted, P\u00f5hjala buffet. Sobitatud veinivalikud sinnajuurde. Sees v\u00f5i v\u00e4ljas. Hommikus\u00f6\u00f6k, l\u00f5una-v\u00f5i \u00f5htueine, peolaud. &nbsp; Meie peakokk&nbsp;Achim Braitsch ja tema meeskond loovad vaimustava cateringi Miski ei ole meie jaoks tavap\u00e4rane &#8211; kui siis [&hellip;]\" \/>\n<meta property=\"og:url\" content=\"https:\/\/padaste.ee\/et\/kook\/vaimustav-catering\/\" \/>\n<meta property=\"article:publisher\" content=\"https:\/\/www.facebook.com\/Padastemanor\/\" \/>\n<meta property=\"article:modified_time\" content=\"2025-04-25T08:19:12+00:00\" \/>\n<meta property=\"og:image\" content=\"https:\/\/xn--pdaste-bua.eu\/wp-content\/uploads\/2015\/07\/neh_menu_fall_2014_img_7922_fotograaf_lauri_laan_2-1_LR.jpg\" \/>\n\t<meta property=\"og:image:width\" content=\"3861\" \/>\n\t<meta property=\"og:image:height\" content=\"2574\" \/>\n<meta name=\"twitter:card\" content=\"summary_large_image\" \/>\n<meta name=\"twitter:label1\" content=\"Est. reading time\">\n\t<meta name=\"twitter:data1\" content=\"1 minut\">\n<script type=\"application\/ld+json\" class=\"yoast-schema-graph\">{\"@context\":\"https:\/\/schema.org\",\"@graph\":[{\"@type\":\"Organization\",\"@id\":\"https:\/\/padaste.ee\/#organization\",\"name\":\"P\\u00e4daste M\\u00f5is\",\"url\":\"https:\/\/padaste.ee\/\",\"sameAs\":[\"https:\/\/www.facebook.com\/Padastemanor\/\"],\"logo\":{\"@type\":\"ImageObject\",\"@id\":\"https:\/\/padaste.ee\/#logo\",\"inLanguage\":\"et\",\"url\":\"https:\/\/padaste.ee\/wp-content\/uploads\/2018\/12\/padaste_2011.jpg\",\"contentUrl\":\"https:\/\/padaste.ee\/wp-content\/uploads\/2018\/12\/padaste_2011.jpg\",\"width\":154,\"height\":61,\"caption\":\"P\\u00e4daste M\\u00f5is\"},\"image\":{\"@id\":\"https:\/\/padaste.ee\/#logo\"}},{\"@type\":\"WebSite\",\"@id\":\"https:\/\/padaste.ee\/#website\",\"url\":\"https:\/\/padaste.ee\/\",\"name\":\"\",\"description\":\"\",\"publisher\":{\"@id\":\"https:\/\/padaste.ee\/#organization\"},\"potentialAction\":[{\"@type\":\"SearchAction\",\"target\":\"https:\/\/padaste.ee\/?s={search_term_string}\",\"query-input\":\"required name=search_term_string\"}],\"inLanguage\":\"et\"},{\"@type\":\"ImageObject\",\"@id\":\"https:\/\/padaste.ee\/et\/kook\/vaimustav-catering\/#primaryimage\",\"inLanguage\":\"et\",\"url\":\"https:\/\/xn--pdaste-bua.eu\/wp-content\/uploads\/2015\/07\/neh_menu_fall_2014_img_7922_fotograaf_lauri_laan_2-1_LR.jpg\",\"contentUrl\":\"https:\/\/xn--pdaste-bua.eu\/wp-content\/uploads\/2015\/07\/neh_menu_fall_2014_img_7922_fotograaf_lauri_laan_2-1_LR.jpg\",\"width\":3861,\"height\":2574},{\"@type\":\"WebPage\",\"@id\":\"https:\/\/padaste.ee\/et\/kook\/vaimustav-catering\/#webpage\",\"url\":\"https:\/\/padaste.ee\/et\/kook\/vaimustav-catering\/\",\"name\":\"Vaimustav catering -\",\"isPartOf\":{\"@id\":\"https:\/\/padaste.ee\/#website\"},\"primaryImageOfPage\":{\"@id\":\"https:\/\/padaste.ee\/et\/kook\/vaimustav-catering\/#primaryimage\"},\"datePublished\":\"2015-04-14T11:45:58+00:00\",\"dateModified\":\"2025-04-25T08:19:12+00:00\",\"breadcrumb\":{\"@id\":\"https:\/\/padaste.ee\/et\/kook\/vaimustav-catering\/#breadcrumb\"},\"inLanguage\":\"et\",\"potentialAction\":[{\"@type\":\"ReadAction\",\"target\":[\"https:\/\/padaste.ee\/et\/kook\/vaimustav-catering\/\"]}]},{\"@type\":\"BreadcrumbList\",\"@id\":\"https:\/\/padaste.ee\/et\/kook\/vaimustav-catering\/#breadcrumb\",\"itemListElement\":[{\"@type\":\"ListItem\",\"position\":1,\"item\":{\"@type\":\"WebPage\",\"@id\":\"https:\/\/xn--pdaste-bua.eu\/et\/\",\"url\":\"https:\/\/xn--pdaste-bua.eu\/et\/\",\"name\":\"Home\"}},{\"@type\":\"ListItem\",\"position\":2,\"item\":{\"@type\":\"WebPage\",\"@id\":\"https:\/\/padaste.ee\/et\/kook\/\",\"url\":\"https:\/\/padaste.ee\/et\/kook\/\",\"name\":\"K\\u00f6\\u00f6k\"}},{\"@type\":\"ListItem\",\"position\":3,\"item\":{\"@type\":\"WebPage\",\"@id\":\"https:\/\/padaste.ee\/et\/kook\/vaimustav-catering\/\",\"url\":\"https:\/\/padaste.ee\/et\/kook\/vaimustav-catering\/\",\"name\":\"Vaimustav catering\"}}]}]}<\/script>\n<!-- \/ Yoast SEO plugin. -->","_links":{"self":[{"href":"https:\/\/xn--pdaste-bua.eu\/et\/wp-json\/wp\/v2\/pages\/8684"}],"collection":[{"href":"https:\/\/xn--pdaste-bua.eu\/et\/wp-json\/wp\/v2\/pages"}],"about":[{"href":"https:\/\/xn--pdaste-bua.eu\/et\/wp-json\/wp\/v2\/types\/page"}],"author":[{"embeddable":true,"href":"https:\/\/xn--pdaste-bua.eu\/et\/wp-json\/wp\/v2\/users\/50"}],"replies":[{"embeddable":true,"href":"https:\/\/xn--pdaste-bua.eu\/et\/wp-json\/wp\/v2\/comments?post=8684"}],"version-history":[{"count":11,"href":"https:\/\/xn--pdaste-bua.eu\/et\/wp-json\/wp\/v2\/pages\/8684\/revisions"}],"predecessor-version":[{"id":19805,"href":"https:\/\/xn--pdaste-bua.eu\/et\/wp-json\/wp\/v2\/pages\/8684\/revisions\/19805"}],"up":[{"embeddable":true,"href":"https:\/\/xn--pdaste-bua.eu\/et\/wp-json\/wp\/v2\/pages\/8580"}],"wp:featuredmedia":[{"embeddable":true,"href":"https:\/\/xn--pdaste-bua.eu\/et\/wp-json\/wp\/v2\/media\/9319"}],"wp:attachment":[{"href":"https:\/\/xn--pdaste-bua.eu\/et\/wp-json\/wp\/v2\/media?parent=8684"}],"curies":[{"name":"wp","href":"https:\/\/api.w.org\/{rel}","templated":true}]}}