{"id":8888,"date":"2015-07-29T15:10:22","date_gmt":"2015-07-29T12:10:22","guid":{"rendered":"http:\/\/padastenew.local\/?page_id=8888"},"modified":"2025-04-24T23:26:38","modified_gmt":"2025-04-24T23:26:38","slug":"pulmad","status":"publish","type":"page","link":"https:\/\/xn--pdaste-bua.eu\/et\/tahtpaevad\/pulmad\/","title":{"rendered":"Pulmad"},"content":{"rendered":"<h3>\u2026\u2026T\u00e4hista P\u00e4daste M\u00f5isas!<\/h3>\n<p>&nbsp;<\/p>\n<p>Meie P\u00e4daste M\u00f5isas teame, kuidas muuta Teie pulmap\u00e4ev erakordseks. Alates esimestest ideedest oleme Teiega sagedases kontaktis, et valmistada ette Teie pulmapidu. Oleme korraldanud mitmeid suurejoonelisi \u00fcritusi, kuid kunagi ei v\u00f5ta me organiseerimist kergek\u00e4eliselt, iga kord on siiski unikaalne ja oman\u00e4oline.<\/p>\n<p>&nbsp;<\/p>\n<p>&nbsp;<\/p>\n<p style=\"text-align: center;\"><iframe loading=\"lazy\" src=\"https:\/\/player.vimeo.com\/video\/278817420?color=af1900&amp;title=0&amp;byline=0&amp;portrait=0\" width=\"640\" height=\"272\" frameborder=\"0\" allowfullscreen=\"allowfullscreen\"><\/iframe><\/p>\n<p>&nbsp;<\/p>\n<p>&nbsp;<\/p>\n<p>&nbsp;<\/p>\n<h2><span style=\"font-size: 18px; color: #ff0000;\">Pulmapidu p\u00e4daste m\u00f5isas on t\u00f5eliselt erakordne<\/span><\/h2>\n<p>Teie ja k\u00fclalised saavad nautima erilist p\u00e4eva Muhu saare vaikses id\u00fcllis. Ajalooline ja oman\u00e4oline 13. sajandil rajatud Liiva kirik on abielutseremooniaks meeli\u00fclendav paik. Kuid v\u00f5ib-olla eelistate hoopis tseremoonia toimumist m\u00f5isapargis, tiigi kaldal? P\u00e4daste M\u00f5is on igal juhul \u00fcks Eesti romantilisemaid ja eksklusiivsemaid kohti, kaugeks varjupaigaks kireva ja rutaka linnaelu eest.<\/p>\n<p>&nbsp;<\/p>\n<p>&nbsp;<\/p>\n<h2><span style=\"font-size: 20px; color: #ff0000;\">Unikaalne pidu p\u00e4daste m\u00f5isas<\/span><img loading=\"lazy\" class=\"size-medium wp-image-9523 alignright\" src=\"http:\/\/padaste.ee\/wp-content\/uploads\/2015\/09\/PA0572-200x300.jpg\" alt=\"PA0572\" width=\"200\" height=\"300\" srcset=\"https:\/\/xn--pdaste-bua.eu\/wp-content\/uploads\/2015\/09\/PA0572-200x300.jpg 200w, https:\/\/xn--pdaste-bua.eu\/wp-content\/uploads\/2015\/09\/PA0572-683x1024.jpg 683w, https:\/\/xn--pdaste-bua.eu\/wp-content\/uploads\/2015\/09\/PA0572-16x24.jpg 16w, https:\/\/xn--pdaste-bua.eu\/wp-content\/uploads\/2015\/09\/PA0572-24x36.jpg 24w, https:\/\/xn--pdaste-bua.eu\/wp-content\/uploads\/2015\/09\/PA0572-32x48.jpg 32w\" sizes=\"(max-width: 200px) 100vw, 200px\" \/><\/h2>\n<p>Et Teie pulm oleks t\u00f5esti ainulaadne ja eriline, piirame korraldatavate pulmapidude arvu, aastas toimub neid vaid kuni neli. Sellega tagame Teie pidup\u00e4eva unikaalsuse. Pakume Teile t\u00e4ielikku privaatsust kompleksi eksklusiivse kasutus\u00f5iguse n\u00e4ol, eraviisiline ja turvaline ajaveetmine on garanteeritud hotellis, m\u00f5isapargis ja restoranides, kogu kompleks on selleks ajaks teistele k\u00fclalistele suletud. M\u00f5isakompleksi eksklusiinve kasutus on standardiks k\u00f5igile suuremahulistele \u00fcritustele, mida v\u00f5iksite soovida meie juures korraldada.<\/p>\n<p>&nbsp;<\/p>\n<p>&nbsp;<\/p>\n<h2><span style=\"font-size: 20px; color: #ff0000;\">Ettevalmistused<\/span><\/h2>\n<p>M\u00f5isa kogenud meeskond on Teile alati abiks valikute tegemisel ning\u00a0detailide planeerimisel, oleme Teie k\u00e4sutuses esimesest p\u00e4evast kuni pulmapeo toimumiseni. V\u00f5ite meiega arvestada kui personaalsete pulmakorraldajatega!<\/p>\n<p>&nbsp;<\/p>\n<p>&nbsp;<\/p>\n<h2><span style=\"font-size: 20px; color: #ff0000;\">Personaalsed valikud<\/span><\/h2>\n<p>Iga pulmapidu P\u00e4dastes on eriline. Koos Teiega planeerime ja korraldame t\u00e4htp\u00e4eva isikup\u00e4rasena, sobilikuna just Teile ja k\u00fclalistele. Valikuv\u00f5imalusi on palju. Pidu v\u00f5ib toimuda v\u00e4ikeses pereringis kuni traditsioonilise Eesti pulma vaatem\u00e4ngulise ja v\u00e4ljapeetud peo\u00f5htuni. Valik on teie!<\/p>\n<p>&nbsp;<\/p>\n<p><img loading=\"lazy\" class=\"size-medium wp-image-9521 alignright\" src=\"http:\/\/padaste.ee\/wp-content\/uploads\/2015\/09\/PA1106-300x200.jpg\" alt=\"PA1106\" width=\"300\" height=\"200\" srcset=\"https:\/\/xn--pdaste-bua.eu\/wp-content\/uploads\/2015\/09\/PA1106-300x200.jpg 300w, https:\/\/xn--pdaste-bua.eu\/wp-content\/uploads\/2015\/09\/PA1106-1024x683.jpg 1024w, https:\/\/xn--pdaste-bua.eu\/wp-content\/uploads\/2015\/09\/PA1106-24x16.jpg 24w, https:\/\/xn--pdaste-bua.eu\/wp-content\/uploads\/2015\/09\/PA1106-36x24.jpg 36w, https:\/\/xn--pdaste-bua.eu\/wp-content\/uploads\/2015\/09\/PA1106-48x32.jpg 48w\" sizes=\"(max-width: 300px) 100vw, 300px\" \/><\/p>\n<p>&nbsp;<\/p>\n<h2><span style=\"font-size: 20px; color: #ff0000;\">Meie meeskond \u2013 siin vaid teie jaoks<\/span><\/h2>\n<p>Esmaklassiline, personaalne, professionaalne, v\u00e4ikseimaidki detaile m\u00e4rkav &#8211; need on m\u00e4rks\u00f5nad kirjeldamaks P\u00e4daste M\u00f5isas pakutavat teenindust.<\/p>\n<p>&nbsp;<\/p>\n<p>&nbsp;<\/p>\n<h2><span style=\"font-size: 20px; color: #ff0000;\">K\u00f6\u00f6k<\/span><\/h2>\n<p>Leiame, et pulmamen\u00fc\u00fc peab olema personaalselt koostatud just Teile. M\u00f5isa peakokk koostab pidus\u00f6\u00f6giks Teie ootustele ja soovidele vastava men\u00fc\u00fc. P\u00e4daste k\u00f6\u00f6gi erilisus ja v\u00f5lu peitub hoolikalt valitud kvaliteetses ning v\u00e4rskes tooraines, millest palju just kohalikku, Muhumaa p\u00e4ritolu. Peame toiduvalmistamisel silmas h\u00f5rku maitset, v\u00e4rskust ja lihtsust.<\/p>\n<p>&nbsp;<\/p>\n<p>&nbsp;<\/p>\n<h2><span style=\"font-size: 20px; color: #ff0000;\">V\u00f5imalused<\/span><img loading=\"lazy\" class=\"size-medium wp-image-9519 alignright\" src=\"http:\/\/padaste.ee\/wp-content\/uploads\/2015\/09\/PA1252-cropped-185x300.jpg\" alt=\"PA1252-cropped\" width=\"185\" height=\"300\" srcset=\"https:\/\/xn--pdaste-bua.eu\/wp-content\/uploads\/2015\/09\/PA1252-cropped-185x300.jpg 185w, https:\/\/xn--pdaste-bua.eu\/wp-content\/uploads\/2015\/09\/PA1252-cropped-631x1024.jpg 631w, https:\/\/xn--pdaste-bua.eu\/wp-content\/uploads\/2015\/09\/PA1252-cropped-15x24.jpg 15w, https:\/\/xn--pdaste-bua.eu\/wp-content\/uploads\/2015\/09\/PA1252-cropped-22x36.jpg 22w, https:\/\/xn--pdaste-bua.eu\/wp-content\/uploads\/2015\/09\/PA1252-cropped-30x48.jpg 30w, https:\/\/xn--pdaste-bua.eu\/wp-content\/uploads\/2015\/09\/PA1252-cropped.jpg 1602w\" sizes=\"(max-width: 185px) 100vw, 185px\" \/><\/h2>\n<p>P\u00e4daste M\u00f5is on teadlikult v\u00e4ike ja intiimne. Meie Banketisaal mahutab vastuv\u00f5tu korraldamisel kuni 50\u00a0k\u00fclalist. Paigutades m\u00f5isahoovi ilmastikukindla elegantse telgi, saame v\u00f5\u00f5rustada ka suuremaid, kuni 140-k\u00fclalisega \u00fcritusi. M\u00f5isa H\u00e4rrastemajas, T\u00f5llakuuris ja Privaatses Talumajas pakume luksuslikku majutust kokku kuni 48-le k\u00fclalisele. T\u00e4iendavalt on v\u00f5imalus mahutada veel kuni 20 k\u00fclalist lisavooditele. Vajadusel oleme abiks lisamajutuse organiseerimisel teistes l\u00e4hedalasuvates paikades kaunil Muhu saarel. Tegemist on lihtsate kuid kahtlemata hubaste turismitaludega.<\/p>\n<p>&nbsp;<\/p>\n<p>&nbsp;<\/p>\n<p><a href=\"https:\/\/vimeo.com\/278817420\" target=\"_blank\" rel=\"noopener\">Perepulm P\u00e4daste M\u00f5isas<\/a><\/p>\n<p>&nbsp;<\/p>\n<h2><span style=\"font-size: 20px; color: #ff0000;\">P\u00e4ring personaalseks pakkumiseks<\/span><\/h2>\n<p>Ootame Teie kirja t\u00e4psema pakkumise koostamiseks, saatke see lahkesti m\u00f5isale <a href=\"mailto:info@padaste.ee?subject=Inquiry%20for%20a%20wedding\">e-kirjana<\/a> v\u00f5i t\u00e4itke allj\u00e4rgnev p\u00e4ringuvorm <a title=\"siin\" href=\"http:\/\/padaste.ee\/et\/tahtpaevad\/kusi-personaalset-pakkumist\/\">siin<\/a>. Meie lahked teenindajad v\u00f5tavad Teiega peatselt \u00fchendust!<\/p>\n","protected":false},"excerpt":{"rendered":"<p>\u2026\u2026T\u00e4hista P\u00e4daste M\u00f5isas! &nbsp; Meie P\u00e4daste M\u00f5isas teame, kuidas muuta Teie pulmap\u00e4ev erakordseks. Alates esimestest ideedest oleme Teiega sagedases kontaktis, et valmistada ette Teie pulmapidu. Oleme korraldanud mitmeid suurejoonelisi \u00fcritusi, kuid kunagi ei v\u00f5ta me organiseerimist kergek\u00e4eliselt, iga kord on siiski unikaalne ja oman\u00e4oline. &nbsp; &nbsp; &nbsp; &nbsp; &nbsp; Pulmapidu p\u00e4daste m\u00f5isas on t\u00f5eliselt erakordne [&hellip;]<\/p>\n","protected":false},"author":50,"featured_media":11644,"parent":8780,"menu_order":0,"comment_status":"closed","ping_status":"closed","template":"","meta":{"ngg_post_thumbnail":0,"_links_to":"","_links_to_target":""},"yoast_head":"<!-- This site is optimized with the Yoast SEO plugin v16.1.1 - https:\/\/yoast.com\/wordpress\/plugins\/seo\/ -->\n<title>Pulmad -<\/title>\n<link rel=\"canonical\" href=\"https:\/\/xn--pdaste-bua.eu\/et\/tahtpaevad\/pulmad\/\" \/>\n<meta property=\"og:locale\" content=\"et_EE\" \/>\n<meta property=\"og:type\" content=\"article\" \/>\n<meta property=\"og:title\" content=\"Pulmad -\" \/>\n<meta property=\"og:description\" content=\"\u2026\u2026T\u00e4hista P\u00e4daste M\u00f5isas! &nbsp; Meie P\u00e4daste M\u00f5isas teame, kuidas muuta Teie pulmap\u00e4ev erakordseks. Alates esimestest ideedest oleme Teiega sagedases kontaktis, et valmistada ette Teie pulmapidu. Oleme korraldanud mitmeid suurejoonelisi \u00fcritusi, kuid kunagi ei v\u00f5ta me organiseerimist kergek\u00e4eliselt, iga kord on siiski unikaalne ja oman\u00e4oline. &nbsp; &nbsp; &nbsp; &nbsp; &nbsp; Pulmapidu p\u00e4daste m\u00f5isas on t\u00f5eliselt erakordne [&hellip;]\" \/>\n<meta property=\"og:url\" content=\"https:\/\/xn--pdaste-bua.eu\/et\/tahtpaevad\/pulmad\/\" \/>\n<meta property=\"article:publisher\" content=\"https:\/\/www.facebook.com\/Padastemanor\/\" \/>\n<meta property=\"article:modified_time\" content=\"2025-04-24T23:26:38+00:00\" \/>\n<meta property=\"og:image\" content=\"https:\/\/xn--pdaste-bua.eu\/wp-content\/uploads\/2018\/02\/screen-shot-2018-02-13-at-15-19-07.png\" \/>\n\t<meta property=\"og:image:width\" content=\"1434\" \/>\n\t<meta property=\"og:image:height\" content=\"683\" \/>\n<meta name=\"twitter:card\" content=\"summary_large_image\" \/>\n<meta name=\"twitter:label1\" content=\"Est. reading time\">\n\t<meta name=\"twitter:data1\" content=\"3 minutit\">\n<script type=\"application\/ld+json\" class=\"yoast-schema-graph\">{\"@context\":\"https:\/\/schema.org\",\"@graph\":[{\"@type\":\"Organization\",\"@id\":\"https:\/\/xn--pdaste-bua.ee\/et\/#organization\",\"name\":\"P\\u00e4daste M\\u00f5is\",\"url\":\"https:\/\/xn--pdaste-bua.ee\/et\/\",\"sameAs\":[\"https:\/\/www.facebook.com\/Padastemanor\/\"],\"logo\":{\"@type\":\"ImageObject\",\"@id\":\"https:\/\/xn--pdaste-bua.ee\/et\/#logo\",\"inLanguage\":\"et\",\"url\":\"https:\/\/padaste.ee\/wp-content\/uploads\/2018\/12\/padaste_2011.jpg\",\"contentUrl\":\"https:\/\/padaste.ee\/wp-content\/uploads\/2018\/12\/padaste_2011.jpg\",\"width\":154,\"height\":61,\"caption\":\"P\\u00e4daste M\\u00f5is\"},\"image\":{\"@id\":\"https:\/\/xn--pdaste-bua.ee\/et\/#logo\"}},{\"@type\":\"WebSite\",\"@id\":\"https:\/\/xn--pdaste-bua.ee\/et\/#website\",\"url\":\"https:\/\/xn--pdaste-bua.ee\/et\/\",\"name\":\"\",\"description\":\"\",\"publisher\":{\"@id\":\"https:\/\/xn--pdaste-bua.ee\/et\/#organization\"},\"potentialAction\":[{\"@type\":\"SearchAction\",\"target\":\"https:\/\/xn--pdaste-bua.ee\/et\/?s={search_term_string}\",\"query-input\":\"required name=search_term_string\"}],\"inLanguage\":\"et\"},{\"@type\":\"ImageObject\",\"@id\":\"https:\/\/xn--pdaste-bua.eu\/et\/tahtpaevad\/pulmad\/#primaryimage\",\"inLanguage\":\"et\",\"url\":\"https:\/\/xn--pdaste-bua.eu\/wp-content\/uploads\/2018\/02\/screen-shot-2018-02-13-at-15-19-07.png\",\"contentUrl\":\"https:\/\/xn--pdaste-bua.eu\/wp-content\/uploads\/2018\/02\/screen-shot-2018-02-13-at-15-19-07.png\",\"width\":1434,\"height\":683},{\"@type\":\"WebPage\",\"@id\":\"https:\/\/xn--pdaste-bua.eu\/et\/tahtpaevad\/pulmad\/#webpage\",\"url\":\"https:\/\/xn--pdaste-bua.eu\/et\/tahtpaevad\/pulmad\/\",\"name\":\"Pulmad -\",\"isPartOf\":{\"@id\":\"https:\/\/xn--pdaste-bua.ee\/et\/#website\"},\"primaryImageOfPage\":{\"@id\":\"https:\/\/xn--pdaste-bua.eu\/et\/tahtpaevad\/pulmad\/#primaryimage\"},\"datePublished\":\"2015-07-29T12:10:22+00:00\",\"dateModified\":\"2025-04-24T23:26:38+00:00\",\"breadcrumb\":{\"@id\":\"https:\/\/xn--pdaste-bua.eu\/et\/tahtpaevad\/pulmad\/#breadcrumb\"},\"inLanguage\":\"et\",\"potentialAction\":[{\"@type\":\"ReadAction\",\"target\":[\"https:\/\/xn--pdaste-bua.eu\/et\/tahtpaevad\/pulmad\/\"]}]},{\"@type\":\"BreadcrumbList\",\"@id\":\"https:\/\/xn--pdaste-bua.eu\/et\/tahtpaevad\/pulmad\/#breadcrumb\",\"itemListElement\":[{\"@type\":\"ListItem\",\"position\":1,\"item\":{\"@type\":\"WebPage\",\"@id\":\"https:\/\/xn--pdaste-bua.ee\/et\/\",\"url\":\"https:\/\/xn--pdaste-bua.ee\/et\/\",\"name\":\"Home\"}},{\"@type\":\"ListItem\",\"position\":2,\"item\":{\"@type\":\"WebPage\",\"@id\":\"https:\/\/xn--pdaste-bua.eu\/et\/tahtpaevad\/\",\"url\":\"https:\/\/xn--pdaste-bua.eu\/et\/tahtpaevad\/\",\"name\":\"T\\u00e4htp\\u00e4evad\"}},{\"@type\":\"ListItem\",\"position\":3,\"item\":{\"@type\":\"WebPage\",\"@id\":\"https:\/\/xn--pdaste-bua.eu\/et\/tahtpaevad\/pulmad\/\",\"url\":\"https:\/\/xn--pdaste-bua.eu\/et\/tahtpaevad\/pulmad\/\",\"name\":\"Pulmad\"}}]}]}<\/script>\n<!-- \/ Yoast SEO plugin. -->","_links":{"self":[{"href":"https:\/\/xn--pdaste-bua.eu\/et\/wp-json\/wp\/v2\/pages\/8888"}],"collection":[{"href":"https:\/\/xn--pdaste-bua.eu\/et\/wp-json\/wp\/v2\/pages"}],"about":[{"href":"https:\/\/xn--pdaste-bua.eu\/et\/wp-json\/wp\/v2\/types\/page"}],"author":[{"embeddable":true,"href":"https:\/\/xn--pdaste-bua.eu\/et\/wp-json\/wp\/v2\/users\/50"}],"replies":[{"embeddable":true,"href":"https:\/\/xn--pdaste-bua.eu\/et\/wp-json\/wp\/v2\/comments?post=8888"}],"version-history":[{"count":4,"href":"https:\/\/xn--pdaste-bua.eu\/et\/wp-json\/wp\/v2\/pages\/8888\/revisions"}],"predecessor-version":[{"id":23493,"href":"https:\/\/xn--pdaste-bua.eu\/et\/wp-json\/wp\/v2\/pages\/8888\/revisions\/23493"}],"up":[{"embeddable":true,"href":"https:\/\/xn--pdaste-bua.eu\/et\/wp-json\/wp\/v2\/pages\/8780"}],"wp:featuredmedia":[{"embeddable":true,"href":"https:\/\/xn--pdaste-bua.eu\/et\/wp-json\/wp\/v2\/media\/11644"}],"wp:attachment":[{"href":"https:\/\/xn--pdaste-bua.eu\/et\/wp-json\/wp\/v2\/media?parent=8888"}],"curies":[{"name":"wp","href":"https:\/\/api.w.org\/{rel}","templated":true}]}}