{"id":8892,"date":"2015-07-29T16:02:32","date_gmt":"2015-07-29T13:02:32","guid":{"rendered":"http:\/\/padastenew.local\/?page_id=8892"},"modified":"2025-05-31T09:02:08","modified_gmt":"2025-05-31T09:02:08","slug":"noupidamised","status":"publish","type":"page","link":"https:\/\/xn--pdaste-bua.eu\/et\/tahtpaevad\/noupidamised\/","title":{"rendered":"N\u00f5upidamised"},"content":{"rendered":"<p>V\u00f5ite arvestada m\u00f5nusa olustikuga, suurep\u00e4rase meeleolu ja vaimustava k\u00fclalislahkusega. K\u00f5ik see on viidud l\u00e4bi t\u00e4iuslikult ja m\u00f5istliku tasu eest. Loomulikult P\u00e4dastes.<\/p>\n<p>&nbsp;<\/p>\n<p>Kui Teie korporatiivs\u00fcndmus on v\u00e4\u00e4rt erakordseid hetki v\u00f5tke \u00fchendust firma\u00fcrituste korraldajaga <a href=\"mailto:event@padaste.ee\">event@padaste.ee<\/a> v\u00f5i helistage +372 45 48 800.<\/p>\n<p>&nbsp;<\/p>\n<p>&nbsp;<\/p>\n<div id=\"attachment_24102\" style=\"width: 310px\" class=\"wp-caption alignright\"><a href=\"http:\/\/padaste.ee\/wp-content\/uploads\/2025\/05\/bentley-continental-gt-at-padaste.jpg\"><img aria-describedby=\"caption-attachment-24102\" loading=\"lazy\" class=\"wp-image-24102 size-medium\" src=\"http:\/\/padaste.ee\/wp-content\/uploads\/2025\/05\/bentley-continental-gt-at-padaste-300x200.jpg\" alt=\"SONY DSC\" width=\"300\" height=\"200\" srcset=\"https:\/\/xn--pdaste-bua.eu\/wp-content\/uploads\/2025\/05\/bentley-continental-gt-at-padaste-300x200.jpg 300w, https:\/\/xn--pdaste-bua.eu\/wp-content\/uploads\/2025\/05\/bentley-continental-gt-at-padaste-768x512.jpg 768w, https:\/\/xn--pdaste-bua.eu\/wp-content\/uploads\/2025\/05\/bentley-continental-gt-at-padaste-24x16.jpg 24w, https:\/\/xn--pdaste-bua.eu\/wp-content\/uploads\/2025\/05\/bentley-continental-gt-at-padaste-36x24.jpg 36w, https:\/\/xn--pdaste-bua.eu\/wp-content\/uploads\/2025\/05\/bentley-continental-gt-at-padaste-48x32.jpg 48w, https:\/\/xn--pdaste-bua.eu\/wp-content\/uploads\/2025\/05\/bentley-continental-gt-at-padaste.jpg 1024w\" sizes=\"(max-width: 300px) 100vw, 300px\" \/><\/a><p id=\"caption-attachment-24102\" class=\"wp-caption-text\">Bentley \u00fclemaailmne meediatuur Baltimaadesse<\/p><\/div>\n<p><span style=\"color: #ff0000;\"><strong>P\u00e4daste M\u00f5is &#8211; unikaalne koht <\/strong><\/span><\/p>\n<p>P\u00e4daste m\u00f5is &#8211; ajalooline baltisaksa m\u00f5is 15. sajandist asub rikkumata looduskaitsealal L\u00e4\u00e4nemere kallastel. Vaikus, hingematvad vaated, p\u00f5hjamaiste niitude ja metsade aroom, \u00f5htuse jaheda \u00f5hu eriline kargus, sametine h\u00e4marus ning taevalaotuse k\u00fclluslikkus j\u00e4\u00e4vad Teid saatma igaveseks. Detailide rohkus, \u00e4\u00e4rmine mugavus ning \u00fcmbritseva metsiku looduse j\u00f5ud teevad P\u00e4daste M\u00f5isast v\u00e4ga erilise sihtkoha.<\/p>\n<p>&nbsp;<\/p>\n<p><span style=\"color: #ff0000;\"><strong>Koht k\u00f5ige n\u00f5udlikuma \u00fcrituse korraldaja jaoks <\/strong><\/span><\/p>\n<p>P\u00e4daste M\u00f5isal on suurep\u00e4rased kogemused ja v\u00e4ga hea maine korraldamaks tellimus\u00fcritusi. \u00dcksk\u00f5ik kas Teie firma plaanib korraldada juhatuse koosoleku, pressikohtumise, piduliku vastuv\u00f5tu, firma v\u00e4ljas\u00f5idu, stiimuliks oleva v\u00e4ljas\u00f5idu, toote v\u00e4ljalaske v\u00f5i j\u00f5ulupeo, v\u00f5i siis otsite kohta, kus segamatult pidada diskreetseid l\u00e4bir\u00e4\u00e4kimisi &#8211; meie asutus garanteerib Teile \u00e4\u00e4rmiselt k\u00fclalislahke vasuv\u00f5tu, kus on t\u00e4helepanu p\u00f6\u00f6ratud ka k\u00f5ige v\u00e4iksematele pisiasjadele. Meie asutuse eraldatus vastab ka k\u00f5ige rangematele privaatsusn\u00f5uetele ning annab Teile v\u00f5imaluse luua selline t\u00f6\u00f6alane ning vaba aja keskkond, mis v\u00f5imaldab Teil segamatult t\u00e4helepanu p\u00f6\u00f6rata \u00fcksnes k\u00f5ige t\u00e4htsamale.<\/p>\n<p>&nbsp;<\/p>\n<p><strong><span style=\"color: #ff0000;\">Ruumid &amp; v\u00f5imalused<\/span><\/strong><\/p>\n<p>P\u00e4daste pakub k\u00fclastajatele majutuseks 24 erip\u00e4rast tuba ja sviiti \u2013 alustades hubastest tubadest T\u00f5llakuuris ja l\u00f5petades suursuguste ruumidega H\u00e4rrastemajas. Puhkuseks ja unistmiseks ideaalne m\u00f5isakompleks on kui rahu paradiis, ometigi \u00e4rgitab see k\u00fclastajaid ka aktiivselt l\u00f5\u00f5gastuma ja \u00fcmbrust uurima, meelitab kogema meelelisi spaa-hoolitsusi ja maitsma parimaid roogasid. P\u00e4daste M\u00f5isas on olemas k\u00f5ik viiet\u00e4rnilisel tasemel ootusp\u00e4rane, mida kogenud reisijale pakkuda. Mitmesugustes suurustes koosolemise ruumid v\u00f5imaldavad mugavalt korraldada seminare ja koosolekuid:<\/p>\n<p>&nbsp;<\/p>\n<ul>\n<li>Banketisaal mahutab teatristiilis kuni 80 k\u00fclalist ja \u00f5htus\u00f6\u00f6gi paigutuses kuni 50 k\u00fclalist<\/li>\n<li>Hommikusaal mahutab teatristiilis kuni 34 k\u00fclalist ja \u00f5htus\u00f6\u00f6gipaigutuses kuni 24 k\u00fclalist<\/li>\n<\/ul>\n<p>&nbsp;<\/p>\n<p>K\u00f5ikides koosolekuruumideson juhtmeta interneti\u00fchendus ja lai valik tehnilisi vahendeid on ettetellimisel Teie kasutuses.&nbsp;Abistades Teid p\u00e4evakava koostamisel, soovime hoolitseda iga v\u00e4ikeseimagi Teile olulise detaili eest lilledest ilutulestikuni, lisades k\u00f5igele erilise P\u00e4daste elamuse puudutuse.<\/p>\n<p>&nbsp;<\/p>\n<p>Siinset sundimatult s\u00f5bralikku \u00f5hkkonda, v\u00f5lu ning laitmatut teenindust leiab vaid eraomanikest hotellipidajatevaldustes. Teist saab \u00fcks v\u00e4hestest privilegeeritutest.<\/p>\n<p>&nbsp;<\/p>\n<p>&nbsp;<\/p>\n","protected":false},"excerpt":{"rendered":"<p>V\u00f5ite arvestada m\u00f5nusa olustikuga, suurep\u00e4rase meeleolu ja vaimustava k\u00fclalislahkusega. K\u00f5ik see on viidud l\u00e4bi t\u00e4iuslikult ja m\u00f5istliku tasu eest. Loomulikult P\u00e4dastes. &nbsp; Kui Teie korporatiivs\u00fcndmus on v\u00e4\u00e4rt erakordseid hetki v\u00f5tke \u00fchendust firma\u00fcrituste korraldajaga event@padaste.ee v\u00f5i helistage +372 45 48 800. &nbsp; &nbsp; P\u00e4daste M\u00f5is &#8211; unikaalne koht P\u00e4daste m\u00f5is &#8211; ajalooline baltisaksa m\u00f5is 15. sajandist [&hellip;]<\/p>\n","protected":false},"author":50,"featured_media":12046,"parent":8780,"menu_order":0,"comment_status":"closed","ping_status":"closed","template":"","meta":{"ngg_post_thumbnail":0,"_links_to":"","_links_to_target":""},"yoast_head":"<!-- This site is optimized with the Yoast SEO plugin v16.1.1 - https:\/\/yoast.com\/wordpress\/plugins\/seo\/ -->\n<title>N\u00f5upidamised -<\/title>\n<link rel=\"canonical\" href=\"https:\/\/padaste.ee\/et\/tahtpaevad\/noupidamised\/\" \/>\n<meta property=\"og:locale\" content=\"et_EE\" \/>\n<meta property=\"og:type\" content=\"article\" \/>\n<meta property=\"og:title\" content=\"N\u00f5upidamised -\" \/>\n<meta property=\"og:description\" content=\"V\u00f5ite arvestada m\u00f5nusa olustikuga, suurep\u00e4rase meeleolu ja vaimustava k\u00fclalislahkusega. K\u00f5ik see on viidud l\u00e4bi t\u00e4iuslikult ja m\u00f5istliku tasu eest. Loomulikult P\u00e4dastes. &nbsp; Kui Teie korporatiivs\u00fcndmus on v\u00e4\u00e4rt erakordseid hetki v\u00f5tke \u00fchendust firma\u00fcrituste korraldajaga event@padaste.ee v\u00f5i helistage +372 45 48 800. &nbsp; &nbsp; P\u00e4daste M\u00f5is &#8211; unikaalne koht P\u00e4daste m\u00f5is &#8211; ajalooline baltisaksa m\u00f5is 15. sajandist [&hellip;]\" \/>\n<meta property=\"og:url\" content=\"https:\/\/padaste.ee\/et\/tahtpaevad\/noupidamised\/\" \/>\n<meta property=\"article:publisher\" content=\"https:\/\/www.facebook.com\/Padastemanor\/\" \/>\n<meta property=\"article:modified_time\" content=\"2025-05-31T09:02:08+00:00\" \/>\n<meta property=\"og:image\" content=\"https:\/\/xn--pdaste-bua.eu\/wp-content\/uploads\/2018\/03\/5830753440-1024x683.jpg\" \/>\n\t<meta property=\"og:image:width\" content=\"1024\" \/>\n\t<meta property=\"og:image:height\" content=\"683\" \/>\n<meta name=\"twitter:card\" content=\"summary_large_image\" \/>\n<meta name=\"twitter:label1\" content=\"Est. reading time\">\n\t<meta name=\"twitter:data1\" content=\"2 minutit\">\n<script type=\"application\/ld+json\" class=\"yoast-schema-graph\">{\"@context\":\"https:\/\/schema.org\",\"@graph\":[{\"@type\":\"Organization\",\"@id\":\"https:\/\/padaste.ee\/#organization\",\"name\":\"P\\u00e4daste M\\u00f5is\",\"url\":\"https:\/\/padaste.ee\/\",\"sameAs\":[\"https:\/\/www.facebook.com\/Padastemanor\/\"],\"logo\":{\"@type\":\"ImageObject\",\"@id\":\"https:\/\/padaste.ee\/#logo\",\"inLanguage\":\"et\",\"url\":\"https:\/\/padaste.ee\/wp-content\/uploads\/2018\/12\/padaste_2011.jpg\",\"contentUrl\":\"https:\/\/padaste.ee\/wp-content\/uploads\/2018\/12\/padaste_2011.jpg\",\"width\":154,\"height\":61,\"caption\":\"P\\u00e4daste M\\u00f5is\"},\"image\":{\"@id\":\"https:\/\/padaste.ee\/#logo\"}},{\"@type\":\"WebSite\",\"@id\":\"https:\/\/padaste.ee\/#website\",\"url\":\"https:\/\/padaste.ee\/\",\"name\":\"\",\"description\":\"\",\"publisher\":{\"@id\":\"https:\/\/padaste.ee\/#organization\"},\"potentialAction\":[{\"@type\":\"SearchAction\",\"target\":\"https:\/\/padaste.ee\/?s={search_term_string}\",\"query-input\":\"required name=search_term_string\"}],\"inLanguage\":\"et\"},{\"@type\":\"ImageObject\",\"@id\":\"https:\/\/padaste.ee\/et\/tahtpaevad\/noupidamised\/#primaryimage\",\"inLanguage\":\"et\",\"url\":\"https:\/\/xn--pdaste-bua.eu\/wp-content\/uploads\/2018\/03\/5830753440.jpg\",\"contentUrl\":\"https:\/\/xn--pdaste-bua.eu\/wp-content\/uploads\/2018\/03\/5830753440.jpg\",\"width\":4400,\"height\":2933,\"caption\":\"Bentley \\u00fclemaailmne meediatuur Baltimaadesse\"},{\"@type\":\"WebPage\",\"@id\":\"https:\/\/padaste.ee\/et\/tahtpaevad\/noupidamised\/#webpage\",\"url\":\"https:\/\/padaste.ee\/et\/tahtpaevad\/noupidamised\/\",\"name\":\"N\\u00f5upidamised -\",\"isPartOf\":{\"@id\":\"https:\/\/padaste.ee\/#website\"},\"primaryImageOfPage\":{\"@id\":\"https:\/\/padaste.ee\/et\/tahtpaevad\/noupidamised\/#primaryimage\"},\"datePublished\":\"2015-07-29T13:02:32+00:00\",\"dateModified\":\"2025-05-31T09:02:08+00:00\",\"breadcrumb\":{\"@id\":\"https:\/\/padaste.ee\/et\/tahtpaevad\/noupidamised\/#breadcrumb\"},\"inLanguage\":\"et\",\"potentialAction\":[{\"@type\":\"ReadAction\",\"target\":[\"https:\/\/padaste.ee\/et\/tahtpaevad\/noupidamised\/\"]}]},{\"@type\":\"BreadcrumbList\",\"@id\":\"https:\/\/padaste.ee\/et\/tahtpaevad\/noupidamised\/#breadcrumb\",\"itemListElement\":[{\"@type\":\"ListItem\",\"position\":1,\"item\":{\"@type\":\"WebPage\",\"@id\":\"https:\/\/xn--pdaste-bua.eu\/et\/\",\"url\":\"https:\/\/xn--pdaste-bua.eu\/et\/\",\"name\":\"Home\"}},{\"@type\":\"ListItem\",\"position\":2,\"item\":{\"@type\":\"WebPage\",\"@id\":\"https:\/\/www.xn--pdaste-bua.ee\/et\/tahtpaevad\/\",\"url\":\"https:\/\/www.xn--pdaste-bua.ee\/et\/tahtpaevad\/\",\"name\":\"T\\u00e4htp\\u00e4evad\"}},{\"@type\":\"ListItem\",\"position\":3,\"item\":{\"@type\":\"WebPage\",\"@id\":\"https:\/\/padaste.ee\/et\/tahtpaevad\/noupidamised\/\",\"url\":\"https:\/\/padaste.ee\/et\/tahtpaevad\/noupidamised\/\",\"name\":\"N\\u00f5upidamised\"}}]}]}<\/script>\n<!-- \/ Yoast SEO plugin. -->","_links":{"self":[{"href":"https:\/\/xn--pdaste-bua.eu\/et\/wp-json\/wp\/v2\/pages\/8892"}],"collection":[{"href":"https:\/\/xn--pdaste-bua.eu\/et\/wp-json\/wp\/v2\/pages"}],"about":[{"href":"https:\/\/xn--pdaste-bua.eu\/et\/wp-json\/wp\/v2\/types\/page"}],"author":[{"embeddable":true,"href":"https:\/\/xn--pdaste-bua.eu\/et\/wp-json\/wp\/v2\/users\/50"}],"replies":[{"embeddable":true,"href":"https:\/\/xn--pdaste-bua.eu\/et\/wp-json\/wp\/v2\/comments?post=8892"}],"version-history":[{"count":5,"href":"https:\/\/xn--pdaste-bua.eu\/et\/wp-json\/wp\/v2\/pages\/8892\/revisions"}],"predecessor-version":[{"id":18381,"href":"https:\/\/xn--pdaste-bua.eu\/et\/wp-json\/wp\/v2\/pages\/8892\/revisions\/18381"}],"up":[{"embeddable":true,"href":"https:\/\/xn--pdaste-bua.eu\/et\/wp-json\/wp\/v2\/pages\/8780"}],"wp:featuredmedia":[{"embeddable":true,"href":"https:\/\/xn--pdaste-bua.eu\/et\/wp-json\/wp\/v2\/media\/12046"}],"wp:attachment":[{"href":"https:\/\/xn--pdaste-bua.eu\/et\/wp-json\/wp\/v2\/media?parent=8892"}],"curies":[{"name":"wp","href":"https:\/\/api.w.org\/{rel}","templated":true}]}}