{"id":8941,"date":"2015-07-29T19:51:43","date_gmt":"2015-07-29T16:51:43","guid":{"rendered":"http:\/\/padastenew.local\/?page_id=8941"},"modified":"2025-07-10T07:53:41","modified_gmt":"2025-07-10T07:53:41","slug":"laua-broneerimine-padaste-jahtklubi","status":"publish","type":"page","link":"https:\/\/xn--pdaste-bua.eu\/et\/broneeringud\/laua-broneerimine-padaste-jahtklubi\/","title":{"rendered":"Laua broneerimine &#8211; P\u00e4daste Jahtklubi"},"content":{"rendered":"<p>&nbsp;<\/p>\n<p>Online broneeringu vormistamine P\u00e4daste Jahtklubisse on imelihtne!<\/p>\n<p>Teie broneering laekub otse meie broneeringus\u00fcsteemi. Broneeringud tuleb teha 24h enne l\u00f5unas\u00f6\u00f6ki. Broneeringu kinnituse saadame teile emaili teel.<\/p>\n<p>\n<script src=\"http:\/\/js.i.dinnerbooking.eu\/onlinebooking.js\" type=\"text\/javascript\"><\/script><br \/>\n<a id=\"wd_new\" class=\"btn_red\" style=\"margin-top: 20px;\" title=\"Broneeri laud Meremajas\" href=\"https:\/\/book.dinnerbooking.com\/ee\/en-US\/book\/table\/pax\/266\/2\">Broneeri laud P\u00e4daste Jahtklubis<\/a><\/p>\n<p><!-- DinnerBooking Booking Box End --><\/p>\n<p style=\"text-align: left;\">\u00a0<\/p>\n<p>&nbsp;<\/p>\n<p>&nbsp;<\/p>\n<p>Broneerimiseks saate meiega \u00fchendust ka telefonil 45 48 800 v\u00f5i e-postil <a href=\"mailto:info@padaste.ee\">info@padaste.ee<\/a>.<\/p>\n<p>Dress code \u2013 casual<\/p>\n<p>Ujumisriietes palume mitte tulla.<\/p>\n<p>&nbsp;<\/p>\n<p>&nbsp;<\/p>\n<p><span style=\"color: #ff0000;\"><strong>Lahtiolekuajad<\/strong><\/span><\/p>\n<p>P\u00e4daste Jahtklubi on avatud:<\/p>\n<p>&nbsp;<\/p>\n<ul>\n<li>22. juunist kuni 31. augustini &#8211; esmasp\u00e4evast p\u00fchap\u00e4evani<\/li>\n<\/ul>\n<p>&nbsp;<\/p>\n<p>Oleme avatud vahemikus 12.00 kuni 18.00, k\u00f6\u00f6ki viimane tellimus 17.00<\/p>\n<p>&nbsp;<\/p>\n<p>Nendel kuudel, mil P\u00e4daste Jahtklubi on suletud, pakume l\u00f5unat restoranis Alexander vahemikus 13:00 \u2013 15:00. K\u00f6\u00f6k v\u00f5tab viimase tellimuse kell 15:00.<\/p>\n<p>&nbsp;<\/p>\n<p><span style=\"color: #ff0000;\"><strong>Broneeringud seitsmele ja enamale k\u00fclalisele<\/strong><\/span><\/p>\n<p>Broneeringud seitsmele v\u00f5i enamale k\u00fclalisele palume vormistada emaili teel.<\/p>\n<p>&nbsp;<\/p>\n<p><span style=\"color: #ff0000;\"><strong>Suuremad seltskonnad<\/strong><\/span><\/p>\n<p>Seitsme ja enama k\u00fclalisega seltskondadele pakume ettetellimisel \u00a0\u00fchtset men\u00fc\u00fcd. Suuremate seltskondade broneeringute kinnitamiseks palume krediitkaardi garantiid v\u00f5i asutuse garantiikirja; juba kinnitatud reserveeringuid loeme l\u00f5plikeks.<\/p>\n<p>&nbsp;<\/p>\n<p><a href=\"http:\/\/www.padaste.ee\/wp-content\/uploads\/2018\/02\/reservation-and-cancellation-policy-padaste-yacht-club--larger-groups.pdf\" target=\"_blank\" rel=\"noopener noreferrer\">Broneerimis- ning annulleerimiskord suurematele gruppidele<\/a><\/p>\n","protected":false},"excerpt":{"rendered":"<p>&nbsp; Online broneeringu vormistamine P\u00e4daste Jahtklubisse on imelihtne! Teie broneering laekub otse meie broneeringus\u00fcsteemi. Broneeringud tuleb teha 24h enne l\u00f5unas\u00f6\u00f6ki. Broneeringu kinnituse saadame teile emaili teel. Broneeri laud P\u00e4daste Jahtklubis \u00a0 &nbsp; &nbsp; Broneerimiseks saate meiega \u00fchendust ka telefonil 45 48 800 v\u00f5i e-postil info@padaste.ee. Dress code \u2013 casual Ujumisriietes palume mitte tulla. &nbsp; &nbsp; [&hellip;]<\/p>\n","protected":false},"author":50,"featured_media":0,"parent":8914,"menu_order":0,"comment_status":"closed","ping_status":"closed","template":"","meta":{"ngg_post_thumbnail":0,"_links_to":"","_links_to_target":""},"yoast_head":"<!-- This site is optimized with the Yoast SEO plugin v16.1.1 - https:\/\/yoast.com\/wordpress\/plugins\/seo\/ -->\n<title>Laua broneerimine - P\u00e4daste Jahtklubi -<\/title>\n<link rel=\"canonical\" href=\"https:\/\/padaste.ee\/et\/broneeringud\/laua-broneerimine-padaste-jahtklubi\/\" \/>\n<meta property=\"og:locale\" content=\"et_EE\" \/>\n<meta property=\"og:type\" content=\"article\" \/>\n<meta property=\"og:title\" content=\"Laua broneerimine - P\u00e4daste Jahtklubi -\" \/>\n<meta property=\"og:description\" content=\"&nbsp; Online broneeringu vormistamine P\u00e4daste Jahtklubisse on imelihtne! Teie broneering laekub otse meie broneeringus\u00fcsteemi. Broneeringud tuleb teha 24h enne l\u00f5unas\u00f6\u00f6ki. Broneeringu kinnituse saadame teile emaili teel. Broneeri laud P\u00e4daste Jahtklubis \u00a0 &nbsp; &nbsp; Broneerimiseks saate meiega \u00fchendust ka telefonil 45 48 800 v\u00f5i e-postil info@padaste.ee. Dress code \u2013 casual Ujumisriietes palume mitte tulla. &nbsp; &nbsp; [&hellip;]\" \/>\n<meta property=\"og:url\" content=\"https:\/\/padaste.ee\/et\/broneeringud\/laua-broneerimine-padaste-jahtklubi\/\" \/>\n<meta property=\"article:publisher\" content=\"https:\/\/www.facebook.com\/Padastemanor\/\" \/>\n<meta property=\"article:modified_time\" content=\"2025-07-10T07:53:41+00:00\" \/>\n<meta name=\"twitter:card\" content=\"summary_large_image\" \/>\n<meta name=\"twitter:label1\" content=\"Est. reading time\">\n\t<meta name=\"twitter:data1\" content=\"1 minut\">\n<script type=\"application\/ld+json\" class=\"yoast-schema-graph\">{\"@context\":\"https:\/\/schema.org\",\"@graph\":[{\"@type\":\"Organization\",\"@id\":\"https:\/\/padaste.ee\/#organization\",\"name\":\"P\\u00e4daste M\\u00f5is\",\"url\":\"https:\/\/padaste.ee\/\",\"sameAs\":[\"https:\/\/www.facebook.com\/Padastemanor\/\"],\"logo\":{\"@type\":\"ImageObject\",\"@id\":\"https:\/\/padaste.ee\/#logo\",\"inLanguage\":\"et\",\"url\":\"https:\/\/padaste.ee\/wp-content\/uploads\/2018\/12\/padaste_2011.jpg\",\"contentUrl\":\"https:\/\/padaste.ee\/wp-content\/uploads\/2018\/12\/padaste_2011.jpg\",\"width\":154,\"height\":61,\"caption\":\"P\\u00e4daste M\\u00f5is\"},\"image\":{\"@id\":\"https:\/\/padaste.ee\/#logo\"}},{\"@type\":\"WebSite\",\"@id\":\"https:\/\/padaste.ee\/#website\",\"url\":\"https:\/\/padaste.ee\/\",\"name\":\"\",\"description\":\"\",\"publisher\":{\"@id\":\"https:\/\/padaste.ee\/#organization\"},\"potentialAction\":[{\"@type\":\"SearchAction\",\"target\":\"https:\/\/padaste.ee\/?s={search_term_string}\",\"query-input\":\"required name=search_term_string\"}],\"inLanguage\":\"et\"},{\"@type\":\"WebPage\",\"@id\":\"https:\/\/padaste.ee\/et\/broneeringud\/laua-broneerimine-padaste-jahtklubi\/#webpage\",\"url\":\"https:\/\/padaste.ee\/et\/broneeringud\/laua-broneerimine-padaste-jahtklubi\/\",\"name\":\"Laua broneerimine - P\\u00e4daste Jahtklubi -\",\"isPartOf\":{\"@id\":\"https:\/\/padaste.ee\/#website\"},\"datePublished\":\"2015-07-29T16:51:43+00:00\",\"dateModified\":\"2025-07-10T07:53:41+00:00\",\"breadcrumb\":{\"@id\":\"https:\/\/padaste.ee\/et\/broneeringud\/laua-broneerimine-padaste-jahtklubi\/#breadcrumb\"},\"inLanguage\":\"et\",\"potentialAction\":[{\"@type\":\"ReadAction\",\"target\":[\"https:\/\/padaste.ee\/et\/broneeringud\/laua-broneerimine-padaste-jahtklubi\/\"]}]},{\"@type\":\"BreadcrumbList\",\"@id\":\"https:\/\/padaste.ee\/et\/broneeringud\/laua-broneerimine-padaste-jahtklubi\/#breadcrumb\",\"itemListElement\":[{\"@type\":\"ListItem\",\"position\":1,\"item\":{\"@type\":\"WebPage\",\"@id\":\"https:\/\/xn--pdaste-bua.eu\/et\/\",\"url\":\"https:\/\/xn--pdaste-bua.eu\/et\/\",\"name\":\"Home\"}},{\"@type\":\"ListItem\",\"position\":2,\"item\":{\"@type\":\"WebPage\",\"@id\":\"https:\/\/padaste.ee\/et\/broneeringud\/\",\"url\":\"https:\/\/padaste.ee\/et\/broneeringud\/\",\"name\":\"Broneeringud\"}},{\"@type\":\"ListItem\",\"position\":3,\"item\":{\"@type\":\"WebPage\",\"@id\":\"https:\/\/padaste.ee\/et\/broneeringud\/laua-broneerimine-padaste-jahtklubi\/\",\"url\":\"https:\/\/padaste.ee\/et\/broneeringud\/laua-broneerimine-padaste-jahtklubi\/\",\"name\":\"Laua broneerimine &#8211; P\\u00e4daste Jahtklubi\"}}]}]}<\/script>\n<!-- \/ Yoast SEO plugin. -->","_links":{"self":[{"href":"https:\/\/xn--pdaste-bua.eu\/et\/wp-json\/wp\/v2\/pages\/8941"}],"collection":[{"href":"https:\/\/xn--pdaste-bua.eu\/et\/wp-json\/wp\/v2\/pages"}],"about":[{"href":"https:\/\/xn--pdaste-bua.eu\/et\/wp-json\/wp\/v2\/types\/page"}],"author":[{"embeddable":true,"href":"https:\/\/xn--pdaste-bua.eu\/et\/wp-json\/wp\/v2\/users\/50"}],"replies":[{"embeddable":true,"href":"https:\/\/xn--pdaste-bua.eu\/et\/wp-json\/wp\/v2\/comments?post=8941"}],"version-history":[{"count":33,"href":"https:\/\/xn--pdaste-bua.eu\/et\/wp-json\/wp\/v2\/pages\/8941\/revisions"}],"predecessor-version":[{"id":24566,"href":"https:\/\/xn--pdaste-bua.eu\/et\/wp-json\/wp\/v2\/pages\/8941\/revisions\/24566"}],"up":[{"embeddable":true,"href":"https:\/\/xn--pdaste-bua.eu\/et\/wp-json\/wp\/v2\/pages\/8914"}],"wp:attachment":[{"href":"https:\/\/xn--pdaste-bua.eu\/et\/wp-json\/wp\/v2\/media?parent=8941"}],"curies":[{"name":"wp","href":"https:\/\/api.w.org\/{rel}","templated":true}]}}