{"id":8965,"date":"2015-07-29T21:26:49","date_gmt":"2015-07-29T18:26:49","guid":{"rendered":"http:\/\/padastenew.local\/?page_id=8965"},"modified":"2025-10-14T08:32:22","modified_gmt":"2025-10-14T08:32:22","slug":"romantiline-pogenemine","status":"publish","type":"page","link":"https:\/\/xn--pdaste-bua.eu\/et\/eripakkumised\/romantiline-pogenemine\/","title":{"rendered":"Romantiline P\u00f5genemine"},"content":{"rendered":"<p>&nbsp;<\/p>\n<h1><span style=\"font-size: 22px; color: #ff0000;\">2-\u00f6\u00f6line eripakkumine<\/span><\/h1>\n<p>&nbsp;<\/p>\n<p>&nbsp;<\/p>\n<p><a href=\"http:\/\/www.padaste.ee\/wp-content\/uploads\/2023\/04\/0bf2f992-6467-4fc7-8eeb-dc50b11811d5.jpeg\"><img loading=\"lazy\" class=\"wp-image-19744 size-medium alignright\" src=\"http:\/\/www.padaste.ee\/wp-content\/uploads\/2023\/04\/0bf2f992-6467-4fc7-8eeb-dc50b11811d5-300x185.jpeg\" alt=\"\" width=\"300\" height=\"185\" srcset=\"https:\/\/xn--pdaste-bua.eu\/wp-content\/uploads\/2023\/04\/0bf2f992-6467-4fc7-8eeb-dc50b11811d5-300x185.jpeg 300w, https:\/\/xn--pdaste-bua.eu\/wp-content\/uploads\/2023\/04\/0bf2f992-6467-4fc7-8eeb-dc50b11811d5-1024x630.jpeg 1024w, https:\/\/xn--pdaste-bua.eu\/wp-content\/uploads\/2023\/04\/0bf2f992-6467-4fc7-8eeb-dc50b11811d5-768x473.jpeg 768w, https:\/\/xn--pdaste-bua.eu\/wp-content\/uploads\/2023\/04\/0bf2f992-6467-4fc7-8eeb-dc50b11811d5-1536x945.jpeg 1536w, https:\/\/xn--pdaste-bua.eu\/wp-content\/uploads\/2023\/04\/0bf2f992-6467-4fc7-8eeb-dc50b11811d5-24x15.jpeg 24w, https:\/\/xn--pdaste-bua.eu\/wp-content\/uploads\/2023\/04\/0bf2f992-6467-4fc7-8eeb-dc50b11811d5-36x22.jpeg 36w, https:\/\/xn--pdaste-bua.eu\/wp-content\/uploads\/2023\/04\/0bf2f992-6467-4fc7-8eeb-dc50b11811d5-48x30.jpeg 48w, https:\/\/xn--pdaste-bua.eu\/wp-content\/uploads\/2023\/04\/0bf2f992-6467-4fc7-8eeb-dc50b11811d5.jpeg 1839w\" sizes=\"(max-width: 300px) 100vw, 300px\" \/><\/a><\/p>\n<p>P\u00f5genege P\u00e4daste M\u00f5isa romantilisse ja luksuslikku maailma. Nautige t\u00f5eliselt unustamatut puhkust, kus teie ja teie kallim saate kogeda erilisi hetki. Kujutlege kuidas jalutate k\u00e4sik\u00e4es l\u00e4bi m\u00f5isa aedade, vaatate p\u00e4ikeseloojangut mere kaldal asuvas merevee t\u00f5rres \u0161ampanjat juues, ja lubate oma maitsemeeli hellitada k\u00fc\u00fcnlavalgel serveeritud privaatse gurmee\u00f5htus\u00f6\u00f6giga.<\/p>\n<p>&nbsp;<\/p>\n<p>&nbsp;<\/p>\n<p>*K\u00fclalistel, kes soovivad P\u00e4dasta M\u00f5isas oma unistuste ettepanekut teha, palume \u00fchendust v\u00f5tta meie <em>Guest Relations Manager<\/em>iga, lubage meil aidata teil see eriline hetk ellu viia.<\/p>\n<p>&nbsp;<\/p>\n<p>&nbsp;<\/p>\n<p><strong>Eripakkumises sisaldub:<\/strong><\/p>\n<p>&nbsp;<\/p>\n<ul>\n<li>Tervituseks teie toas hotellipoolse komplimendina \u0161ampanja ja valik P\u00e4daste Gourmet h\u00f5rgutisi<\/li>\n<li>2 \u00f6\u00f6d majutust P\u00e4daste M\u00f5isas<\/li>\n<li>Neljak\u00e4iguline <em>Table d&#8217;H\u00f4te<\/em> \u00f5htus\u00f6\u00f6k restoranis Alexander<\/li>\n<li>Romantiline Saarte Degustatsioonimen\u00fc\u00fc k\u00fc\u00fcnlavalguse \u00f5htus\u00f6\u00f6k H\u00e4rrastemaja l\u00f5unapoolses merevaatega fuajees<\/li>\n<li>Osaline massaa\u017e essentsi\u00f5liga<\/li>\n<li>1 tund privaatne Kuuma merevee t\u00f5rs koos pudeli \u0161ampanjaga P\u00e4daste lahel<\/li>\n<li>Kahek\u00e4iguline l\u00f5unas\u00f6\u00f6k<\/li>\n<li>Rikkalikud hommikus\u00f6\u00f6gid serveerime soovi korral teie sviidi mugavas privaatsuses<\/li>\n<li>&#8220;T\u00f5use ja s\u00e4ra&#8221; hommikuv\u00f5imlemine iga p\u00e4ev kell 09:00 &#8211; joogal p\u00f5hinev virgutus ja venitused parima p\u00e4eva alustamiseks!<\/li>\n<\/ul>\n<p>&nbsp;<\/p>\n<p><strong>Hind alates 1099 \u20ac<\/strong><\/p>\n<p>&nbsp;<\/p>\n<p><a href=\"http:\/\/www.padaste.ee\/et\/eripakkumised\/romantiline-pogenemine\/eripakkumise-detailid-romantiline-pogenemine\/\">Eripakkumise detailid ja hinnad<\/a><\/p>\n<p>&nbsp;<\/p>\n<p>Broneerimiseks v\u00f5tke meiega \u00fchendust emailil&nbsp;<a href=\"mailto:info@padaste.ee\">info@padaste.ee<\/a>&nbsp;v\u00f5i helistage numbril +372 45 48 800<\/p>\n<p>&nbsp;<\/p>\n","protected":false},"excerpt":{"rendered":"<p>&nbsp; 2-\u00f6\u00f6line eripakkumine &nbsp; &nbsp; P\u00f5genege P\u00e4daste M\u00f5isa romantilisse ja luksuslikku maailma. Nautige t\u00f5eliselt unustamatut puhkust, kus teie ja teie kallim saate kogeda erilisi hetki. Kujutlege kuidas jalutate k\u00e4sik\u00e4es l\u00e4bi m\u00f5isa aedade, vaatate p\u00e4ikeseloojangut mere kaldal asuvas merevee t\u00f5rres \u0161ampanjat juues, ja lubate oma maitsemeeli hellitada k\u00fc\u00fcnlavalgel serveeritud privaatse gurmee\u00f5htus\u00f6\u00f6giga. &nbsp; &nbsp; *K\u00fclalistel, kes soovivad [&hellip;]<\/p>\n","protected":false},"author":50,"featured_media":19744,"parent":8975,"menu_order":0,"comment_status":"closed","ping_status":"closed","template":"","meta":{"ngg_post_thumbnail":0,"_links_to":"","_links_to_target":""},"yoast_head":"<!-- This site is optimized with the Yoast SEO plugin v16.1.1 - https:\/\/yoast.com\/wordpress\/plugins\/seo\/ -->\n<title>Romantiline P\u00f5genemine -<\/title>\n<link rel=\"canonical\" href=\"https:\/\/www.padaste.ee\/et\/eripakkumised\/romantiline-pogenemine\/\" \/>\n<meta property=\"og:locale\" content=\"et_EE\" \/>\n<meta property=\"og:type\" content=\"article\" \/>\n<meta property=\"og:title\" content=\"Romantiline P\u00f5genemine -\" \/>\n<meta property=\"og:description\" content=\"&nbsp; 2-\u00f6\u00f6line eripakkumine &nbsp; &nbsp; P\u00f5genege P\u00e4daste M\u00f5isa romantilisse ja luksuslikku maailma. Nautige t\u00f5eliselt unustamatut puhkust, kus teie ja teie kallim saate kogeda erilisi hetki. Kujutlege kuidas jalutate k\u00e4sik\u00e4es l\u00e4bi m\u00f5isa aedade, vaatate p\u00e4ikeseloojangut mere kaldal asuvas merevee t\u00f5rres \u0161ampanjat juues, ja lubate oma maitsemeeli hellitada k\u00fc\u00fcnlavalgel serveeritud privaatse gurmee\u00f5htus\u00f6\u00f6giga. &nbsp; &nbsp; *K\u00fclalistel, kes soovivad [&hellip;]\" \/>\n<meta property=\"og:url\" content=\"https:\/\/www.padaste.ee\/et\/eripakkumised\/romantiline-pogenemine\/\" \/>\n<meta property=\"article:publisher\" content=\"https:\/\/www.facebook.com\/Padastemanor\/\" \/>\n<meta property=\"article:modified_time\" content=\"2025-10-14T08:32:22+00:00\" \/>\n<meta property=\"og:image\" content=\"https:\/\/xn--pdaste-bua.eu\/wp-content\/uploads\/2023\/04\/0bf2f992-6467-4fc7-8eeb-dc50b11811d5.jpeg\" \/>\n\t<meta property=\"og:image:width\" content=\"1839\" \/>\n\t<meta property=\"og:image:height\" content=\"1132\" \/>\n<meta name=\"twitter:card\" content=\"summary_large_image\" \/>\n<meta name=\"twitter:label1\" content=\"Est. reading time\">\n\t<meta name=\"twitter:data1\" content=\"1 minut\">\n<script type=\"application\/ld+json\" class=\"yoast-schema-graph\">{\"@context\":\"https:\/\/schema.org\",\"@graph\":[{\"@type\":\"Organization\",\"@id\":\"https:\/\/xn--pdaste-bua.ee\/et\/#organization\",\"name\":\"P\\u00e4daste M\\u00f5is\",\"url\":\"https:\/\/xn--pdaste-bua.ee\/et\/\",\"sameAs\":[\"https:\/\/www.facebook.com\/Padastemanor\/\"],\"logo\":{\"@type\":\"ImageObject\",\"@id\":\"https:\/\/xn--pdaste-bua.ee\/et\/#logo\",\"inLanguage\":\"et\",\"url\":\"https:\/\/padaste.ee\/wp-content\/uploads\/2018\/12\/padaste_2011.jpg\",\"contentUrl\":\"https:\/\/padaste.ee\/wp-content\/uploads\/2018\/12\/padaste_2011.jpg\",\"width\":154,\"height\":61,\"caption\":\"P\\u00e4daste M\\u00f5is\"},\"image\":{\"@id\":\"https:\/\/xn--pdaste-bua.ee\/et\/#logo\"}},{\"@type\":\"WebSite\",\"@id\":\"https:\/\/xn--pdaste-bua.ee\/et\/#website\",\"url\":\"https:\/\/xn--pdaste-bua.ee\/et\/\",\"name\":\"\",\"description\":\"\",\"publisher\":{\"@id\":\"https:\/\/xn--pdaste-bua.ee\/et\/#organization\"},\"potentialAction\":[{\"@type\":\"SearchAction\",\"target\":\"https:\/\/xn--pdaste-bua.ee\/et\/?s={search_term_string}\",\"query-input\":\"required name=search_term_string\"}],\"inLanguage\":\"et\"},{\"@type\":\"ImageObject\",\"@id\":\"https:\/\/www.padaste.ee\/et\/eripakkumised\/romantiline-pogenemine\/#primaryimage\",\"inLanguage\":\"et\",\"url\":\"https:\/\/xn--pdaste-bua.eu\/wp-content\/uploads\/2023\/04\/0bf2f992-6467-4fc7-8eeb-dc50b11811d5.jpeg\",\"contentUrl\":\"https:\/\/xn--pdaste-bua.eu\/wp-content\/uploads\/2023\/04\/0bf2f992-6467-4fc7-8eeb-dc50b11811d5.jpeg\",\"width\":1839,\"height\":1132},{\"@type\":\"WebPage\",\"@id\":\"https:\/\/www.padaste.ee\/et\/eripakkumised\/romantiline-pogenemine\/#webpage\",\"url\":\"https:\/\/www.padaste.ee\/et\/eripakkumised\/romantiline-pogenemine\/\",\"name\":\"Romantiline P\\u00f5genemine -\",\"isPartOf\":{\"@id\":\"https:\/\/xn--pdaste-bua.ee\/et\/#website\"},\"primaryImageOfPage\":{\"@id\":\"https:\/\/www.padaste.ee\/et\/eripakkumised\/romantiline-pogenemine\/#primaryimage\"},\"datePublished\":\"2015-07-29T18:26:49+00:00\",\"dateModified\":\"2025-10-14T08:32:22+00:00\",\"breadcrumb\":{\"@id\":\"https:\/\/www.padaste.ee\/et\/eripakkumised\/romantiline-pogenemine\/#breadcrumb\"},\"inLanguage\":\"et\",\"potentialAction\":[{\"@type\":\"ReadAction\",\"target\":[\"https:\/\/www.padaste.ee\/et\/eripakkumised\/romantiline-pogenemine\/\"]}]},{\"@type\":\"BreadcrumbList\",\"@id\":\"https:\/\/www.padaste.ee\/et\/eripakkumised\/romantiline-pogenemine\/#breadcrumb\",\"itemListElement\":[{\"@type\":\"ListItem\",\"position\":1,\"item\":{\"@type\":\"WebPage\",\"@id\":\"https:\/\/xn--pdaste-bua.ee\/et\/\",\"url\":\"https:\/\/xn--pdaste-bua.ee\/et\/\",\"name\":\"Home\"}},{\"@type\":\"ListItem\",\"position\":2,\"item\":{\"@type\":\"WebPage\",\"@id\":\"https:\/\/www.padaste.ee\/et\/eripakkumised\/\",\"url\":\"https:\/\/www.padaste.ee\/et\/eripakkumised\/\",\"name\":\"Eripakkumised\"}},{\"@type\":\"ListItem\",\"position\":3,\"item\":{\"@type\":\"WebPage\",\"@id\":\"https:\/\/www.padaste.ee\/et\/eripakkumised\/romantiline-pogenemine\/\",\"url\":\"https:\/\/www.padaste.ee\/et\/eripakkumised\/romantiline-pogenemine\/\",\"name\":\"Romantiline P\\u00f5genemine\"}}]}]}<\/script>\n<!-- \/ Yoast SEO plugin. -->","_links":{"self":[{"href":"https:\/\/xn--pdaste-bua.eu\/et\/wp-json\/wp\/v2\/pages\/8965"}],"collection":[{"href":"https:\/\/xn--pdaste-bua.eu\/et\/wp-json\/wp\/v2\/pages"}],"about":[{"href":"https:\/\/xn--pdaste-bua.eu\/et\/wp-json\/wp\/v2\/types\/page"}],"author":[{"embeddable":true,"href":"https:\/\/xn--pdaste-bua.eu\/et\/wp-json\/wp\/v2\/users\/50"}],"replies":[{"embeddable":true,"href":"https:\/\/xn--pdaste-bua.eu\/et\/wp-json\/wp\/v2\/comments?post=8965"}],"version-history":[{"count":21,"href":"https:\/\/xn--pdaste-bua.eu\/et\/wp-json\/wp\/v2\/pages\/8965\/revisions"}],"predecessor-version":[{"id":25509,"href":"https:\/\/xn--pdaste-bua.eu\/et\/wp-json\/wp\/v2\/pages\/8965\/revisions\/25509"}],"up":[{"embeddable":true,"href":"https:\/\/xn--pdaste-bua.eu\/et\/wp-json\/wp\/v2\/pages\/8975"}],"wp:featuredmedia":[{"embeddable":true,"href":"https:\/\/xn--pdaste-bua.eu\/et\/wp-json\/wp\/v2\/media\/19744"}],"wp:attachment":[{"href":"https:\/\/xn--pdaste-bua.eu\/et\/wp-json\/wp\/v2\/media?parent=8965"}],"curies":[{"name":"wp","href":"https:\/\/api.w.org\/{rel}","templated":true}]}}