{"id":8977,"date":"2015-07-29T21:34:57","date_gmt":"2015-07-29T18:34:57","guid":{"rendered":"http:\/\/padastenew.local\/?page_id=8977"},"modified":"2023-04-18T11:28:05","modified_gmt":"2023-04-18T11:28:05","slug":"neljas-oo-tasuta","status":"publish","type":"page","link":"https:\/\/xn--pdaste-bua.eu\/et\/eripakkumised\/neljas-oo-tasuta\/","title":{"rendered":"Neljas \u00f6\u00f6 tasuta!"},"content":{"rendered":"<h1><span style=\"color: #ff0000;\"><a href=\"http:\/\/www.padaste.ee\/wp-content\/uploads\/2023\/01\/deluxe-double-in-the-manor-house-1.jpg\"><img loading=\"lazy\" class=\"wp-image-19328 size-medium alignright\" src=\"http:\/\/www.padaste.ee\/wp-content\/uploads\/2023\/01\/deluxe-double-in-the-manor-house-1-300x176.jpg\" alt=\"\" width=\"300\" height=\"176\" srcset=\"https:\/\/xn--pdaste-bua.eu\/wp-content\/uploads\/2023\/01\/deluxe-double-in-the-manor-house-1-300x176.jpg 300w, https:\/\/xn--pdaste-bua.eu\/wp-content\/uploads\/2023\/01\/deluxe-double-in-the-manor-house-1-768x451.jpg 768w, https:\/\/xn--pdaste-bua.eu\/wp-content\/uploads\/2023\/01\/deluxe-double-in-the-manor-house-1-24x14.jpg 24w, https:\/\/xn--pdaste-bua.eu\/wp-content\/uploads\/2023\/01\/deluxe-double-in-the-manor-house-1-36x21.jpg 36w, https:\/\/xn--pdaste-bua.eu\/wp-content\/uploads\/2023\/01\/deluxe-double-in-the-manor-house-1-48x28.jpg 48w, https:\/\/xn--pdaste-bua.eu\/wp-content\/uploads\/2023\/01\/deluxe-double-in-the-manor-house-1.jpg 800w\" sizes=\"(max-width: 300px) 100vw, 300px\" \/><\/a><\/span><\/h1>\n<div>\n<p><span style=\"color: #ff0000;\"><strong>Maksa kolme \u00f6\u00f6 eest ning meie kingime neljanda boonuseks<\/strong><\/span><\/p>\n<\/div>\n<p>&nbsp;<\/p>\n<p>Broneeri peatumine kolmeks j\u00e4rjestikuseks \u00f6\u00f6ks otse meie <em>Guest Relations Manager<\/em>iga aadressil <a href=\"mailto:info@padaste.ee\">info@padaste.ee<\/a> ja naudi boonusena tasuta neljandat \u00f6\u00f6d.<\/p>\n<div>\n<p>&nbsp;<\/p>\n<p>Pakkumine kehtib <em>Best Available Rate&nbsp;<\/em>hindadele ja on broneeritav k\u00f5ikides toakategooriates, v\u00e4lja arvatud standard Double tuba. Pakkumine ei kehti koos teiste eripakkumistega v\u00f5i gruppidele.<\/p>\n<\/div>\n<p>&nbsp;<\/p>\n<p><a href=\"http:\/\/padaste.ee\/et\/eripakkumised\/neljas-oo-tasuta\/neljas-oo-meie-kulul-tingimused\/\">Tingimused<\/a><\/p>\n","protected":false},"excerpt":{"rendered":"<p>Maksa kolme \u00f6\u00f6 eest ning meie kingime neljanda boonuseks &nbsp; Broneeri peatumine kolmeks j\u00e4rjestikuseks \u00f6\u00f6ks otse meie Guest Relations Manageriga aadressil info@padaste.ee ja naudi boonusena tasuta neljandat \u00f6\u00f6d. &nbsp; Pakkumine kehtib Best Available Rate&nbsp;hindadele ja on broneeritav k\u00f5ikides toakategooriates, v\u00e4lja arvatud standard Double tuba. Pakkumine ei kehti koos teiste eripakkumistega v\u00f5i gruppidele. &nbsp; Tingimused<\/p>\n","protected":false},"author":50,"featured_media":0,"parent":8975,"menu_order":0,"comment_status":"closed","ping_status":"closed","template":"","meta":{"ngg_post_thumbnail":0,"_links_to":"","_links_to_target":""},"yoast_head":"<!-- This site is optimized with the Yoast SEO plugin v16.1.1 - https:\/\/yoast.com\/wordpress\/plugins\/seo\/ -->\n<title>Neljas \u00f6\u00f6 tasuta! -<\/title>\n<link rel=\"canonical\" href=\"https:\/\/xn--pdaste-bua.eu\/et\/eripakkumised\/neljas-oo-tasuta\/\" \/>\n<meta property=\"og:locale\" content=\"et_EE\" \/>\n<meta property=\"og:type\" content=\"article\" \/>\n<meta property=\"og:title\" content=\"Neljas \u00f6\u00f6 tasuta! -\" \/>\n<meta property=\"og:description\" content=\"Maksa kolme \u00f6\u00f6 eest ning meie kingime neljanda boonuseks &nbsp; Broneeri peatumine kolmeks j\u00e4rjestikuseks \u00f6\u00f6ks otse meie Guest Relations Manageriga aadressil info@padaste.ee ja naudi boonusena tasuta neljandat \u00f6\u00f6d. &nbsp; Pakkumine kehtib Best Available Rate&nbsp;hindadele ja on broneeritav k\u00f5ikides toakategooriates, v\u00e4lja arvatud standard Double tuba. Pakkumine ei kehti koos teiste eripakkumistega v\u00f5i gruppidele. &nbsp; Tingimused\" \/>\n<meta property=\"og:url\" content=\"https:\/\/xn--pdaste-bua.eu\/et\/eripakkumised\/neljas-oo-tasuta\/\" \/>\n<meta property=\"article:publisher\" content=\"https:\/\/www.facebook.com\/Padastemanor\/\" \/>\n<meta property=\"article:modified_time\" content=\"2023-04-18T11:28:05+00:00\" \/>\n<meta property=\"og:image\" content=\"http:\/\/www.padaste.ee\/wp-content\/uploads\/2023\/01\/deluxe-double-in-the-manor-house-1-300x176.jpg\" \/>\n<meta name=\"twitter:card\" content=\"summary_large_image\" \/>\n<meta name=\"twitter:label1\" content=\"Est. reading time\">\n\t<meta name=\"twitter:data1\" content=\"1 minut\">\n<script type=\"application\/ld+json\" class=\"yoast-schema-graph\">{\"@context\":\"https:\/\/schema.org\",\"@graph\":[{\"@type\":\"Organization\",\"@id\":\"https:\/\/xn--pdaste-bua.ee\/et\/#organization\",\"name\":\"P\\u00e4daste M\\u00f5is\",\"url\":\"https:\/\/xn--pdaste-bua.ee\/et\/\",\"sameAs\":[\"https:\/\/www.facebook.com\/Padastemanor\/\"],\"logo\":{\"@type\":\"ImageObject\",\"@id\":\"https:\/\/xn--pdaste-bua.ee\/et\/#logo\",\"inLanguage\":\"et\",\"url\":\"https:\/\/padaste.ee\/wp-content\/uploads\/2018\/12\/padaste_2011.jpg\",\"contentUrl\":\"https:\/\/padaste.ee\/wp-content\/uploads\/2018\/12\/padaste_2011.jpg\",\"width\":154,\"height\":61,\"caption\":\"P\\u00e4daste M\\u00f5is\"},\"image\":{\"@id\":\"https:\/\/xn--pdaste-bua.ee\/et\/#logo\"}},{\"@type\":\"WebSite\",\"@id\":\"https:\/\/xn--pdaste-bua.ee\/et\/#website\",\"url\":\"https:\/\/xn--pdaste-bua.ee\/et\/\",\"name\":\"\",\"description\":\"\",\"publisher\":{\"@id\":\"https:\/\/xn--pdaste-bua.ee\/et\/#organization\"},\"potentialAction\":[{\"@type\":\"SearchAction\",\"target\":\"https:\/\/xn--pdaste-bua.ee\/et\/?s={search_term_string}\",\"query-input\":\"required name=search_term_string\"}],\"inLanguage\":\"et\"},{\"@type\":\"ImageObject\",\"@id\":\"https:\/\/xn--pdaste-bua.eu\/et\/eripakkumised\/neljas-oo-tasuta\/#primaryimage\",\"inLanguage\":\"et\",\"url\":\"http:\/\/www.padaste.ee\/wp-content\/uploads\/2023\/01\/deluxe-double-in-the-manor-house-1-300x176.jpg\",\"contentUrl\":\"http:\/\/www.padaste.ee\/wp-content\/uploads\/2023\/01\/deluxe-double-in-the-manor-house-1-300x176.jpg\"},{\"@type\":\"WebPage\",\"@id\":\"https:\/\/xn--pdaste-bua.eu\/et\/eripakkumised\/neljas-oo-tasuta\/#webpage\",\"url\":\"https:\/\/xn--pdaste-bua.eu\/et\/eripakkumised\/neljas-oo-tasuta\/\",\"name\":\"Neljas \\u00f6\\u00f6 tasuta! -\",\"isPartOf\":{\"@id\":\"https:\/\/xn--pdaste-bua.ee\/et\/#website\"},\"primaryImageOfPage\":{\"@id\":\"https:\/\/xn--pdaste-bua.eu\/et\/eripakkumised\/neljas-oo-tasuta\/#primaryimage\"},\"datePublished\":\"2015-07-29T18:34:57+00:00\",\"dateModified\":\"2023-04-18T11:28:05+00:00\",\"breadcrumb\":{\"@id\":\"https:\/\/xn--pdaste-bua.eu\/et\/eripakkumised\/neljas-oo-tasuta\/#breadcrumb\"},\"inLanguage\":\"et\",\"potentialAction\":[{\"@type\":\"ReadAction\",\"target\":[\"https:\/\/xn--pdaste-bua.eu\/et\/eripakkumised\/neljas-oo-tasuta\/\"]}]},{\"@type\":\"BreadcrumbList\",\"@id\":\"https:\/\/xn--pdaste-bua.eu\/et\/eripakkumised\/neljas-oo-tasuta\/#breadcrumb\",\"itemListElement\":[{\"@type\":\"ListItem\",\"position\":1,\"item\":{\"@type\":\"WebPage\",\"@id\":\"https:\/\/xn--pdaste-bua.ee\/et\/\",\"url\":\"https:\/\/xn--pdaste-bua.ee\/et\/\",\"name\":\"Home\"}},{\"@type\":\"ListItem\",\"position\":2,\"item\":{\"@type\":\"WebPage\",\"@id\":\"https:\/\/www.padaste.ee\/et\/eripakkumised\/\",\"url\":\"https:\/\/www.padaste.ee\/et\/eripakkumised\/\",\"name\":\"Eripakkumised\"}},{\"@type\":\"ListItem\",\"position\":3,\"item\":{\"@type\":\"WebPage\",\"@id\":\"https:\/\/xn--pdaste-bua.eu\/et\/eripakkumised\/neljas-oo-tasuta\/\",\"url\":\"https:\/\/xn--pdaste-bua.eu\/et\/eripakkumised\/neljas-oo-tasuta\/\",\"name\":\"Neljas \\u00f6\\u00f6 tasuta!\"}}]}]}<\/script>\n<!-- \/ Yoast SEO plugin. -->","_links":{"self":[{"href":"https:\/\/xn--pdaste-bua.eu\/et\/wp-json\/wp\/v2\/pages\/8977"}],"collection":[{"href":"https:\/\/xn--pdaste-bua.eu\/et\/wp-json\/wp\/v2\/pages"}],"about":[{"href":"https:\/\/xn--pdaste-bua.eu\/et\/wp-json\/wp\/v2\/types\/page"}],"author":[{"embeddable":true,"href":"https:\/\/xn--pdaste-bua.eu\/et\/wp-json\/wp\/v2\/users\/50"}],"replies":[{"embeddable":true,"href":"https:\/\/xn--pdaste-bua.eu\/et\/wp-json\/wp\/v2\/comments?post=8977"}],"version-history":[{"count":10,"href":"https:\/\/xn--pdaste-bua.eu\/et\/wp-json\/wp\/v2\/pages\/8977\/revisions"}],"predecessor-version":[{"id":19760,"href":"https:\/\/xn--pdaste-bua.eu\/et\/wp-json\/wp\/v2\/pages\/8977\/revisions\/19760"}],"up":[{"embeddable":true,"href":"https:\/\/xn--pdaste-bua.eu\/et\/wp-json\/wp\/v2\/pages\/8975"}],"wp:attachment":[{"href":"https:\/\/xn--pdaste-bua.eu\/et\/wp-json\/wp\/v2\/media?parent=8977"}],"curies":[{"name":"wp","href":"https:\/\/api.w.org\/{rel}","templated":true}]}}