{"id":9128,"date":"2015-08-02T15:53:46","date_gmt":"2015-08-02T12:53:46","guid":{"rendered":"http:\/\/padastenew.local\/?page_id=9128"},"modified":"2019-04-17T17:29:40","modified_gmt":"2019-04-17T14:29:40","slug":"liikmelisus","status":"publish","type":"page","link":"https:\/\/xn--pdaste-bua.eu\/et\/jalus\/liikmelisus\/","title":{"rendered":"Liikmelisus"},"content":{"rendered":"<table>\n<tbody>\n<tr>\n<td>P\u00e4daste Manor on Small Luxury Hotels of the World uhke liige.<\/td>\n<td><a href=\"https:\/\/www.slh.com\/hotels\/padaste-manor\/\"><img loading=\"lazy\" class=\"wp-image-13557 aligncenter\" src=\"http:\/\/www.padaste.ee\/wp-content\/uploads\/2019\/04\/20180815000154_0-300x231.jpg\" alt=\"\" width=\"100\" height=\"77\" srcset=\"https:\/\/xn--pdaste-bua.eu\/wp-content\/uploads\/2019\/04\/20180815000154_0-300x231.jpg 300w, https:\/\/xn--pdaste-bua.eu\/wp-content\/uploads\/2019\/04\/20180815000154_0-24x18.jpg 24w, https:\/\/xn--pdaste-bua.eu\/wp-content\/uploads\/2019\/04\/20180815000154_0-36x28.jpg 36w, https:\/\/xn--pdaste-bua.eu\/wp-content\/uploads\/2019\/04\/20180815000154_0-48x37.jpg 48w, https:\/\/xn--pdaste-bua.eu\/wp-content\/uploads\/2019\/04\/20180815000154_0.jpg 650w\" sizes=\"(max-width: 100px) 100vw, 100px\" \/><\/a><\/td>\n<\/tr>\n<tr>\n<td>\n<p>P\u00e4daste M\u00f5is on Tablet Plus Michelin hotellide liige.<\/p>\n<\/td>\n<td><a href=\"https:\/\/www.tablethotels.com\/en\/muhu-island-hotels\/padaste-manor\"><img loading=\"lazy\" class=\"wp-image-13558 aligncenter\" src=\"http:\/\/www.padaste.ee\/wp-content\/uploads\/2019\/04\/tablet-michelin.png\" alt=\"\" width=\"100\" height=\"48\" srcset=\"https:\/\/xn--pdaste-bua.eu\/wp-content\/uploads\/2019\/04\/tablet-michelin.png 295w, https:\/\/xn--pdaste-bua.eu\/wp-content\/uploads\/2019\/04\/tablet-michelin-24x12.png 24w, https:\/\/xn--pdaste-bua.eu\/wp-content\/uploads\/2019\/04\/tablet-michelin-36x17.png 36w, https:\/\/xn--pdaste-bua.eu\/wp-content\/uploads\/2019\/04\/tablet-michelin-48x23.png 48w\" sizes=\"(max-width: 100px) 100vw, 100px\" \/><\/a><\/td>\n<\/tr>\n<tr>\n<td>\n<p>Union of European Historic Houses &#8211; hotellid inimestele, kes hoolivad.<\/p>\n<\/td>\n<td><a href=\"http:\/\/www.europeanhistorichouses.eu\/\"><img loading=\"lazy\" class=\"wp-image-13559 aligncenter\" src=\"http:\/\/www.padaste.ee\/wp-content\/uploads\/2019\/04\/d0377-1-300x73.jpg\" alt=\"\" width=\"150\" height=\"37\" srcset=\"https:\/\/xn--pdaste-bua.eu\/wp-content\/uploads\/2019\/04\/d0377-1-300x73.jpg 300w, https:\/\/xn--pdaste-bua.eu\/wp-content\/uploads\/2019\/04\/d0377-1-768x187.jpg 768w, https:\/\/xn--pdaste-bua.eu\/wp-content\/uploads\/2019\/04\/d0377-1-1024x250.jpg 1024w, https:\/\/xn--pdaste-bua.eu\/wp-content\/uploads\/2019\/04\/d0377-1-24x6.jpg 24w, https:\/\/xn--pdaste-bua.eu\/wp-content\/uploads\/2019\/04\/d0377-1-36x9.jpg 36w, https:\/\/xn--pdaste-bua.eu\/wp-content\/uploads\/2019\/04\/d0377-1-48x12.jpg 48w, https:\/\/xn--pdaste-bua.eu\/wp-content\/uploads\/2019\/04\/d0377-1.jpg 1729w\" sizes=\"(max-width: 150px) 100vw, 150px\" \/><\/a><\/td>\n<\/tr>\n<tr>\n<td>Muhu Turismi Assotsiatsiooni liige.<\/td>\n<td><a href=\"http:\/\/muhu.info\/\"><img loading=\"lazy\" class=\"aligncenter wp-image-422 size-full\" src=\"http:\/\/www.padaste.ee\/wp-content\/uploads\/2008\/06\/muhubutton.jpg\" alt=\"\" width=\"101\" height=\"34\" \/><\/a><\/td>\n<\/tr>\n<\/tbody>\n<\/table>\n<p>&nbsp;<\/p>\n<p>&nbsp;<\/p>\n","protected":false},"excerpt":{"rendered":"<p>P\u00e4daste Manor on Small Luxury Hotels of the World uhke liige. P\u00e4daste M\u00f5is on Tablet Plus Michelin hotellide liige. Union of European Historic Houses &#8211; hotellid inimestele, kes hoolivad. Muhu Turismi Assotsiatsiooni liige. &nbsp; &nbsp;<\/p>\n","protected":false},"author":50,"featured_media":0,"parent":9118,"menu_order":0,"comment_status":"closed","ping_status":"closed","template":"","meta":{"ngg_post_thumbnail":0,"_links_to":"","_links_to_target":""},"yoast_head":"<!-- This site is optimized with the Yoast SEO plugin v16.1.1 - https:\/\/yoast.com\/wordpress\/plugins\/seo\/ -->\n<title>Liikmelisus -<\/title>\n<link rel=\"canonical\" href=\"https:\/\/padaste.ee\/et\/jalus\/liikmelisus\/\" \/>\n<meta property=\"og:locale\" content=\"et_EE\" \/>\n<meta property=\"og:type\" content=\"article\" \/>\n<meta property=\"og:title\" content=\"Liikmelisus -\" \/>\n<meta property=\"og:description\" content=\"P\u00e4daste Manor on Small Luxury Hotels of the World uhke liige. P\u00e4daste M\u00f5is on Tablet Plus Michelin hotellide liige. Union of European Historic Houses &#8211; hotellid inimestele, kes hoolivad. Muhu Turismi Assotsiatsiooni liige. &nbsp; &nbsp;\" \/>\n<meta property=\"og:url\" content=\"https:\/\/padaste.ee\/et\/jalus\/liikmelisus\/\" \/>\n<meta property=\"article:publisher\" content=\"https:\/\/www.facebook.com\/Padastemanor\/\" \/>\n<meta property=\"article:modified_time\" content=\"2019-04-17T14:29:40+00:00\" \/>\n<meta property=\"og:image\" content=\"http:\/\/www.padaste.ee\/wp-content\/uploads\/2019\/04\/20180815000154_0-300x231.jpg\" \/>\n<meta name=\"twitter:card\" content=\"summary_large_image\" \/>\n<script type=\"application\/ld+json\" class=\"yoast-schema-graph\">{\"@context\":\"https:\/\/schema.org\",\"@graph\":[{\"@type\":\"Organization\",\"@id\":\"https:\/\/xn--pdaste-bua.ee\/et\/#organization\",\"name\":\"P\\u00e4daste M\\u00f5is\",\"url\":\"https:\/\/xn--pdaste-bua.ee\/et\/\",\"sameAs\":[\"https:\/\/www.facebook.com\/Padastemanor\/\"],\"logo\":{\"@type\":\"ImageObject\",\"@id\":\"https:\/\/xn--pdaste-bua.ee\/et\/#logo\",\"inLanguage\":\"et\",\"url\":\"https:\/\/padaste.ee\/wp-content\/uploads\/2018\/12\/padaste_2011.jpg\",\"contentUrl\":\"https:\/\/padaste.ee\/wp-content\/uploads\/2018\/12\/padaste_2011.jpg\",\"width\":154,\"height\":61,\"caption\":\"P\\u00e4daste M\\u00f5is\"},\"image\":{\"@id\":\"https:\/\/xn--pdaste-bua.ee\/et\/#logo\"}},{\"@type\":\"WebSite\",\"@id\":\"https:\/\/xn--pdaste-bua.ee\/et\/#website\",\"url\":\"https:\/\/xn--pdaste-bua.ee\/et\/\",\"name\":\"\",\"description\":\"\",\"publisher\":{\"@id\":\"https:\/\/xn--pdaste-bua.ee\/et\/#organization\"},\"potentialAction\":[{\"@type\":\"SearchAction\",\"target\":\"https:\/\/xn--pdaste-bua.ee\/et\/?s={search_term_string}\",\"query-input\":\"required name=search_term_string\"}],\"inLanguage\":\"et\"},{\"@type\":\"ImageObject\",\"@id\":\"https:\/\/padaste.ee\/et\/jalus\/liikmelisus\/#primaryimage\",\"inLanguage\":\"et\",\"url\":\"http:\/\/www.padaste.ee\/wp-content\/uploads\/2019\/04\/20180815000154_0-300x231.jpg\",\"contentUrl\":\"http:\/\/www.padaste.ee\/wp-content\/uploads\/2019\/04\/20180815000154_0-300x231.jpg\"},{\"@type\":\"WebPage\",\"@id\":\"https:\/\/padaste.ee\/et\/jalus\/liikmelisus\/#webpage\",\"url\":\"https:\/\/padaste.ee\/et\/jalus\/liikmelisus\/\",\"name\":\"Liikmelisus -\",\"isPartOf\":{\"@id\":\"https:\/\/xn--pdaste-bua.ee\/et\/#website\"},\"primaryImageOfPage\":{\"@id\":\"https:\/\/padaste.ee\/et\/jalus\/liikmelisus\/#primaryimage\"},\"datePublished\":\"2015-08-02T12:53:46+00:00\",\"dateModified\":\"2019-04-17T14:29:40+00:00\",\"breadcrumb\":{\"@id\":\"https:\/\/padaste.ee\/et\/jalus\/liikmelisus\/#breadcrumb\"},\"inLanguage\":\"et\",\"potentialAction\":[{\"@type\":\"ReadAction\",\"target\":[\"https:\/\/padaste.ee\/et\/jalus\/liikmelisus\/\"]}]},{\"@type\":\"BreadcrumbList\",\"@id\":\"https:\/\/padaste.ee\/et\/jalus\/liikmelisus\/#breadcrumb\",\"itemListElement\":[{\"@type\":\"ListItem\",\"position\":1,\"item\":{\"@type\":\"WebPage\",\"@id\":\"https:\/\/xn--pdaste-bua.ee\/et\/\",\"url\":\"https:\/\/xn--pdaste-bua.ee\/et\/\",\"name\":\"Home\"}},{\"@type\":\"ListItem\",\"position\":2,\"item\":{\"@type\":\"WebPage\",\"@id\":\"https:\/\/padaste.ee\/et\/jalus\/\",\"url\":\"https:\/\/padaste.ee\/et\/jalus\/\",\"name\":\"Jalus\"}},{\"@type\":\"ListItem\",\"position\":3,\"item\":{\"@type\":\"WebPage\",\"@id\":\"https:\/\/padaste.ee\/et\/jalus\/liikmelisus\/\",\"url\":\"https:\/\/padaste.ee\/et\/jalus\/liikmelisus\/\",\"name\":\"Liikmelisus\"}}]}]}<\/script>\n<!-- \/ Yoast SEO plugin. -->","_links":{"self":[{"href":"https:\/\/xn--pdaste-bua.eu\/et\/wp-json\/wp\/v2\/pages\/9128"}],"collection":[{"href":"https:\/\/xn--pdaste-bua.eu\/et\/wp-json\/wp\/v2\/pages"}],"about":[{"href":"https:\/\/xn--pdaste-bua.eu\/et\/wp-json\/wp\/v2\/types\/page"}],"author":[{"embeddable":true,"href":"https:\/\/xn--pdaste-bua.eu\/et\/wp-json\/wp\/v2\/users\/50"}],"replies":[{"embeddable":true,"href":"https:\/\/xn--pdaste-bua.eu\/et\/wp-json\/wp\/v2\/comments?post=9128"}],"version-history":[{"count":2,"href":"https:\/\/xn--pdaste-bua.eu\/et\/wp-json\/wp\/v2\/pages\/9128\/revisions"}],"predecessor-version":[{"id":13565,"href":"https:\/\/xn--pdaste-bua.eu\/et\/wp-json\/wp\/v2\/pages\/9128\/revisions\/13565"}],"up":[{"embeddable":true,"href":"https:\/\/xn--pdaste-bua.eu\/et\/wp-json\/wp\/v2\/pages\/9118"}],"wp:attachment":[{"href":"https:\/\/xn--pdaste-bua.eu\/et\/wp-json\/wp\/v2\/media?parent=9128"}],"curies":[{"name":"wp","href":"https:\/\/api.w.org\/{rel}","templated":true}]}}