{"id":9132,"date":"2015-08-02T15:57:02","date_gmt":"2015-08-02T12:57:02","guid":{"rendered":"http:\/\/padastenew.local\/?page_id=9132"},"modified":"2015-08-02T15:57:56","modified_gmt":"2015-08-02T12:57:56","slug":"imre-martini-saladused","status":"publish","type":"page","link":"https:\/\/xn--pdaste-bua.eu\/et\/jalus\/liikmelisus\/imre-martini-saladused\/","title":{"rendered":"Imre &#038; Martini saladused"},"content":{"rendered":"<p><span style=\"color: #cc0000;\"><strong>Imre Soo\u00e4\u00e4r ja Martin Breuer jagavad meelsasti endi lemmikute soovitusi mujal maailmas.<\/strong><\/span><\/p>\n<p>See on nimekiri meie isiklikest lemmikutest, erilistest ja k\u00fclastamist v\u00e4\u00e4rt paikadest.<\/p>\n<p>Kindlasti mitte ei ole see loetelu s\u00fcstemaatiline, erapooletu ega ka t\u00e4ielik.<\/p>\n<p>Nii nagu ka pealkiri \u00fctleb, on tegemist vaid personaalsete arvamuste ja elamustega v\u00e4ga lihtsatest kuni n\u00f5udlikule reisijale meelep\u00e4raste paikadega, mida me erinevatel p\u00f5hjustel nimetaksite erilisteks ja k\u00fclastamisv\u00e4\u00e4riliseks.<\/p>\n<p>&nbsp;<\/p>\n<p><a href=\"http:\/\/www.zumsee.ch\/index.php?lan=en&amp;mid=1\" target=\"_blank\">Zum See<\/a> &#8211; m\u00e4girestoran Zermatt&#8217;is, \u0160veits Fiaschetteria Beltrami &#8211; lemmik l\u00f5unas\u00f6\u00f6girestoran Roomas, Itaalias aadressil Via delle Croce 39 (Piazza di Spagna)<\/p>\n<p><a href=\"http:\/\/www.restaurantdekas.nl\/6openinghours_bookings.php\" target=\"_blank\">De Kas<\/a> &#8211; kasvuhoonerestoran Amsterdamis, Holland<\/p>\n<p><a href=\"http:\/\/www.hotellocarno.com\/index.htm\" target=\"_blank\">Hotel Locarno<\/a> &#8211; vabduseh\u00f5nguline pelgupaik Rooma linna s\u00fcdames, Itaalia<\/p>\n<p><a href=\"http:\/\/www.mandarinoriental.com\/bangkok\/\" target=\"_blank\">The Orienta<\/a>l &#8211; 130. aasta vanune &#8216;grand old lady&#8217; Bangkokis, Taimaa<\/p>\n<p><a href=\"http:\/\/www.thethreehouses.com\/\" target=\"_blank\">The Three Houses Inn<\/a> &#8211; v\u00f5luv B&amp;B Stratfordis, Kanada<\/p>\n<p><a href=\"http:\/\/www.celticcastles.com\/chateaux\/les-crayeres\/index.html\" target=\"_blank\"> Les Cray\u00e8res<\/a> &#8211; v\u00e4ga eriline hotell ja restoran Reims&#8217;is, Prantsusmaa<\/p>\n<p><a href=\"http:\/\/www.brandenburger-hof.com\/e\/home\/intro2.html\" target=\"_blank\">Hotel Brandenburger Hof<\/a> &#8211; t\u00f5eliselt elegantne paik Berliinis, Saksamaa<\/p>\n<p><a href=\"http:\/\/www.hotelbergs.lv\/\" target=\"_blank\">Hotel Bergs<\/a> &#8211; suurep\u00e4rase asukohaga, suurte avarate tubadega privaatsust pakkuv hotell Riia s\u00fcdainnas, L\u00e4ti<\/p>\n<p><a href=\"http:\/\/www.bokkedoorns.nl\/\" target=\"_blank\">De Bokkedoons<\/a> &#8211; imeline restoran luidetel, Haarlemi linna l\u00e4histel, Holland<\/p>\n<p><a href=\"http:\/\/www.zuidzeeland.nl\/home.cfm\" target=\"_blank\">Restaurant Zuid Zeeland<\/a> &#8211; suures valikus kala, s\u00f5na otseses m\u00f5ttes. Amsterdami Herengracht&#8217;is. Kohalikud jumaldavad seda h\u00e4stivarjatud paika<\/p>\n<p><a title=\"Del Posto - New York City\" href=\"http:\/\/www.delpostonyc.com\/home.htm\" target=\"_blank\">Del Posto<\/a> &#8211; eriti soovitatav elegantseks l\u00f5una- v\u00f5i \u00f5htus\u00f6\u00f6giks, Chelsea, NYC, USA Marie\u00b4s Crisis &#8211; nurgatagune keldribaar klaveriga. Koht, kus ennastunustavalt laulda ning l\u00f5pmatuseni l\u00f5butseda. 59 Grove St, West Village, NYC, USA<\/p>\n<p><a title=\"The Modern - at the MoMa\" href=\"http:\/\/www.themodernnyc.com\/\" target=\"_blank\">The Modern<\/a> &#8211; muuseumis \u00f5htus\u00f6\u00f6gi nautimine on viidud t\u00e4iesti uuele tasemele! The Modern New Yorgi moodsa kunsti muuseumis (MoMa) on suurep\u00e4rane koht drinkideks ning kergeteks suupisteteks. NYC, USA<\/p>\n<p>&nbsp;<\/p>\n<p><a href=\"http:\/\/padaste.ee\/et\/jalus\/liikmelisus\/\">Tagasi<\/a><\/p>\n","protected":false},"excerpt":{"rendered":"<p>Imre Soo\u00e4\u00e4r ja Martin Breuer jagavad meelsasti endi lemmikute soovitusi mujal maailmas. See on nimekiri meie isiklikest lemmikutest, erilistest ja k\u00fclastamist v\u00e4\u00e4rt paikadest. Kindlasti mitte ei ole see loetelu s\u00fcstemaatiline, erapooletu ega ka t\u00e4ielik. Nii nagu ka pealkiri \u00fctleb, on tegemist vaid personaalsete arvamuste ja elamustega v\u00e4ga lihtsatest kuni n\u00f5udlikule reisijale meelep\u00e4raste paikadega, mida me [&hellip;]<\/p>\n","protected":false},"author":50,"featured_media":0,"parent":9128,"menu_order":0,"comment_status":"closed","ping_status":"closed","template":"","meta":{"ngg_post_thumbnail":0,"_links_to":"","_links_to_target":""},"yoast_head":"<!-- This site is optimized with the Yoast SEO plugin v16.1.1 - https:\/\/yoast.com\/wordpress\/plugins\/seo\/ -->\n<title>Imre &amp; Martini saladused -<\/title>\n<link rel=\"canonical\" href=\"https:\/\/xn--pdaste-bua.eu\/et\/jalus\/liikmelisus\/imre-martini-saladused\/\" \/>\n<meta property=\"og:locale\" content=\"et_EE\" \/>\n<meta property=\"og:type\" content=\"article\" \/>\n<meta property=\"og:title\" content=\"Imre &amp; Martini saladused -\" \/>\n<meta property=\"og:description\" content=\"Imre Soo\u00e4\u00e4r ja Martin Breuer jagavad meelsasti endi lemmikute soovitusi mujal maailmas. See on nimekiri meie isiklikest lemmikutest, erilistest ja k\u00fclastamist v\u00e4\u00e4rt paikadest. Kindlasti mitte ei ole see loetelu s\u00fcstemaatiline, erapooletu ega ka t\u00e4ielik. Nii nagu ka pealkiri \u00fctleb, on tegemist vaid personaalsete arvamuste ja elamustega v\u00e4ga lihtsatest kuni n\u00f5udlikule reisijale meelep\u00e4raste paikadega, mida me [&hellip;]\" \/>\n<meta property=\"og:url\" content=\"https:\/\/xn--pdaste-bua.eu\/et\/jalus\/liikmelisus\/imre-martini-saladused\/\" \/>\n<meta property=\"article:publisher\" content=\"https:\/\/www.facebook.com\/Padastemanor\/\" \/>\n<meta property=\"article:modified_time\" content=\"2015-08-02T12:57:56+00:00\" \/>\n<meta name=\"twitter:card\" content=\"summary_large_image\" \/>\n<meta name=\"twitter:label1\" content=\"Est. reading time\">\n\t<meta name=\"twitter:data1\" content=\"1 minut\">\n<script type=\"application\/ld+json\" class=\"yoast-schema-graph\">{\"@context\":\"https:\/\/schema.org\",\"@graph\":[{\"@type\":\"Organization\",\"@id\":\"https:\/\/padaste.ee\/#organization\",\"name\":\"P\\u00e4daste M\\u00f5is\",\"url\":\"https:\/\/padaste.ee\/\",\"sameAs\":[\"https:\/\/www.facebook.com\/Padastemanor\/\"],\"logo\":{\"@type\":\"ImageObject\",\"@id\":\"https:\/\/padaste.ee\/#logo\",\"inLanguage\":\"et\",\"url\":\"https:\/\/padaste.ee\/wp-content\/uploads\/2018\/12\/padaste_2011.jpg\",\"contentUrl\":\"https:\/\/padaste.ee\/wp-content\/uploads\/2018\/12\/padaste_2011.jpg\",\"width\":154,\"height\":61,\"caption\":\"P\\u00e4daste M\\u00f5is\"},\"image\":{\"@id\":\"https:\/\/padaste.ee\/#logo\"}},{\"@type\":\"WebSite\",\"@id\":\"https:\/\/padaste.ee\/#website\",\"url\":\"https:\/\/padaste.ee\/\",\"name\":\"\",\"description\":\"\",\"publisher\":{\"@id\":\"https:\/\/padaste.ee\/#organization\"},\"potentialAction\":[{\"@type\":\"SearchAction\",\"target\":\"https:\/\/padaste.ee\/?s={search_term_string}\",\"query-input\":\"required name=search_term_string\"}],\"inLanguage\":\"et\"},{\"@type\":\"WebPage\",\"@id\":\"https:\/\/xn--pdaste-bua.eu\/et\/jalus\/liikmelisus\/imre-martini-saladused\/#webpage\",\"url\":\"https:\/\/xn--pdaste-bua.eu\/et\/jalus\/liikmelisus\/imre-martini-saladused\/\",\"name\":\"Imre & Martini saladused -\",\"isPartOf\":{\"@id\":\"https:\/\/padaste.ee\/#website\"},\"datePublished\":\"2015-08-02T12:57:02+00:00\",\"dateModified\":\"2015-08-02T12:57:56+00:00\",\"breadcrumb\":{\"@id\":\"https:\/\/xn--pdaste-bua.eu\/et\/jalus\/liikmelisus\/imre-martini-saladused\/#breadcrumb\"},\"inLanguage\":\"et\",\"potentialAction\":[{\"@type\":\"ReadAction\",\"target\":[\"https:\/\/xn--pdaste-bua.eu\/et\/jalus\/liikmelisus\/imre-martini-saladused\/\"]}]},{\"@type\":\"BreadcrumbList\",\"@id\":\"https:\/\/xn--pdaste-bua.eu\/et\/jalus\/liikmelisus\/imre-martini-saladused\/#breadcrumb\",\"itemListElement\":[{\"@type\":\"ListItem\",\"position\":1,\"item\":{\"@type\":\"WebPage\",\"@id\":\"https:\/\/padaste.ee\/et\/\",\"url\":\"https:\/\/padaste.ee\/et\/\",\"name\":\"Home\"}},{\"@type\":\"ListItem\",\"position\":2,\"item\":{\"@type\":\"WebPage\",\"@id\":\"https:\/\/padaste.ee\/et\/jalus\/\",\"url\":\"https:\/\/padaste.ee\/et\/jalus\/\",\"name\":\"Jalus\"}},{\"@type\":\"ListItem\",\"position\":3,\"item\":{\"@type\":\"WebPage\",\"@id\":\"https:\/\/xn--pdaste-bua.eu\/et\/jalus\/liikmelisus\/\",\"url\":\"https:\/\/xn--pdaste-bua.eu\/et\/jalus\/liikmelisus\/\",\"name\":\"Liikmelisus\"}},{\"@type\":\"ListItem\",\"position\":4,\"item\":{\"@type\":\"WebPage\",\"@id\":\"https:\/\/xn--pdaste-bua.eu\/et\/jalus\/liikmelisus\/imre-martini-saladused\/\",\"url\":\"https:\/\/xn--pdaste-bua.eu\/et\/jalus\/liikmelisus\/imre-martini-saladused\/\",\"name\":\"Imre &#038; Martini saladused\"}}]}]}<\/script>\n<!-- \/ Yoast SEO plugin. -->","_links":{"self":[{"href":"https:\/\/xn--pdaste-bua.eu\/et\/wp-json\/wp\/v2\/pages\/9132"}],"collection":[{"href":"https:\/\/xn--pdaste-bua.eu\/et\/wp-json\/wp\/v2\/pages"}],"about":[{"href":"https:\/\/xn--pdaste-bua.eu\/et\/wp-json\/wp\/v2\/types\/page"}],"author":[{"embeddable":true,"href":"https:\/\/xn--pdaste-bua.eu\/et\/wp-json\/wp\/v2\/users\/50"}],"replies":[{"embeddable":true,"href":"https:\/\/xn--pdaste-bua.eu\/et\/wp-json\/wp\/v2\/comments?post=9132"}],"version-history":[{"count":0,"href":"https:\/\/xn--pdaste-bua.eu\/et\/wp-json\/wp\/v2\/pages\/9132\/revisions"}],"up":[{"embeddable":true,"href":"https:\/\/xn--pdaste-bua.eu\/et\/wp-json\/wp\/v2\/pages\/9128"}],"wp:attachment":[{"href":"https:\/\/xn--pdaste-bua.eu\/et\/wp-json\/wp\/v2\/media?parent=9132"}],"curies":[{"name":"wp","href":"https:\/\/api.w.org\/{rel}","templated":true}]}}