{"id":9160,"date":"2015-08-02T16:31:06","date_gmt":"2015-08-02T13:31:06","guid":{"rendered":"http:\/\/padastenew.local\/?page_id=9160"},"modified":"2025-06-27T11:07:17","modified_gmt":"2025-06-27T11:07:17","slug":"annulleerimistingimused-uldinfo","status":"publish","type":"page","link":"https:\/\/xn--pdaste-bua.eu\/et\/annulleerimistingimused-uldinfo\/","title":{"rendered":"Annulleerimistingimused &#038; \u00fcldinfo"},"content":{"rendered":"<p><strong><span style=\"color: #ff0000;\">ANNULLEERIMISTINGIMUSED<\/span><\/strong><\/p>\n<p>K\u00f5ikidele meie poolt kinnitatud broneeringutele kehtib annulleerimiskord. Annulleerimistrahv kehtib k\u00f5igile broneeritud ja kinnitatud teenustele, kaasa \u2013 arvatud majutus, toitlustamine, spa- ning muud lisateenused. Broneeringu t\u00fchistamisest palume teatada kirjalikult faksi v\u00f5i emaili teel.<\/p>\n<p>&nbsp;<\/p>\n<p>M\u00f5ndadele eripakkumistele rakenduvad tavap\u00e4rasest erinevad broneerimistingimused ning annulleerimiskord. Broneerimisel palume sellele t\u00e4helepanu p\u00f6\u00f6rata.<\/p>\n<p>&nbsp;<\/p>\n<p><span style=\"color: #ff0000;\"><strong>STANDARDANNULLEERIMISKORD<\/strong><\/span><br \/>\nBroneeringu t\u00fchistamisel kuni 3 n\u00e4dalat enne saabumist annulleerimistrahvi ei rakendata. Broneeringu t\u00fchistamisel kuni n\u00e4dal enne saabumist: annulleerimistrahv 25% broneeritud teenuste maksumusest. Broneeringu t\u00fchistamisel kuni 72 tundi enne saabumist: annulleerimistrahv 50% broneeritud teenuste maksumusest. V\u00e4hem kui 72 tundi enne saabumist t\u00fchistatud broneeringule kehtib annulleerimistrahv 100% broneeritud teenuste maksumusest.<\/p>\n<p>&nbsp;<\/p>\n<p><span style=\"color: #ff0000;\"><strong>BRONEERIMISTINGIMUSED NING ANNULLEERIMISKORD GRUPPIDELE (8 V\u00d5I ENAM TUBA)<\/strong><\/span><\/p>\n<p>I &#8211; esimene ettemaks broneerimise hetkel. Tagame sellest hetkest saadavuse soovitud kuup\u00e4eva(de) jaoks ja broneerime toad ainult teile. Ilma esimese ettemakseta ei saa P\u00e4daste M\u00f5is saadavust garanteerida: Esimene tagastamatu ettemaks 35% ulatuses \u00fcrituse jaoks broneeritud kogumaksumusest (sealhulgas majutus, toitlustamine, spa- ning muud lisateenused)<\/p>\n<p>II &#8211; ettemaks 9 kuud ennem \u00fcrituse toimumist: Teine tagastamatu kumulatiivne ettemaks, mis moodustab 60% \u00fcrituse kogumaksumusest, mis on arvutatud k\u00f5ige hilisema pakkumuse p\u00f5hjal (sealhulgas majutus, toitlustamine, spa- ning muud lisateenused)<\/p>\n<p>III \u2013 ettemaks 6 kuud ennem \u00fcrituse toimumist: Kolmas tagastamatu kumulatiivne ettemaks, mis moodustab 70% \u00fcrituse kogumaksumusest, mis on arvutatud k\u00f5ige hilisema pakkumuse p\u00f5hjal (sealhulgas majutus, toitlustamine, spa- ning muud lisateenused)<\/p>\n<p>IV &#8211; ettemaks 3 kuud ennem \u00fcrituse toimumist: Neljas tagastamatu kumulatiivne ettemaks, mis moodustab 80% \u00fcrituse kogumaksumusest, mis on arvutatud k\u00f5ige hilisema pakkumuse p\u00f5hjal (sealhulgas majutus, toitlustamine, spa- ning muud lisateenused)<\/p>\n<p>V &#8211; ettemaks 1 kuu ennem \u00fcrituse toimumist: Viies tagastamatu kumulatiivne ettemaks, mis moodustab 100% \u00fcrituse kogumaksumusest, mis on arvutatud k\u00f5ige hilisema pakkumuse p\u00f5hjal (sealhulgas majutus, toitlustamine, spa- ning muud lisateenused)<\/p>\n<p>VI \u2013 k\u00f5igi v\u00f5imalike tekkivate lisateenuste garanteerimine krediitkaardiga ennem \u00fcritust. Tasumine vahetult peale \u00fcritust hotellist lahkudes, v\u00f5i arvega 7 p\u00e4eva jooksul, kui on eelnevalt kinnitatud krediidikinnitus: Viimane makse 100% ulatuses kohapeal tarbitud v\u00f5i kohapeal osutatud lisateenustest, mis on tekkinud pakkumuse v\u00e4liselt<\/p>\n<p>&nbsp;<\/p>\n<p>\nK\u00f5ikidele meie poolt kinnitatud broneeringutele kehtib annulleerimiskord: Broneeringu t\u00fchistamisel kuni 9 kuud enne \u00fcrituse toimumist annulleerimistrahv 35% broneeritud&nbsp; maksumusest; broneeringu t\u00fchistamisel kuni 6 kuud enne \u00fcrituse toimumist: annulleerimistrahv 60% broneeritud maksumusest; broneeringu t\u00fchistamisel kuni 3 kuud enne \u00fcrituse toimumist: annulleerimistrahv 70% broneeritud maksumuses; broneeringu t\u00fchistamisel kuni 1 kuud enne \u00fcrituse toimumist: annulleerimistrahv 80% broneeritud maksumuses v\u00e4hem kui 1 kuu enne \u00fcrituse toimumist t\u00fchistatud broneeringule kehtib annulleerimistrahv 100% broneeritud teenuste maksumusest. Annulleerimistrahv kehtib k\u00f5igile broneeritud ja kinnitatud teenustele, kaasaarvatud majutus, toitlustamine, spa- ning muud lisateenused. Broneeringu t\u00fchistamisest palume teatada kirjalikult faksi v\u00f5i emaili teel.<\/p>\n<p>&nbsp;<\/p>\n<p><span style=\"color: #ff0000;\"><strong>BRONEERIMISTINGIMUSED NING ANNULLEERIMISKORD EKSKLUSIIVSE KASUTUSE KORRAL<\/strong><\/span><\/p>\n<p>I &#8211; esimene ettemaks broneerimise hetkel. Tagame sellest hetkest saadavuse soovitud kuup\u00e4eva(de) jaoks ja broneerime toad ainult teile. Ilma esimese ettemakseta ei saa P\u00e4daste M\u00f5is saadavust garanteerida: Esimene tagastamatu ettemaks 35% ulatuses \u00fcrituse jaoks broneeritud kogumaksumusest (sealhulgas majutus, toitlustamine, spa- ning muud lisateenused)<\/p>\n<p>II &#8211; ettemaks 9 kuud ennem \u00fcrituse toimumist: Teine tagastamatu kumulatiivne ettemaks, mis moodustab 60% \u00fcrituse kogumaksumusest, mis on arvutatud k\u00f5ige hilisema pakkumuse p\u00f5hjal (sealhulgas majutus, toitlustamine, spa- ning muud lisateenused)<\/p>\n<p>III \u2013 ettemaks 6 kuud ennem \u00fcrituse toimumist: Kolmas tagastamatu kumulatiivne ettemaks, mis moodustab 70% \u00fcrituse kogumaksumusest, mis on arvutatud k\u00f5ige hilisema pakkumuse p\u00f5hjal (sealhulgas majutus, toitlustamine, spa- ning muud lisateenused)<\/p>\n<p>IV &#8211; ettemaks 3 kuud ennem \u00fcrituse toimumist: Neljas tagastamatu kumulatiivne ettemaks, mis moodustab 80% \u00fcrituse kogumaksumusest, mis on arvutatud k\u00f5ige hilisema pakkumuse p\u00f5hjal (sealhulgas majutus, toitlustamine, spa- ning muud lisateenused)<\/p>\n<p>V &#8211; ettemaks 1 kuu ennem \u00fcrituse toimumist: Viies tagastamatu kumulatiivne ettemaks, mis moodustab 100% \u00fcrituse kogumaksumusest, mis on arvutatud k\u00f5ige hilisema pakkumuse p\u00f5hjal (sealhulgas majutus, toitlustamine, spa- ning muud lisateenused)<\/p>\n<p>VI \u2013 k\u00f5igi v\u00f5imalike tekkivate lisateenuste garanteerimine krediitkaardiga ennem \u00fcritust. Tasumine vahetult peale \u00fcritust hotellist lahkudes, v\u00f5i arvega 7 p\u00e4eva jooksul, kui on eelnevalt kinnitatud krediidikinnitus: Viimane makse 100% ulatuses kohapeal tarbitud v\u00f5i kohapeal osutatud lisateenustest, mis on tekkinud pakkumuse v\u00e4liselt<\/p>\n<p>&nbsp;<\/p>\n<p>\nK\u00f5ikidele meie poolt kinnitatud broneeringutele kehtib annulleerimiskord: Broneeringu t\u00fchistamisel kuni 9 kuud enne \u00fcrituse toimumist annulleerimistrahv 35% broneeritud&nbsp; maksumusest; broneeringu t\u00fchistamisel kuni 6 kuud enne \u00fcrituse toimumist: annulleerimistrahv 60% broneeritud maksumusest; broneeringu t\u00fchistamisel kuni 3 kuud enne \u00fcrituse toimumist: annulleerimistrahv 70% broneeritud maksumuses; broneeringu t\u00fchistamisel kuni 1 kuud enne \u00fcrituse toimumist: annulleerimistrahv 80% broneeritud maksumuses v\u00e4hem kui 1 kuu enne \u00fcrituse toimumist t\u00fchistatud broneeringule kehtib annulleerimistrahv 100% broneeritud teenuste maksumusest. Annulleerimistrahv kehtib k\u00f5igile broneeritud ja kinnitatud teenustele, kaasaarvatud majutus, toitlustamine, spa- ning muud lisateenused. Broneeringu t\u00fchistamisest palume teatada kirjalikult faksi v\u00f5i emaili teel.<\/p>\n<p>&nbsp;<\/p>\n<p>&nbsp;<\/p>\n<p><span style=\"color: #ff0000;\"><strong>K\u00dcLALISTE ARV<\/strong><\/span><br \/>\nBroneeritud k\u00fclaliste arvu v\u00f5ib 24 tundi ennem saabumist muuta maksimaalselt 20% \u00fclespoole v\u00f5i allapoole.<\/p>\n<p>&nbsp;<\/p>\n<p>\n<strong><span style=\"color: #ff0000;\">SAABUMISAJA MUUTMINE<\/span><\/strong><br \/>\nKinnitatud broneeringute muutused palume edastada emaili teel v\u00e4hemalt 24 tundi ette. Anname endast k\u00f5ik et teie soovile vastu tulla kuid ei saa garanteerida vabu kohti<\/p>\n<p>&nbsp;<\/p>\n<p>\n<strong><span style=\"color: #ff0000;\">VARAJASED SAABUJAD JA HILINEMISED<\/span><\/strong><br \/>\nBroneeritud lauad on saadaval alates kinnitatud saabumisajast. Varajase saabumise puhul palume teilt m\u00f5istvat suhtumist kui me ei saa teie grupile koheselt kohti pakkuda. Hilinemise korral hoiame kohti teie grupile maksimaalselt 30 minutit. Juhul kui grupp hilineb rohkem kui 30 minutit, EI saa me enam vabu kohti garanteerida ning need v\u00f5idakse anda teistele k\u00fclalistele. Juhul kui me ei saa grupile pakkuda vabu kohti grupi&nbsp; 30 minutilise hilinemise t\u00f5ttu, siis j\u00e4tame me endale \u00f5iguse teha arve broneeringu t\u00e4ismaksumuse peale isegi kui me ei saanud teie gruppi v\u00f5\u00f5rustada.<\/p>\n<p>&nbsp;<\/p>\n<p><strong><span style=\"color: #ff0000;\">BRONEERIMISE JA T\u00dcHISTAMIS INFO ALEXANDER RESTORANIS<\/span><br \/>\n<\/strong>Reserveeringutele Alexander restoranis P\u00e4daste M\u00f5isas kehtib&nbsp;\u00fcldine <a href=\"https:\/\/www.padaste.ee\/wp-content\/uploads\/2022\/05\/reservation-and-cancellation-policy-alexander-restaurant-2022_est-2.pdf\" target=\"_blank\" rel=\"noopener noreferrer\">broneeringute info ja t\u00fchistamiseeskirjad<\/a>.<\/p>\n<p>&nbsp;<\/p>\n<p><strong><span style=\"color: #ff0000;\"> P\u00c4DASTE JAHTKLUBI BRONEERIMIS- JA ANNULLEERIMISKORD SUUREMATELE GRUPPIDELE<\/span><br \/>\n<\/strong>Seitsmele ja enamale k\u00fclalisele tehtud broneeringutele kehtib <a title=\"Meremaja Terrassi gruppide broneerimis- ja annulleerimiskord\" href=\"https:\/\/www.padaste.ee\/wp-content\/uploads\/2022\/05\/padaste-yacht-club-reservation-and-cancellation-policy-2022-est.pdf\" target=\"_blank\" rel=\"noopener noreferrer\">P\u00e4daste Jahtklubi gruppide broneerimis- ja annulleerimiskord<\/a>.<\/p>\n<p><strong><br \/>\n<span style=\"color: #ff0000;\">KESKONNAS\u00c4\u00c4STLIKU TURISMI P\u00d5HIM\u00d5TTED<\/span><\/strong><\/p>\n<p>P\u00e4daste M\u00f5isa asub keset puutumata loodust, parke, metsasid ja looduskaitse all olevat rannajoont. M\u00f5isa maa-alad on tuntud mitmekesise looduse ja eluvormide poolest,&nbsp; alates esimesest avamisp\u00e4evast 1997. aastal oleme p\u00fc\u00fcdnud anda parima hoidmaks seda kaunist puutumatust endi \u00fcmber ja s\u00e4ilitada Muhu ainulaadset kultuuri, tavasid.<\/p>\n<p>&nbsp;<\/p>\n<p>Sedasama keskonna s\u00e4\u00e4stmise ja hoidmise p\u00f5him\u00f5tet kanname ka igap\u00e4evases t\u00f6\u00f6s \u00fche peamise v\u00e4\u00e4rtusena.<br \/>\nToiduvalmistamisel eelistame alati kasutada kohalikku toodangut ja peame silmas hooajalist v\u00e4rskust. Edendame seel\u00e4bi kohalikku p\u00f5llumajandust ja kasvatame valikut salatitest ja k\u00f6\u00f6giviljadest ka omas aias m\u00f5isa territoorumil. Juba aastaid oleme kasutanud k\u00f5ikides hoonetes maak\u00fctet.<\/p>\n<p>&nbsp;<\/p>\n<p>Igap\u00e4evases t\u00f6\u00f6s hindame k\u00f5rgelt ja anname parima toetamaks kohalike&nbsp; k\u00e4sit\u00f6\u00f6liste ja kunstnike t\u00f6\u00f6d, nii nagu ka saare rahvuslike traditsioonide j\u00e4tkumist.<\/p>\n<p>&nbsp;<\/p>\n<p>\u00dche Muhu Turismiassotsiatsiooni asutajaliikmena toetame p\u00fcsivalt keskkonnas\u00e4\u00e4stliku turismi p\u00f5him\u00f5tteid ja pooldame igap\u00e4evaselt suurteks tegudeks koonduvaid v\u00e4ikeseid edusamme.<\/p>\n<p>&nbsp;<\/p>\n<p><span style=\"color: #ff0000;\"><strong>IMIKUTE JA LASTE EESKIRJAD&nbsp;ALEXANDER RESTORANIS<\/strong><\/span><\/p>\n<p>Tagamaks k\u00f5ikide k\u00fclaliste rahulolu, oleme \u00f5htus\u00f6\u00f6gi ajaks seadnud restoranis lastele teatud piirangud,<br \/>\npalun tutvuge&nbsp;<a title=\"Imikute ja laste eeskirjad \u00f5htus\u00f6\u00f6gi aegu Alexander restoranis\" href=\"https:\/\/www.padaste.ee\/wp-content\/uploads\/2022\/11\/imikute-ja-laste-eeskiri-restoranis-alexander-2023.pdf\" target=\"_blank\" rel=\"noopener noreferrer\">imikute ja laste eeskirjaga<\/a> l\u00e4hemalt.<\/p>\n<p><span style=\"color: #ff0000;\"><strong>LEMMIKLOOMAD&nbsp;<\/strong><\/span><\/p>\n<p>P\u00e4daste M\u00f5isas tervitame h\u00e4sti k\u00e4ituvaid koeri. Koerad ei ole lubatud restoranis Alexander ega P\u00e4daste Spaas. Lemmiklooma majutamise eest kajastub lisatasu. Koertele asetame numbrituppa mugava koertepadja ning joogikausi; kinnitame teile, et teie neljajalgne s\u00f5ber naudib t\u00e4helepanu, mille osaliseks ta P\u00e4dastes saab. Muud koduloomad palume koju hoidja hoolde j\u00e4tta.<\/p>\n","protected":false},"excerpt":{"rendered":"<p>ANNULLEERIMISTINGIMUSED K\u00f5ikidele meie poolt kinnitatud broneeringutele kehtib annulleerimiskord. Annulleerimistrahv kehtib k\u00f5igile broneeritud ja kinnitatud teenustele, kaasa \u2013 arvatud majutus, toitlustamine, spa- ning muud lisateenused. Broneeringu t\u00fchistamisest palume teatada kirjalikult faksi v\u00f5i emaili teel. &nbsp; M\u00f5ndadele eripakkumistele rakenduvad tavap\u00e4rasest erinevad broneerimistingimused ning annulleerimiskord. Broneerimisel palume sellele t\u00e4helepanu p\u00f6\u00f6rata. &nbsp; STANDARDANNULLEERIMISKORD Broneeringu t\u00fchistamisel kuni 3 n\u00e4dalat enne [&hellip;]<\/p>\n","protected":false},"author":50,"featured_media":0,"parent":0,"menu_order":108,"comment_status":"closed","ping_status":"closed","template":"","meta":{"ngg_post_thumbnail":0,"_links_to":"","_links_to_target":""},"yoast_head":"<!-- This site is optimized with the Yoast SEO plugin v16.1.1 - https:\/\/yoast.com\/wordpress\/plugins\/seo\/ -->\n<title>Annulleerimistingimused &amp; \u00fcldinfo -<\/title>\n<link rel=\"canonical\" href=\"https:\/\/padaste.ee\/et\/annulleerimistingimused-uldinfo\/\" \/>\n<meta property=\"og:locale\" content=\"et_EE\" \/>\n<meta property=\"og:type\" content=\"article\" \/>\n<meta property=\"og:title\" content=\"Annulleerimistingimused &amp; \u00fcldinfo -\" \/>\n<meta property=\"og:description\" content=\"ANNULLEERIMISTINGIMUSED K\u00f5ikidele meie poolt kinnitatud broneeringutele kehtib annulleerimiskord. Annulleerimistrahv kehtib k\u00f5igile broneeritud ja kinnitatud teenustele, kaasa \u2013 arvatud majutus, toitlustamine, spa- ning muud lisateenused. Broneeringu t\u00fchistamisest palume teatada kirjalikult faksi v\u00f5i emaili teel. &nbsp; M\u00f5ndadele eripakkumistele rakenduvad tavap\u00e4rasest erinevad broneerimistingimused ning annulleerimiskord. Broneerimisel palume sellele t\u00e4helepanu p\u00f6\u00f6rata. &nbsp; STANDARDANNULLEERIMISKORD Broneeringu t\u00fchistamisel kuni 3 n\u00e4dalat enne [&hellip;]\" \/>\n<meta property=\"og:url\" content=\"https:\/\/padaste.ee\/et\/annulleerimistingimused-uldinfo\/\" \/>\n<meta property=\"article:publisher\" content=\"https:\/\/www.facebook.com\/Padastemanor\/\" \/>\n<meta property=\"article:modified_time\" content=\"2025-06-27T11:07:17+00:00\" \/>\n<meta name=\"twitter:card\" content=\"summary_large_image\" \/>\n<meta name=\"twitter:label1\" content=\"Est. reading time\">\n\t<meta name=\"twitter:data1\" content=\"5 minutit\">\n<script type=\"application\/ld+json\" class=\"yoast-schema-graph\">{\"@context\":\"https:\/\/schema.org\",\"@graph\":[{\"@type\":\"Organization\",\"@id\":\"https:\/\/padaste.ee\/#organization\",\"name\":\"P\\u00e4daste M\\u00f5is\",\"url\":\"https:\/\/padaste.ee\/\",\"sameAs\":[\"https:\/\/www.facebook.com\/Padastemanor\/\"],\"logo\":{\"@type\":\"ImageObject\",\"@id\":\"https:\/\/padaste.ee\/#logo\",\"inLanguage\":\"et\",\"url\":\"https:\/\/padaste.ee\/wp-content\/uploads\/2018\/12\/padaste_2011.jpg\",\"contentUrl\":\"https:\/\/padaste.ee\/wp-content\/uploads\/2018\/12\/padaste_2011.jpg\",\"width\":154,\"height\":61,\"caption\":\"P\\u00e4daste M\\u00f5is\"},\"image\":{\"@id\":\"https:\/\/padaste.ee\/#logo\"}},{\"@type\":\"WebSite\",\"@id\":\"https:\/\/padaste.ee\/#website\",\"url\":\"https:\/\/padaste.ee\/\",\"name\":\"\",\"description\":\"\",\"publisher\":{\"@id\":\"https:\/\/padaste.ee\/#organization\"},\"potentialAction\":[{\"@type\":\"SearchAction\",\"target\":\"https:\/\/padaste.ee\/?s={search_term_string}\",\"query-input\":\"required name=search_term_string\"}],\"inLanguage\":\"et\"},{\"@type\":\"WebPage\",\"@id\":\"https:\/\/padaste.ee\/et\/annulleerimistingimused-uldinfo\/#webpage\",\"url\":\"https:\/\/padaste.ee\/et\/annulleerimistingimused-uldinfo\/\",\"name\":\"Annulleerimistingimused & \\u00fcldinfo -\",\"isPartOf\":{\"@id\":\"https:\/\/padaste.ee\/#website\"},\"datePublished\":\"2015-08-02T13:31:06+00:00\",\"dateModified\":\"2025-06-27T11:07:17+00:00\",\"breadcrumb\":{\"@id\":\"https:\/\/padaste.ee\/et\/annulleerimistingimused-uldinfo\/#breadcrumb\"},\"inLanguage\":\"et\",\"potentialAction\":[{\"@type\":\"ReadAction\",\"target\":[\"https:\/\/padaste.ee\/et\/annulleerimistingimused-uldinfo\/\"]}]},{\"@type\":\"BreadcrumbList\",\"@id\":\"https:\/\/padaste.ee\/et\/annulleerimistingimused-uldinfo\/#breadcrumb\",\"itemListElement\":[{\"@type\":\"ListItem\",\"position\":1,\"item\":{\"@type\":\"WebPage\",\"@id\":\"https:\/\/xn--pdaste-bua.eu\/et\/\",\"url\":\"https:\/\/xn--pdaste-bua.eu\/et\/\",\"name\":\"Home\"}},{\"@type\":\"ListItem\",\"position\":2,\"item\":{\"@type\":\"WebPage\",\"@id\":\"https:\/\/padaste.ee\/et\/annulleerimistingimused-uldinfo\/\",\"url\":\"https:\/\/padaste.ee\/et\/annulleerimistingimused-uldinfo\/\",\"name\":\"Annulleerimistingimused &#038; \\u00fcldinfo\"}}]}]}<\/script>\n<!-- \/ Yoast SEO plugin. -->","_links":{"self":[{"href":"https:\/\/xn--pdaste-bua.eu\/et\/wp-json\/wp\/v2\/pages\/9160"}],"collection":[{"href":"https:\/\/xn--pdaste-bua.eu\/et\/wp-json\/wp\/v2\/pages"}],"about":[{"href":"https:\/\/xn--pdaste-bua.eu\/et\/wp-json\/wp\/v2\/types\/page"}],"author":[{"embeddable":true,"href":"https:\/\/xn--pdaste-bua.eu\/et\/wp-json\/wp\/v2\/users\/50"}],"replies":[{"embeddable":true,"href":"https:\/\/xn--pdaste-bua.eu\/et\/wp-json\/wp\/v2\/comments?post=9160"}],"version-history":[{"count":33,"href":"https:\/\/xn--pdaste-bua.eu\/et\/wp-json\/wp\/v2\/pages\/9160\/revisions"}],"predecessor-version":[{"id":19930,"href":"https:\/\/xn--pdaste-bua.eu\/et\/wp-json\/wp\/v2\/pages\/9160\/revisions\/19930"}],"wp:attachment":[{"href":"https:\/\/xn--pdaste-bua.eu\/et\/wp-json\/wp\/v2\/media?parent=9160"}],"curies":[{"name":"wp","href":"https:\/\/api.w.org\/{rel}","templated":true}]}}